{"id":884,"date":"2021-05-20T13:23:02","date_gmt":"2021-05-20T11:23:02","guid":{"rendered":"http:\/\/suryn.pl\/?page_id=884"},"modified":"2021-05-26T19:03:16","modified_gmt":"2021-05-26T17:03:16","slug":"nagrania-audio","status":"publish","type":"page","link":"https:\/\/suryn.pl\/index.php\/nagrania-audio\/","title":{"rendered":"Audio"},"content":{"rendered":"\n<div style=\"height:27px\" aria-hidden=\"true\" class=\"wp-block-spacer\"><\/div>\n\n\n\n<p>COLLAGE IMAGE 1994<\/p>\n\n\n\n<p>Czechowski i Suryn<\/p>\n\n\n\n<figure class=\"wp-block-audio\"><audio controls src=\"http:\/\/suryn.pl\/wp-content\/uploads\/2021\/05\/latecki_suryn_Miasta-czarne-dziury.mp3\"><\/audio><\/figure>\n\n\n\n<div style=\"height:46px\" aria-hidden=\"true\" class=\"wp-block-spacer\"><\/div>\n\n\n\n<figure class=\"wp-block-image size-thumbnail is-resized is-style-default\"><img loading=\"lazy\" decoding=\"async\" src=\"http:\/\/suryn.pl\/wp-content\/uploads\/2021\/05\/94-150x150.jpg\" alt=\"\" class=\"wp-image-1473\" width=\"419\" height=\"419\" srcset=\"https:\/\/suryn.pl\/wp-content\/uploads\/2021\/05\/94-150x150.jpg 150w, https:\/\/suryn.pl\/wp-content\/uploads\/2021\/05\/94-340x340.jpg 340w\" sizes=\"auto, (max-width: 419px) 100vw, 419px\" \/><\/figure>\n\n\n\n<div style=\"height:100px\" aria-hidden=\"true\" class=\"wp-block-spacer\"><\/div>\n\n\n\n<p>COLLAGE IMAGE 1994<\/p>\n\n\n\n<p>Czechowski i Suryn<\/p>\n\n\n\n<figure class=\"wp-block-audio\"><audio controls src=\"http:\/\/suryn.pl\/wp-content\/uploads\/2021\/05\/latecki_suryn_Magia.mp3\"><\/audio><\/figure>\n\n\n\n<div style=\"height:41px\" aria-hidden=\"true\" class=\"wp-block-spacer\"><\/div>\n\n\n\n<figure class=\"wp-block-image size-large\"><img loading=\"lazy\" decoding=\"async\" width=\"414\" height=\"414\" src=\"http:\/\/suryn.pl\/wp-content\/uploads\/2021\/05\/116867344_3248180671929556_1851502917649382258_n-1.jpg\" alt=\"\" class=\"wp-image-1478\" srcset=\"https:\/\/suryn.pl\/wp-content\/uploads\/2021\/05\/116867344_3248180671929556_1851502917649382258_n-1.jpg 414w, https:\/\/suryn.pl\/wp-content\/uploads\/2021\/05\/116867344_3248180671929556_1851502917649382258_n-1-300x300.jpg 300w, https:\/\/suryn.pl\/wp-content\/uploads\/2021\/05\/116867344_3248180671929556_1851502917649382258_n-1-150x150.jpg 150w, https:\/\/suryn.pl\/wp-content\/uploads\/2021\/05\/116867344_3248180671929556_1851502917649382258_n-1-340x340.jpg 340w\" sizes=\"auto, (max-width: 414px) 100vw, 414px\" \/><\/figure>\n\n\n\n<div style=\"height:71px\" aria-hidden=\"true\" class=\"wp-block-spacer\"><\/div>\n\n\n\n<figure class=\"wp-block-image size-large is-resized\"><img loading=\"lazy\" decoding=\"async\" src=\"http:\/\/suryn.pl\/wp-content\/uploads\/2021\/05\/191409084_2983160935301441_6713877306886032659_n-1024x768.jpg\" alt=\"\" class=\"wp-image-1577\" width=\"423\" height=\"318\" srcset=\"https:\/\/suryn.pl\/wp-content\/uploads\/2021\/05\/191409084_2983160935301441_6713877306886032659_n-1024x768.jpg 1024w, https:\/\/suryn.pl\/wp-content\/uploads\/2021\/05\/191409084_2983160935301441_6713877306886032659_n-300x225.jpg 300w, https:\/\/suryn.pl\/wp-content\/uploads\/2021\/05\/191409084_2983160935301441_6713877306886032659_n-768x576.jpg 768w, https:\/\/suryn.pl\/wp-content\/uploads\/2021\/05\/191409084_2983160935301441_6713877306886032659_n-453x340.jpg 453w, https:\/\/suryn.pl\/wp-content\/uploads\/2021\/05\/191409084_2983160935301441_6713877306886032659_n.jpg 1440w\" sizes=\"auto, (max-width: 423px) 100vw, 423px\" \/><figcaption>To jest Waldek Czechowski w swetrze Suryna. Ju\u017c przesz\u0142o 20 lat jak Andrzej po drugiej stronie, a sweter ci\u0105gle po tej i ci\u0105gle s\u0142u\u017cy. <\/figcaption><\/figure>\n","protected":false},"excerpt":{"rendered":"<p>COLLAGE IMAGE 1994 Czechowski i Suryn COLLAGE IMAGE 1994 Czechowski i Suryn<\/p>\n","protected":false},"author":1,"featured_media":0,"parent":0,"menu_order":0,"comment_status":"closed","ping_status":"closed","template":"","meta":{"footnotes":""},"class_list":["post-884","page","type-page","status-publish","hentry"],"_links":{"self":[{"href":"https:\/\/suryn.pl\/index.php\/wp-json\/wp\/v2\/pages\/884","targetHints":{"allow":["GET"]}}],"collection":[{"href":"https:\/\/suryn.pl\/index.php\/wp-json\/wp\/v2\/pages"}],"about":[{"href":"https:\/\/suryn.pl\/index.php\/wp-json\/wp\/v2\/types\/page"}],"author":[{"embeddable":true,"href":"https:\/\/suryn.pl\/index.php\/wp-json\/wp\/v2\/users\/1"}],"replies":[{"embeddable":true,"href":"https:\/\/suryn.pl\/index.php\/wp-json\/wp\/v2\/comments?post=884"}],"version-history":[{"count":34,"href":"https:\/\/suryn.pl\/index.php\/wp-json\/wp\/v2\/pages\/884\/revisions"}],"predecessor-version":[{"id":1579,"href":"https:\/\/suryn.pl\/index.php\/wp-json\/wp\/v2\/pages\/884\/revisions\/1579"}],"wp:attachment":[{"href":"https:\/\/suryn.pl\/index.php\/wp-json\/wp\/v2\/media?parent=884"}],"curies":[{"name":"wp","href":"https:\/\/api.w.org\/{rel}","templated":true}]}}