{"id":872,"date":"2021-05-19T20:25:33","date_gmt":"2021-05-19T18:25:33","guid":{"rendered":"http:\/\/suryn.pl\/?page_id=872"},"modified":"2026-04-10T14:00:07","modified_gmt":"2026-04-10T12:00:07","slug":"witaj","status":"publish","type":"page","link":"https:\/\/suryn.pl\/","title":{"rendered":"O stronie"},"content":{"rendered":"\n<p>Ta strona po\u015bwi\u0119cona jest Andrzejowi Sulima-Surynowi (1952-1998).<\/p>\n\n\n\n<p>Tre\u015bci\u0105 strony jest ksi\u0105\u017cka o Nim oraz najwi\u0119kszy dost\u0119pny w internecie zbi\u00f3r Jego wierszy. Ksi\u0105\u017cka nosi tytu\u0142 &#8220;Znikam, by rosn\u0105\u0107&#8221;. Napisa\u0142am j\u0105 na podstawie rozm\u00f3w przeprowadzonych z licznymi przyjaci\u00f3\u0142mi Suryna. List\u0119 os\u00f3b, z kt\u00f3rymi rozmawia\u0142am znajdziecie na ko\u0144cu ksi\u0105\u017cki. <\/p>\n\n\n\n<p>Zak\u0142adk\u0119 z wierszami co jaki\u015b czas aktualizuj\u0119, gdy uda mi si\u0119 dotrze\u0107 do kolejnych utwor\u00f3w. <\/p>\n\n\n\n<p>Na stronie znajdziecie te\u017c galeri\u0119 rysunk\u00f3w i zdj\u0119\u0107.<\/p>\n\n\n\n<p>Rarytasem s\u0105 nagrania audio skomponowane i nagrane przez Waldka Czechowskiego, na kt\u00f3rych Andrzej czyta swoje wiersze i zapiski z notes\u00f3w.&nbsp;&nbsp;<\/p>\n\n\n\n<p><\/p>\n\n\n\n<p>Zapraszam, Anna Kuglin<\/p>\n\n\n\n<p><\/p>\n\n\n\n<p><\/p>\n\n\n\n<div style=\"height:74px\" aria-hidden=\"true\" class=\"wp-block-spacer\"><\/div>\n\n\n\n<p><\/p>\n\n\n\n<p><\/p>\n\n\n\n<figure class=\"wp-block-image size-large is-resized\"><img loading=\"lazy\" decoding=\"async\" width=\"559\" height=\"340\" src=\"http:\/\/suryn.pl\/wp-content\/uploads\/2021\/05\/image-1-559x340-1.png\" alt=\"\" class=\"wp-image-1554\" style=\"width:420px;height:255px\" srcset=\"https:\/\/suryn.pl\/wp-content\/uploads\/2021\/05\/image-1-559x340-1.png 559w, https:\/\/suryn.pl\/wp-content\/uploads\/2021\/05\/image-1-559x340-1-300x182.png 300w\" sizes=\"auto, (max-width: 559px) 100vw, 559px\" \/><\/figure>\n\n\n\n<div style=\"height:227px\" aria-hidden=\"true\" class=\"wp-block-spacer\"><\/div>\n\n\n\n<p><\/p>\n","protected":false},"excerpt":{"rendered":"<p>Ta strona po\u015bwi\u0119cona jest Andrzejowi Sulima-Surynowi (1952-1998). Tre\u015bci\u0105 strony jest ksi\u0105\u017cka o Nim oraz najwi\u0119kszy dost\u0119pny w internecie zbi\u00f3r Jego wierszy. Ksi\u0105\u017cka nosi tytu\u0142 &#8220;Znikam, by rosn\u0105\u0107&#8221;. Napisa\u0142am j\u0105 na podstawie rozm\u00f3w przeprowadzonych z licznymi przyjaci\u00f3\u0142mi Suryna. List\u0119 os\u00f3b, z kt\u00f3rymi rozmawia\u0142am znajdziecie na ko\u0144cu ksi\u0105\u017cki. Zak\u0142adk\u0119 z wierszami co jaki\u015b czas aktualizuj\u0119, gdy uda mi si\u0119 dotrze\u0107 do kolejnych &#8230;<\/p>\n","protected":false},"author":1,"featured_media":0,"parent":0,"menu_order":0,"comment_status":"closed","ping_status":"closed","template":"","meta":{"footnotes":""},"class_list":["post-872","page","type-page","status-publish","hentry"],"_links":{"self":[{"href":"https:\/\/suryn.pl\/index.php\/wp-json\/wp\/v2\/pages\/872","targetHints":{"allow":["GET"]}}],"collection":[{"href":"https:\/\/suryn.pl\/index.php\/wp-json\/wp\/v2\/pages"}],"about":[{"href":"https:\/\/suryn.pl\/index.php\/wp-json\/wp\/v2\/types\/page"}],"author":[{"embeddable":true,"href":"https:\/\/suryn.pl\/index.php\/wp-json\/wp\/v2\/users\/1"}],"replies":[{"embeddable":true,"href":"https:\/\/suryn.pl\/index.php\/wp-json\/wp\/v2\/comments?post=872"}],"version-history":[{"count":35,"href":"https:\/\/suryn.pl\/index.php\/wp-json\/wp\/v2\/pages\/872\/revisions"}],"predecessor-version":[{"id":3222,"href":"https:\/\/suryn.pl\/index.php\/wp-json\/wp\/v2\/pages\/872\/revisions\/3222"}],"wp:attachment":[{"href":"https:\/\/suryn.pl\/index.php\/wp-json\/wp\/v2\/media?parent=872"}],"curies":[{"name":"wp","href":"https:\/\/api.w.org\/{rel}","templated":true}]}}