{"id":703,"date":"2021-05-19T13:23:32","date_gmt":"2021-05-19T11:23:32","guid":{"rendered":"http:\/\/suryn.pl\/?page_id=703"},"modified":"2021-05-20T19:56:33","modified_gmt":"2021-05-20T17:56:33","slug":"strona-218-i-219","status":"publish","type":"page","link":"https:\/\/suryn.pl\/index.php\/strona-218-i-219\/","title":{"rendered":"Strona 218 i 219"},"content":{"rendered":"\n<pre class=\"wp-block-verse\" style=\"font-size:17px\"><strong>oto<\/strong>\n&nbsp;\noto droga\ntwojego imienia\njest taka jak my\u015blisz\ni jedyna\nnie mo\u017cesz zab\u0142\u0105dzi\u0107\nb\u0142\u0105dzenie jest drog\u0105\nnie mo\u017cesz zawr\u00f3ci\u0107\ntam ju\u017c nic nie ma\nnie mo\u017cesz si\u0119 zatrzyma\u0107\nbo nie mo\u017cesz si\u0119 zatrzyma\u0107\n<\/pre>\n\n\n\n<div style=\"height:100px\" aria-hidden=\"true\" class=\"wp-block-spacer\"><\/div>\n\n\n\n<div style=\"height:100px\" aria-hidden=\"true\" class=\"wp-block-spacer\"><\/div>\n\n\n\n<pre class=\"wp-block-verse\" style=\"font-size:17px\"><strong>***<\/strong>\nobudzi\u0142em si\u0119 wcze\u015bnie\ngotowy do przyj\u0119cia Twoich znak\u00f3w\nmg\u0142a tch\u00f3rzliwie pozbywa\u0142a si\u0119 tajemnic\nraj jest dla czuwaj\u0105cych \u2013 powiedzia\u0142e\u015b\nnie p\u0142osz\u0105c ptak\u00f3w\n\n<\/pre>\n\n\n\n<p class=\"has-text-align-right\"><a href=\"http:\/\/suryn.pl\/index.php\/strona-216-i-217\/\" data-type=\"URL\" data-id=\"http:\/\/suryn.pl\/index.php\/strona-216-i-217\/\">Poprzednia<\/a>&nbsp; <a href=\"http:\/\/suryn.pl\/index.php\/strona-220-i-221\/\" data-type=\"URL\" data-id=\"http:\/\/suryn.pl\/index.php\/strona-220-i-221\/\">Nast\u0119pna<\/a><\/p>\n\n\n\n<div style=\"height:100px\" aria-hidden=\"true\" class=\"wp-block-spacer\"><\/div>\n\n\n\n<div style=\"height:100px\" aria-hidden=\"true\" class=\"wp-block-spacer\"><\/div>\n\n\n\n<div style=\"height:100px\" aria-hidden=\"true\" class=\"wp-block-spacer\"><\/div>\n","protected":false},"excerpt":{"rendered":"<p>oto &nbsp; oto droga twojego imienia jest taka jak my\u015blisz i jedyna nie mo\u017cesz zab\u0142\u0105dzi\u0107 b\u0142\u0105dzenie jest drog\u0105 nie mo\u017cesz zawr\u00f3ci\u0107 tam ju\u017c nic nie ma nie mo\u017cesz si\u0119 zatrzyma\u0107 bo nie mo\u017cesz si\u0119 zatrzyma\u0107 *** obudzi\u0142em si\u0119 wcze\u015bnie gotowy do przyj\u0119cia Twoich znak\u00f3w mg\u0142a tch\u00f3rzliwie pozbywa\u0142a si\u0119 tajemnic raj jest dla czuwaj\u0105cych \u2013 powiedzia\u0142e\u015b nie p\u0142osz\u0105c ptak\u00f3w Poprzednia&nbsp; Nast\u0119pna<\/p>\n","protected":false},"author":1,"featured_media":0,"parent":0,"menu_order":0,"comment_status":"closed","ping_status":"closed","template":"","meta":{"footnotes":""},"class_list":["post-703","page","type-page","status-publish","hentry"],"_links":{"self":[{"href":"https:\/\/suryn.pl\/index.php\/wp-json\/wp\/v2\/pages\/703","targetHints":{"allow":["GET"]}}],"collection":[{"href":"https:\/\/suryn.pl\/index.php\/wp-json\/wp\/v2\/pages"}],"about":[{"href":"https:\/\/suryn.pl\/index.php\/wp-json\/wp\/v2\/types\/page"}],"author":[{"embeddable":true,"href":"https:\/\/suryn.pl\/index.php\/wp-json\/wp\/v2\/users\/1"}],"replies":[{"embeddable":true,"href":"https:\/\/suryn.pl\/index.php\/wp-json\/wp\/v2\/comments?post=703"}],"version-history":[{"count":6,"href":"https:\/\/suryn.pl\/index.php\/wp-json\/wp\/v2\/pages\/703\/revisions"}],"predecessor-version":[{"id":1241,"href":"https:\/\/suryn.pl\/index.php\/wp-json\/wp\/v2\/pages\/703\/revisions\/1241"}],"wp:attachment":[{"href":"https:\/\/suryn.pl\/index.php\/wp-json\/wp\/v2\/media?parent=703"}],"curies":[{"name":"wp","href":"https:\/\/api.w.org\/{rel}","templated":true}]}}