{"id":630,"date":"2021-05-19T12:40:09","date_gmt":"2021-05-19T10:40:09","guid":{"rendered":"http:\/\/suryn.pl\/?page_id=630"},"modified":"2021-05-20T19:51:04","modified_gmt":"2021-05-20T17:51:04","slug":"strona-186-i-187","status":"publish","type":"page","link":"https:\/\/suryn.pl\/index.php\/strona-186-i-187\/","title":{"rendered":"Strona 186 i 187"},"content":{"rendered":"\n<pre class=\"wp-block-verse\" style=\"font-size:17px\"><strong>***<\/strong>\nNie m\u0105dro\u015bci szukam, lecz wiary.\n<\/pre>\n\n\n\n<div style=\"height:100px\" aria-hidden=\"true\" class=\"wp-block-spacer\"><\/div>\n\n\n\n<div style=\"height:100px\" aria-hidden=\"true\" class=\"wp-block-spacer\"><\/div>\n\n\n\n<div style=\"height:198px\" aria-hidden=\"true\" class=\"wp-block-spacer\"><\/div>\n\n\n\n<pre class=\"wp-block-verse\" style=\"font-size:17px\"><strong>***<\/strong>\nJeszcze raz \u015bwiat\nstan\u0105\u0142 mi\u0119dzy Tob\u0105 a mn\u0105\nsp\u0142oszy\u0142 s\u0142owo\ni teraz w b\u0142ocie i be\u0142kocie\njak pijany \u017curaw brn\u0119\ndo brzegu nadziei\n\n<\/pre>\n\n\n\n<p class=\"has-text-align-right\"><a href=\"http:\/\/suryn.pl\/index.php\/strona-184-i-185\/\" data-type=\"URL\" data-id=\"http:\/\/suryn.pl\/index.php\/strona-184-i-185\/\">Poprzednia<\/a>&nbsp; <a href=\"http:\/\/suryn.pl\/index.php\/strona-188-i-189\/\" data-type=\"URL\" data-id=\"http:\/\/suryn.pl\/index.php\/strona-188-i-189\/\">Nast\u0119pna<\/a><\/p>\n\n\n\n<div style=\"height:100px\" aria-hidden=\"true\" class=\"wp-block-spacer\"><\/div>\n\n\n\n<div style=\"height:100px\" aria-hidden=\"true\" class=\"wp-block-spacer\"><\/div>\n","protected":false},"excerpt":{"rendered":"<p>*** Nie m\u0105dro\u015bci szukam, lecz wiary. *** Jeszcze raz \u015bwiat stan\u0105\u0142 mi\u0119dzy Tob\u0105 a mn\u0105 sp\u0142oszy\u0142 s\u0142owo i teraz w b\u0142ocie i be\u0142kocie jak pijany \u017curaw brn\u0119 do brzegu nadziei Poprzednia&nbsp; Nast\u0119pna<\/p>\n","protected":false},"author":1,"featured_media":0,"parent":0,"menu_order":0,"comment_status":"closed","ping_status":"closed","template":"","meta":{"footnotes":""},"class_list":["post-630","page","type-page","status-publish","hentry"],"_links":{"self":[{"href":"https:\/\/suryn.pl\/index.php\/wp-json\/wp\/v2\/pages\/630","targetHints":{"allow":["GET"]}}],"collection":[{"href":"https:\/\/suryn.pl\/index.php\/wp-json\/wp\/v2\/pages"}],"about":[{"href":"https:\/\/suryn.pl\/index.php\/wp-json\/wp\/v2\/types\/page"}],"author":[{"embeddable":true,"href":"https:\/\/suryn.pl\/index.php\/wp-json\/wp\/v2\/users\/1"}],"replies":[{"embeddable":true,"href":"https:\/\/suryn.pl\/index.php\/wp-json\/wp\/v2\/comments?post=630"}],"version-history":[{"count":5,"href":"https:\/\/suryn.pl\/index.php\/wp-json\/wp\/v2\/pages\/630\/revisions"}],"predecessor-version":[{"id":1224,"href":"https:\/\/suryn.pl\/index.php\/wp-json\/wp\/v2\/pages\/630\/revisions\/1224"}],"wp:attachment":[{"href":"https:\/\/suryn.pl\/index.php\/wp-json\/wp\/v2\/media?parent=630"}],"curies":[{"name":"wp","href":"https:\/\/api.w.org\/{rel}","templated":true}]}}