{"id":567,"date":"2021-05-19T11:41:16","date_gmt":"2021-05-19T09:41:16","guid":{"rendered":"http:\/\/suryn.pl\/?page_id=567"},"modified":"2021-05-20T19:41:28","modified_gmt":"2021-05-20T17:41:28","slug":"strona-158-i-159","status":"publish","type":"page","link":"https:\/\/suryn.pl\/index.php\/strona-158-i-159\/","title":{"rendered":"Strona 158 i 159"},"content":{"rendered":"\n<pre class=\"wp-block-verse\" style=\"font-size:17px\"><strong>***<\/strong>\nto ja sam\nwyp\u0119dzi\u0142em siebie z Raju\u00a0\u00a0\nlub co najmniej z domu\nteraz\nna \u0142asce kapry\u015bnych zmys\u0142\u00f3w\ni \u015bwiata\nmiotam si\u0119 od miasta do miasta\nprosz\u0105c Boga by przemieni\u0142 mnie\nw co\u015b niew\u0105tpliwego\nczasem przychodzi wytchnienie\ni widz\u0119 naprawd\u0119\n\u015bnieg na parapecie\nodrobin\u0119 d\u017cemu na no\u017cu\ni zdaje mi si\u0119\n\u017ce ju\u017c zawsze b\u0119d\u0119 mieszka\u0142 w spokoju\n<\/pre>\n\n\n\n<div style=\"height:100px\" aria-hidden=\"true\" class=\"wp-block-spacer\"><\/div>\n\n\n\n<div style=\"height:100px\" aria-hidden=\"true\" class=\"wp-block-spacer\"><\/div>\n\n\n\n<pre class=\"wp-block-verse\" style=\"font-size:17px\"><strong>***<\/strong>\nco mi szykujesz\nniechaj si\u0119 stanie\no niew\u0105tpliwo\u015b\u0107 modl\u0119 si\u0119\nPanie\nniech b\u0119d\u0119 jak wr\u00f3bel\nco nie zna rozterki\ncho\u0107 cierpi\nwi\u0119c prosz\u0119\nt\u0119 \u0142ask\u0119 uczy\u0144 mi Bo\u017ce\nbym wiedzia\u0142, \u017ce jest tak\njak by\u0107 musi\na nie tak\njak by\u0107 mo\u017ce<\/pre>\n\n\n\n<p class=\"has-text-align-right\"><a href=\"http:\/\/suryn.pl\/index.php\/strona-156-i-157\/\" data-type=\"URL\" data-id=\"http:\/\/suryn.pl\/index.php\/strona-156-i-157\/\">Poprzednia<\/a>&nbsp; <a href=\"http:\/\/suryn.pl\/index.php\/strona-160-i-161\/\" data-type=\"URL\" data-id=\"http:\/\/suryn.pl\/index.php\/strona-160-i-161\/\">Nast\u0119pna<\/a><\/p>\n\n\n\n<div style=\"height:100px\" aria-hidden=\"true\" class=\"wp-block-spacer\"><\/div>\n\n\n\n<div style=\"height:100px\" aria-hidden=\"true\" class=\"wp-block-spacer\"><\/div>\n","protected":false},"excerpt":{"rendered":"<p>*** to ja sam wyp\u0119dzi\u0142em siebie z Raju\u00a0\u00a0 lub co najmniej z domu teraz na \u0142asce kapry\u015bnych zmys\u0142\u00f3w i \u015bwiata miotam si\u0119 od miasta do miasta prosz\u0105c Boga by przemieni\u0142 mnie w co\u015b niew\u0105tpliwego czasem przychodzi wytchnienie i widz\u0119 naprawd\u0119 \u015bnieg na parapecie odrobin\u0119 d\u017cemu na no\u017cu i zdaje mi si\u0119 \u017ce ju\u017c zawsze b\u0119d\u0119 mieszka\u0142 w spokoju *** co &#8230;<\/p>\n","protected":false},"author":1,"featured_media":0,"parent":0,"menu_order":0,"comment_status":"closed","ping_status":"closed","template":"","meta":{"footnotes":""},"class_list":["post-567","page","type-page","status-publish","hentry"],"_links":{"self":[{"href":"https:\/\/suryn.pl\/index.php\/wp-json\/wp\/v2\/pages\/567","targetHints":{"allow":["GET"]}}],"collection":[{"href":"https:\/\/suryn.pl\/index.php\/wp-json\/wp\/v2\/pages"}],"about":[{"href":"https:\/\/suryn.pl\/index.php\/wp-json\/wp\/v2\/types\/page"}],"author":[{"embeddable":true,"href":"https:\/\/suryn.pl\/index.php\/wp-json\/wp\/v2\/users\/1"}],"replies":[{"embeddable":true,"href":"https:\/\/suryn.pl\/index.php\/wp-json\/wp\/v2\/comments?post=567"}],"version-history":[{"count":5,"href":"https:\/\/suryn.pl\/index.php\/wp-json\/wp\/v2\/pages\/567\/revisions"}],"predecessor-version":[{"id":1208,"href":"https:\/\/suryn.pl\/index.php\/wp-json\/wp\/v2\/pages\/567\/revisions\/1208"}],"wp:attachment":[{"href":"https:\/\/suryn.pl\/index.php\/wp-json\/wp\/v2\/media?parent=567"}],"curies":[{"name":"wp","href":"https:\/\/api.w.org\/{rel}","templated":true}]}}