{"id":520,"date":"2021-05-19T11:09:58","date_gmt":"2021-05-19T09:09:58","guid":{"rendered":"http:\/\/suryn.pl\/?page_id=520"},"modified":"2021-05-21T15:36:07","modified_gmt":"2021-05-21T13:36:07","slug":"strona-136-i-137","status":"publish","type":"page","link":"https:\/\/suryn.pl\/index.php\/strona-136-i-137\/","title":{"rendered":"Strona 136 i 137"},"content":{"rendered":"\n<pre class=\"wp-block-verse\" style=\"font-size:17px\"><strong>w\u0105tpliwo\u015bci<\/strong>\nmam ich tyle co i wolnej woli,\nwi\u0119c moje czyny musz\u0105 by\u0107 pewne\na moja bezczynno\u015b\u0107 \u0142askawa<\/pre>\n\n\n\n<div style=\"height:211px\" aria-hidden=\"true\" class=\"wp-block-spacer\"><\/div>\n\n\n\n<pre class=\"wp-block-verse\" style=\"font-size:17px\"><strong>jest i nie ma<\/strong>\n\u015bwiat\u0142o stwarza \u015bwiat\nkr\u00f3lik wyj\u0119ty z kapelusza\nwraca tam gdy \u015bpisz\na czy kto\u015b widzia\u0142 mnie?\nja nie\n\n<\/pre>\n\n\n\n<p class=\"has-text-align-right\"><a href=\"http:\/\/suryn.pl\/index.php\/strona-134-i-135\/\" data-type=\"URL\" data-id=\"http:\/\/suryn.pl\/index.php\/strona-134-i-135\/\">Poprzednia<\/a>&nbsp; <a href=\"http:\/\/suryn.pl\/index.php\/strona-138-i-139\/\" data-type=\"URL\" data-id=\"http:\/\/suryn.pl\/index.php\/strona-138-i-139\/\">Nast\u0119pna<\/a><\/p>\n\n\n\n<div style=\"height:100px\" aria-hidden=\"true\" class=\"wp-block-spacer\"><\/div>\n","protected":false},"excerpt":{"rendered":"<p>w\u0105tpliwo\u015bci mam ich tyle co i wolnej woli, wi\u0119c moje czyny musz\u0105 by\u0107 pewne a moja bezczynno\u015b\u0107 \u0142askawa jest i nie ma \u015bwiat\u0142o stwarza \u015bwiat kr\u00f3lik wyj\u0119ty z kapelusza wraca tam gdy \u015bpisz a czy kto\u015b widzia\u0142 mnie? ja nie Poprzednia&nbsp; Nast\u0119pna<\/p>\n","protected":false},"author":1,"featured_media":0,"parent":0,"menu_order":0,"comment_status":"closed","ping_status":"closed","template":"","meta":{"footnotes":""},"class_list":["post-520","page","type-page","status-publish","hentry"],"_links":{"self":[{"href":"https:\/\/suryn.pl\/index.php\/wp-json\/wp\/v2\/pages\/520","targetHints":{"allow":["GET"]}}],"collection":[{"href":"https:\/\/suryn.pl\/index.php\/wp-json\/wp\/v2\/pages"}],"about":[{"href":"https:\/\/suryn.pl\/index.php\/wp-json\/wp\/v2\/types\/page"}],"author":[{"embeddable":true,"href":"https:\/\/suryn.pl\/index.php\/wp-json\/wp\/v2\/users\/1"}],"replies":[{"embeddable":true,"href":"https:\/\/suryn.pl\/index.php\/wp-json\/wp\/v2\/comments?post=520"}],"version-history":[{"count":6,"href":"https:\/\/suryn.pl\/index.php\/wp-json\/wp\/v2\/pages\/520\/revisions"}],"predecessor-version":[{"id":1521,"href":"https:\/\/suryn.pl\/index.php\/wp-json\/wp\/v2\/pages\/520\/revisions\/1521"}],"wp:attachment":[{"href":"https:\/\/suryn.pl\/index.php\/wp-json\/wp\/v2\/media?parent=520"}],"curies":[{"name":"wp","href":"https:\/\/api.w.org\/{rel}","templated":true}]}}