{"id":433,"date":"2021-05-19T09:51:17","date_gmt":"2021-05-19T07:51:17","guid":{"rendered":"http:\/\/suryn.pl\/?page_id=433"},"modified":"2021-05-20T19:21:14","modified_gmt":"2021-05-20T17:21:14","slug":"strona-100-i-101","status":"publish","type":"page","link":"https:\/\/suryn.pl\/index.php\/strona-100-i-101\/","title":{"rendered":"Strona 100 i 101"},"content":{"rendered":"\n<pre class=\"wp-block-verse\" style=\"font-size:17px\"><strong>***<\/strong>\ntrzeba by\u0142o co\u015b pokocha\u0107\nPan Themerson pokocha\u0142 DEFINICJE\nponad wszelk\u0105 pami\u0119\u0107\npokocha\u0142...\nlogiczne, fizyczne dno s\u0142owa\nm\u00f3zg karmi\u0142 ch\u0142odn\u0105 estetyk\u0105\nobraz\u00f3w, rzeczy, zjawisk\npodejrzewa\u0142 \u017cycie o oszustwo\ni sam stwarza\u0142 ciep\u0142o\ni mawia\u0142, \u017ce jedyne prawdziwe ciep\u0142o\nto jego osobiste 36,6 stopni C\nzachwyty wa\u017c\u0105 i mierz\u0105\na mi\u0142o\u015b\u0107 to jeszcze jedna reakcja chemiczna\n\n<\/pre>\n\n\n\n<div style=\"height:313px\" aria-hidden=\"true\" class=\"wp-block-spacer\"><\/div>\n\n\n\n<pre class=\"wp-block-verse\" style=\"font-size:17px\"><strong>mo\u017ce na dachach Moguncji<\/strong>\nspodziewa\u0107 si\u0119 nale\u017cy\no\u0142owianych aluzji\nza skinieniem palca \u017celaznego b\u0142azna\nkryje si\u0119 ostatnia bajka tego \u015bwiata\ni by\u0107 mo\u017ce pointa spadnie\nna dachy Moguncji<\/pre>\n\n\n\n<div style=\"height:459px\" aria-hidden=\"true\" class=\"wp-block-spacer\"><\/div>\n\n\n\n<p class=\"has-text-align-right\"><a href=\"http:\/\/suryn.pl\/index.php\/strona-98-i-99\/\" data-type=\"URL\" data-id=\"http:\/\/suryn.pl\/index.php\/strona-98-i-99\/\">Poprzednia<\/a>&nbsp; <a href=\"http:\/\/suryn.pl\/index.php\/strona-102-i-103\/\" data-type=\"URL\" data-id=\"http:\/\/suryn.pl\/index.php\/strona-102-i-103\/\">Nast\u0119pna<\/a><\/p>\n","protected":false},"excerpt":{"rendered":"<p>*** trzeba by\u0142o co\u015b pokocha\u0107 Pan Themerson pokocha\u0142 DEFINICJE ponad wszelk\u0105 pami\u0119\u0107 pokocha\u0142&#8230; logiczne, fizyczne dno s\u0142owa m\u00f3zg karmi\u0142 ch\u0142odn\u0105 estetyk\u0105 obraz\u00f3w, rzeczy, zjawisk podejrzewa\u0142 \u017cycie o oszustwo i sam stwarza\u0142 ciep\u0142o i mawia\u0142, \u017ce jedyne prawdziwe ciep\u0142o to jego osobiste 36,6 stopni C zachwyty wa\u017c\u0105 i mierz\u0105 a mi\u0142o\u015b\u0107 to jeszcze jedna reakcja chemiczna mo\u017ce na dachach Moguncji spodziewa\u0107 &#8230;<\/p>\n","protected":false},"author":1,"featured_media":0,"parent":0,"menu_order":0,"comment_status":"closed","ping_status":"closed","template":"","meta":{"footnotes":""},"class_list":["post-433","page","type-page","status-publish","hentry"],"_links":{"self":[{"href":"https:\/\/suryn.pl\/index.php\/wp-json\/wp\/v2\/pages\/433","targetHints":{"allow":["GET"]}}],"collection":[{"href":"https:\/\/suryn.pl\/index.php\/wp-json\/wp\/v2\/pages"}],"about":[{"href":"https:\/\/suryn.pl\/index.php\/wp-json\/wp\/v2\/types\/page"}],"author":[{"embeddable":true,"href":"https:\/\/suryn.pl\/index.php\/wp-json\/wp\/v2\/users\/1"}],"replies":[{"embeddable":true,"href":"https:\/\/suryn.pl\/index.php\/wp-json\/wp\/v2\/comments?post=433"}],"version-history":[{"count":4,"href":"https:\/\/suryn.pl\/index.php\/wp-json\/wp\/v2\/pages\/433\/revisions"}],"predecessor-version":[{"id":1181,"href":"https:\/\/suryn.pl\/index.php\/wp-json\/wp\/v2\/pages\/433\/revisions\/1181"}],"wp:attachment":[{"href":"https:\/\/suryn.pl\/index.php\/wp-json\/wp\/v2\/media?parent=433"}],"curies":[{"name":"wp","href":"https:\/\/api.w.org\/{rel}","templated":true}]}}