{"id":429,"date":"2021-05-18T21:56:29","date_gmt":"2021-05-18T19:56:29","guid":{"rendered":"http:\/\/suryn.pl\/?page_id=429"},"modified":"2021-05-20T19:20:52","modified_gmt":"2021-05-20T17:20:52","slug":"strona-98-i-99","status":"publish","type":"page","link":"https:\/\/suryn.pl\/index.php\/strona-98-i-99\/","title":{"rendered":"Strona 98 i 99"},"content":{"rendered":"\n<pre class=\"wp-block-verse\" style=\"font-size:17px\"><strong>***<\/strong>\nkiedy tak milczysz\nw niebog\u0142osy\ns\u0142ucha ci\u0119 tylko\nkos\na ja mam\npe\u0142ne serce tej chwili\ni boj\u0119 si\u0119 poruszy\u0107\nby nie skruszy\u0107\nten kochany las\nz porcelany<\/pre>\n\n\n\n<div style=\"height:286px\" aria-hidden=\"true\" class=\"wp-block-spacer\"><\/div>\n\n\n\n<pre class=\"wp-block-verse\" style=\"font-size:17px\"><strong>mimo wszystko za\u0107mienie serca<\/strong>\n\u0107wiczy\u0142 m\u00f3zg w r\u00f3wnowa\u017ceniu\ns\u0142owa wysy\u0142a\u0142 na najwy\u017csze wie\u017ce\nchwal\u0105c udr\u0119ki ludzkiego wymiaru\ntu i \u00f3wdzie pope\u0142niaj\u0105c taktowne pomy\u0142ki\nwymy\u015bli\u0142 pojedynki serdeczne\nwybaczalne \u015bwi\u0105tynie\ndobrodziejstwa wiary i otwartej d\u0142oni\na wszystko\nz czystej zazdro\u015bci\nzamykania ko\u0142a<\/pre>\n\n\n\n<div style=\"height:207px\" aria-hidden=\"true\" class=\"wp-block-spacer\"><\/div>\n\n\n\n<p class=\"has-text-align-right\"><a href=\"http:\/\/suryn.pl\/index.php\/strona-96-i-97\/\" data-type=\"URL\" data-id=\"http:\/\/suryn.pl\/index.php\/strona-96-i-97\/\">Poprzednia<\/a>&nbsp; <a href=\"http:\/\/suryn.pl\/index.php\/strona-100-i-101\/\" data-type=\"URL\" data-id=\"http:\/\/suryn.pl\/index.php\/strona-100-i-101\/\">Nast\u0119pna<\/a><\/p>\n","protected":false},"excerpt":{"rendered":"<p>*** kiedy tak milczysz w niebog\u0142osy s\u0142ucha ci\u0119 tylko kos a ja mam pe\u0142ne serce tej chwili i boj\u0119 si\u0119 poruszy\u0107 by nie skruszy\u0107 ten kochany las z porcelany mimo wszystko za\u0107mienie serca \u0107wiczy\u0142 m\u00f3zg w r\u00f3wnowa\u017ceniu s\u0142owa wysy\u0142a\u0142 na najwy\u017csze wie\u017ce chwal\u0105c udr\u0119ki ludzkiego wymiaru tu i \u00f3wdzie pope\u0142niaj\u0105c taktowne pomy\u0142ki wymy\u015bli\u0142 pojedynki serdeczne wybaczalne \u015bwi\u0105tynie dobrodziejstwa wiary i &#8230;<\/p>\n","protected":false},"author":1,"featured_media":0,"parent":0,"menu_order":0,"comment_status":"closed","ping_status":"closed","template":"","meta":{"footnotes":""},"class_list":["post-429","page","type-page","status-publish","hentry"],"_links":{"self":[{"href":"https:\/\/suryn.pl\/index.php\/wp-json\/wp\/v2\/pages\/429","targetHints":{"allow":["GET"]}}],"collection":[{"href":"https:\/\/suryn.pl\/index.php\/wp-json\/wp\/v2\/pages"}],"about":[{"href":"https:\/\/suryn.pl\/index.php\/wp-json\/wp\/v2\/types\/page"}],"author":[{"embeddable":true,"href":"https:\/\/suryn.pl\/index.php\/wp-json\/wp\/v2\/users\/1"}],"replies":[{"embeddable":true,"href":"https:\/\/suryn.pl\/index.php\/wp-json\/wp\/v2\/comments?post=429"}],"version-history":[{"count":3,"href":"https:\/\/suryn.pl\/index.php\/wp-json\/wp\/v2\/pages\/429\/revisions"}],"predecessor-version":[{"id":1180,"href":"https:\/\/suryn.pl\/index.php\/wp-json\/wp\/v2\/pages\/429\/revisions\/1180"}],"wp:attachment":[{"href":"https:\/\/suryn.pl\/index.php\/wp-json\/wp\/v2\/media?parent=429"}],"curies":[{"name":"wp","href":"https:\/\/api.w.org\/{rel}","templated":true}]}}