{"id":403,"date":"2021-05-18T21:02:53","date_gmt":"2021-05-18T19:02:53","guid":{"rendered":"http:\/\/suryn.pl\/?page_id=403"},"modified":"2021-09-15T08:28:00","modified_gmt":"2021-09-15T06:28:00","slug":"strona-90-i-91","status":"publish","type":"page","link":"https:\/\/suryn.pl\/index.php\/strona-90-i-91\/","title":{"rendered":"CZ\u0118\u015a\u0106 TRZECIA"},"content":{"rendered":"\n<p><span style=\"color:#c04e6a\" class=\"has-inline-color\">P<strong>ermanentny poligon ducha \u2013 wiersze i zapiski z notes\u00f3w<\/strong><\/span><\/p>\n\n\n\n<p>\u017byciowa droga Andrzeja i jego poezja s\u0105&nbsp;w\u0142a\u015bciwie tym samym. Ze wzgl\u0119du na to jak silnie w tym&nbsp;\u017cyciorysie codzienno\u015b\u0107&nbsp;splata si\u0119&nbsp;z poezj\u0105, m\u00f3wi si\u0119&nbsp;o podobie\u0144stwie Suryna do Stachury i do stachurowego&nbsp;\u017cyciopisania. Ale je\u015bli&nbsp;\u017cycie pisze surynowe wiersze, to czy nie jest te\u017c&nbsp;odwrotnie,&nbsp;\u017ce pisaniem Suryn chcia\u0142&nbsp;wp\u0142yn\u0105\u0107&nbsp;na swoje&nbsp;\u017cycie, tak jak w tym zapisanym przez niego zdaniu:&nbsp;<em>wszystko jest po twojej my<\/em><em>\u015b<\/em><em>li, tylko pomy<\/em><em>\u015b<\/em><em>l?<\/em><\/p>\n\n\n\n<p>Wydaje mi si\u0119,\u00a0\u017ce\u00a0\u017cycie pisa\u0142o g\u0142\u00f3wnie jego ciemniejsz\u0105\u00a0poezj\u0119, t\u0105\u00a0o w\u0105tpliwo\u015bciach, fizycznym b\u00f3lu, b\u0142\u0105dzeniu, b\u0142\u0119dach i t\u0119sknych pro\u015bbach. Do\u015bwiadczenia ekstazy, spe\u0142nienia wywo\u0142ane widokiem, muzyk\u0105, przeczytanym s\u0142owem, a by\u0107\u00a0mo\u017cne nawet po\u0142\u0105czeniem z Jedni\u0105, z pewno\u015bci\u0105\u00a0mu si\u0119\u00a0zdarza\u0142y, ale czy wielu z nich nie przywo\u0142ywa\u0142 tylko z ufno\u015bci\u0105\u00a0i nadziej\u0105,\u00a0\u017ce \u2013 jak lubi\u0142\u00a0powtarza\u0107\u00a0\u2013\u00a0<em>s\u0142owo stwarza\u00a0\u015bwiat<\/em>? Wydaje mi si\u0119,\u00a0\u017ce tak,\u00a0\u017ce wiele wierszy jest wo\u0142aniem, a dzi\u0119kczynienia s\u0105\u00a0za wczesne. P\u00f3\u017aniejsz\u0105\u00a0tw\u00f3rczo\u015b\u0107\u00a0Andrzeja mo\u017cna opisa\u0107\u00a0jednym jego zdaniem:\u00a0<em>Na nitkach nadziei w t\u0119\u00a0i w t\u0119.<\/em><\/p>\n\n\n\n<p>Zamieszczone tu wiersze i zapiski z notes\u00f3w pochodz\u0105&nbsp;z r\u00f3\u017cnych czas\u00f3w. Na pocz\u0105tku wcze\u015bniejsze, pisane kiedy dzia\u0142a\u0142&nbsp;w&nbsp;\u0141odzi Kaliskiej, Domu Marka i SDS. Kilka ukaza\u0142o si\u0119&nbsp;w biuletynach SDS, s\u0105&nbsp;tu te\u017c&nbsp;collage, kt\u00f3re pisa\u0142&nbsp;z Darskim. Wiersz Gra, by\u0142&nbsp;umieszczony w Tangu, kilka pochodzi z nielicznych tomik\u00f3w wydanych po&nbsp;\u015bmierci poety, s\u0105&nbsp;te\u017c&nbsp;wiersze i teksty spisane z kaset, ale te publikacje nigdy nie trafia\u0142y do szerszego grona odbiorc\u00f3w. Wi\u0119kszo\u015b\u0107&nbsp;zamieszczonych tu wierszy i zapisk\u00f3w nie by\u0142a dot\u0105d publikowana, a nic tak nie zbli\u017cy nas do sedna tej osobowo\u015bci, jak tw\u00f3rczo\u015b\u0107. B\u0119dzie to g\u0142\u0119bokie i intymne spotkanie z Andrzejem. My\u015bl\u0119,&nbsp;\u017ce dla niekt\u00f3rych bardzo&nbsp;\u017cywe. Przygotujcie si\u0119&nbsp;na b\u00f3l i glori\u0119.<\/p>\n\n\n\n<p>Wczesne wiersze Andrzeja s\u0105&nbsp;pisane obrazami, trzeba da\u0107&nbsp;sobie czas, by s\u0142owo wywo\u0142a\u0142o w wyobra\u017ani obraz \u2013 wtedy b\u0119dziemy mogli doceni\u0107&nbsp;ca\u0142y koloryt i urok tych stworzonych, b\u0105d\u017a&nbsp;przyuwa\u017conych przez poet\u0119 \u015bwiat\u00f3w. P\u00f3\u017aniejsze wiersze s\u0105&nbsp;coraz kr\u00f3tsze, zbli\u017caj\u0105&nbsp;si\u0119&nbsp;do formy haiku, pisane zgodnie z duchem andrzejowej pro\u015bby \u2013&nbsp;<em>s\u0142owo b\u0105d\u017a&nbsp;dos\u0142owne.&nbsp;<\/em>Ich tre\u015b\u0107&nbsp;jest jasna i celna jak strza\u0142a \u2013 trafia w samo serce b\u00f3lu b\u0105d\u017a \u0142aski. Cho\u0107&nbsp;wiersze z lat 80 i 90 s\u0105&nbsp;r\u00f3\u017cne, motyw poszukiwania prawdziwego siebie, nie b\u0119d\u0105cego na sznurku ego i po\u0142\u0105czonego z Jedni\u0105, widoczny jest w ca\u0142ej tw\u00f3rczo\u015bci Suryna. W tym co pisa\u0142&nbsp;wcze\u015bniej wida\u0107&nbsp;jak ta my\u015bl p\u0142ynie strumyczkiem w\u015br\u00f3d ziemskich widok\u00f3w i pokus, p\u00f3\u017aniej rozlewa si\u0119&nbsp;szerokim korytem poch\u0142aniaj\u0105c wszystkie litery.<\/p>\n\n\n\n<pre class=\"wp-block-verse\" style=\"font-size:17px\"><em>...a ja wracam jak nitka do motka, zagubiony i ocalony \u2013 Syn Kr\u00f3la w pa\u0144stwie \u015brodka<\/em>\n\n\n<\/pre>\n\n\n\n<p class=\"has-text-align-right\"><a href=\"http:\/\/suryn.pl\/index.php\/strona-88-i-89\/\" data-type=\"URL\" data-id=\"http:\/\/suryn.pl\/index.php\/strona-88-i-89\/\">Poprzednia<\/a>&nbsp; <a href=\"http:\/\/suryn.pl\/index.php\/strona-92-i-93\/\" data-type=\"URL\" data-id=\"http:\/\/suryn.pl\/index.php\/strona-92-i-93\/\">Nast\u0119pna<\/a><\/p>\n","protected":false},"excerpt":{"rendered":"<p>Permanentny poligon ducha \u2013 wiersze i zapiski z notes\u00f3w \u017byciowa droga Andrzeja i jego poezja s\u0105&nbsp;w\u0142a\u015bciwie tym samym. Ze wzgl\u0119du na to jak silnie w tym&nbsp;\u017cyciorysie codzienno\u015b\u0107&nbsp;splata si\u0119&nbsp;z poezj\u0105, m\u00f3wi si\u0119&nbsp;o podobie\u0144stwie Suryna do Stachury i do stachurowego&nbsp;\u017cyciopisania. Ale je\u015bli&nbsp;\u017cycie pisze surynowe wiersze, to czy nie jest te\u017c&nbsp;odwrotnie,&nbsp;\u017ce pisaniem Suryn chcia\u0142&nbsp;wp\u0142yn\u0105\u0107&nbsp;na swoje&nbsp;\u017cycie, tak jak w tym zapisanym przez niego zdaniu:&nbsp;wszystko &#8230;<\/p>\n","protected":false},"author":1,"featured_media":0,"parent":0,"menu_order":0,"comment_status":"closed","ping_status":"closed","template":"","meta":{"footnotes":""},"class_list":["post-403","page","type-page","status-publish","hentry"],"_links":{"self":[{"href":"https:\/\/suryn.pl\/index.php\/wp-json\/wp\/v2\/pages\/403","targetHints":{"allow":["GET"]}}],"collection":[{"href":"https:\/\/suryn.pl\/index.php\/wp-json\/wp\/v2\/pages"}],"about":[{"href":"https:\/\/suryn.pl\/index.php\/wp-json\/wp\/v2\/types\/page"}],"author":[{"embeddable":true,"href":"https:\/\/suryn.pl\/index.php\/wp-json\/wp\/v2\/users\/1"}],"replies":[{"embeddable":true,"href":"https:\/\/suryn.pl\/index.php\/wp-json\/wp\/v2\/comments?post=403"}],"version-history":[{"count":7,"href":"https:\/\/suryn.pl\/index.php\/wp-json\/wp\/v2\/pages\/403\/revisions"}],"predecessor-version":[{"id":1646,"href":"https:\/\/suryn.pl\/index.php\/wp-json\/wp\/v2\/pages\/403\/revisions\/1646"}],"wp:attachment":[{"href":"https:\/\/suryn.pl\/index.php\/wp-json\/wp\/v2\/media?parent=403"}],"curies":[{"name":"wp","href":"https:\/\/api.w.org\/{rel}","templated":true}]}}