{"id":315,"date":"2021-05-18T18:49:28","date_gmt":"2021-05-18T16:49:28","guid":{"rendered":"http:\/\/suryn.pl\/?page_id=315"},"modified":"2021-05-19T14:17:31","modified_gmt":"2021-05-19T12:17:31","slug":"strona-16-i-17","status":"publish","type":"page","link":"https:\/\/suryn.pl\/index.php\/strona-16-i-17\/","title":{"rendered":"Strona 16 i 17"},"content":{"rendered":"\n<pre class=\"wp-block-verse\" style=\"font-size:17px\"><strong><em>Oto<\/em><\/strong>\n<em>oto twoje znami\u0119<\/em>\n<em>przegl\u0105dasz si\u0119 w obcych l\u0119kach<\/em>\n<em>i robisz wszystko by ocali\u0107<\/em>\n<em>t\u0119 resztk\u0119 cesarstwa<\/em>\n<em>przedmioty brz\u0119cz\u0105ce monety<\/em>\n<em>opieku\u0144cze kontuary<\/em>\n<em>w\u0142asne odbicie w spokojnej<\/em>\n<em>wodzie<\/em>\n<em>pytania coraz cichsze<\/em>\n<em>wszystko to odp\u0142ywa na \u0142odzi<\/em>\n<em>przewo\u017anik op\u0142acony<\/em>\n<em>s\u0142o\u0144ce jeszcze darmo<\/em>\n<em>jaki\u015b sen o \u0142ukach tryumfalnych<\/em>\n<em>jaki\u015b cie\u0144 z pa\u0144stwa osmozy<\/em>\n<em>tr\u00f3jnogi i zapach palonych korzeni<\/em>\n<em>onondo<\/em>\n<em>kobiety kt\u00f3re wiod\u0142y mnie do rze\u017ani<\/em>\n<em>wystawy m\u00f3d i pami\u0119\u0107 smak\u00f3w<\/em>\n<em>g\u00f3ry lodowej melancholii<\/em>\n<em>skrzaty z instrumentami pod pach\u0105<\/em>\n<em>zagrzebuj\u0105 si\u0119 w mech i li\u015bcie<\/em>\n\n<\/pre>\n\n\n\n<p>W 1988 r. za spraw\u0105&nbsp;Wojciecha Darskiego SDS pojecha\u0142&nbsp;na tak zwan\u0105&nbsp;p\u0142atn\u0105&nbsp;objazd\u00f3wk\u0119. Do spotkania z artystami zach\u0119ca\u0142y plakaty, na kt\u00f3rych widnia\u0142&nbsp;napis&nbsp;<em>Intermittentium ratio.&nbsp;<\/em>Najpierw zostali wspaniale przyj\u0119ci przez organizator\u00f3w i publiczno\u015b\u0107&nbsp;na Zamku w Barcianach. Z Barcian w znakomitych humorach pojechali do wsi G\u0105ski. Przywita\u0142a ich pusta sala. Byli skonsternowani, organizatorzy tym bardziej. P\u0142atne objazd\u00f3wki nie zdarza\u0142y si\u0119&nbsp;cz\u0119sto, wi\u0119c te\u017c&nbsp;szkoda im by\u0142o,&nbsp;\u017ce nie zarobi\u0105. Organizatorzy jednak stan\u0119li na wysoko\u015bci zadania. Zaprosili wszystkich na przek\u0105sk\u0119, zap\u0142acili za spotkanie z publiczno\u015bci\u0105, kt\u00f3rej nie by\u0142o i poprosili o wpisanie si\u0119&nbsp;do ksi\u0119gi pami\u0105tkowej.<\/p>\n\n\n\n<p>\u2013 Nie dawa\u0142o nam jednak spokoju dlaczego na spotkaniu nie pojawi\u0142&nbsp;si\u0119&nbsp;nikt, zupe\u0142nie nikt, pustki. Okaza\u0142o si\u0119,&nbsp;\u017ce jedyna osoba we wsi, kt\u00f3ra zna\u0142a&nbsp;\u0142acin\u0119&nbsp;\u2013 ksi\u0105dz, zabroni\u0142&nbsp;wiernym ogl\u0105da\u0107&nbsp;artyst\u00f3w wyst\u0119puj\u0105cych pod szyldem&nbsp;<em>intermittentium ratio<\/em>, czyli stosunek przerywany. Mo\u017ce i s\u0142usznie \u2013&nbsp;\u015bmieje si\u0119&nbsp;Sobczak.<\/p>\n\n\n\n<p>To by\u0142y ju\u017c&nbsp;ostatnie dzia\u0142ania SDS-u w tym sk\u0142adzie. Andrzej by\u0142&nbsp;w rozjazdach, trudno by\u0142o wymaga\u0107&nbsp;od niego konkretu. Przyje\u017cd\u017ca\u0142&nbsp;kiedy chcia\u0142, wiersze wysy\u0142a\u0142&nbsp;kiedy chcia\u0142, nie mia\u0142&nbsp;w zwi\u0105zku z SDS-em wi\u0119kszych oczekiwa\u0144&nbsp;czy ambicji. Jego styl&nbsp;\u017cycia przynosi\u0142&nbsp;jednak grupie pewne profity. Dzi\u0119ki temu,&nbsp;\u017ce stale si\u0119&nbsp;przemieszcza\u0142&nbsp;poznawa\u0142&nbsp;ludzi, odnajdywa\u0142&nbsp;si\u0119&nbsp;w wielu tw\u00f3rczych&nbsp;\u015brodowiskach, przynosi\u0142&nbsp;wie\u015bci ze&nbsp;\u015bwiata.<\/p>\n\n\n\n<p>\u2013 Przywi\u00f3z\u0142&nbsp;nam z&nbsp;\u0141odzi pierwszy numer wydawanego przez grup\u0119 \u0141\u00f3d\u017a&nbsp;Kaliska&nbsp;<em>Tanga.&nbsp;<\/em>Potem dzi\u0119ki niemu pojechali\u015bmy na festiwal \u201eNieme Kino\u201d, poznali\u015bmy&nbsp;\u0141\u00f3d\u017a&nbsp;Kalisk\u0105, a potem wyl\u0105dowali\u015bmy na plenerze w Teofilowie \u2013 wspomina Marek Sobczak.<\/p>\n\n\n\n<p>Pismo&nbsp;<em>Tango&nbsp;<\/em>by\u0142o otwarte, sk\u0142ada\u0142y si\u0119&nbsp;na\u0144&nbsp;odr\u0119cznie wykonane strony dostarczane przez r\u00f3\u017cnych artyst\u00f3w. R\u00f3wnie\u017c&nbsp;SDS zostawi\u0142&nbsp;sw\u00f3j&nbsp;\u015blad w Tangu. Suryn i Darski traktowali kontakty z&nbsp;\u0141odzi\u0105&nbsp;Kalisk\u0105&nbsp;bardziej towarzysko. Darski wola\u0142&nbsp;dzia\u0142a\u0107&nbsp;na prowincji, lepiej czu\u0142&nbsp;si\u0119&nbsp;na Mazurach, wi\u0119c przygoda z&nbsp;<em>Tangiem&nbsp;<\/em>by\u0142a dla niego tylko kr\u00f3tkim epizodem. Andrzej w&nbsp;\u0141odzi czu\u0142&nbsp;si\u0119&nbsp;znakomicie. Dzia\u0142a\u0142&nbsp;tam na swoich zasadach \u2013 przyje\u017cd\u017ca\u0142&nbsp;kiedy chcia\u0142&nbsp;i kiedy chcia\u0142&nbsp;wyje\u017cd\u017ca\u0142, ale&nbsp;\u0141\u00f3d\u017a&nbsp;okaza\u0142a si\u0119&nbsp;wa\u017cnym przystankiem na jego drodze. Sobczaka fascynacja&nbsp;<em>Tangiem&nbsp;<\/em>zaowocowa\u0142a czym\u015b&nbsp;bardziej trwa\u0142ym. Dzi\u0119ki jego inicjatywie i pracy powsta\u0142o podobne do&nbsp;<em>Tanga&nbsp;<\/em>wydawnictwo&nbsp;<em>SDS ART \u2013&nbsp;<\/em>cztery wydania w formacie A4<em>.&nbsp;<\/em>Darski przyznaje,&nbsp;\u017ce z Surynem nie podo\u0142aliby wymogom takiego przedsi\u0119wzi\u0119cia. Zamie\u015bcili w tych wydaniach kilka swoich tekst\u00f3w, ale nad ca\u0142o\u015bci\u0105&nbsp;czuwa\u0142&nbsp;Sobczak.<\/p>\n\n\n\n<p>SDS z racji zainteresowa\u0144&nbsp;Marka Sobczaka ewoluowa\u0142&nbsp;w stron\u0119&nbsp;sztuk wizualnych. Dla poezji te\u017c&nbsp;by\u0142o miejsce, ale znacznie wi\u0119cej dzia\u0142o si\u0119&nbsp;na polu plastyczno-fotograficznym. Suryn i Darski w pracach grupy uczestniczyli ju\u017c&nbsp;tylko sporadycznie.<\/p>\n\n\n\n<p class=\"has-text-align-right\"><a href=\"http:\/\/suryn.pl\/index.php\/strona-14-i-15\/\" data-type=\"URL\" data-id=\"http:\/\/suryn.pl\/index.php\/strona-14-i-15\/\">Poprzednia<\/a>&nbsp; <a href=\"http:\/\/suryn.pl\/index.php\/strona-18-i-19\/\" data-type=\"URL\" data-id=\"http:\/\/suryn.pl\/index.php\/strona-18-i-19\/\">Nast\u0119pna<\/a><\/p>\n","protected":false},"excerpt":{"rendered":"<p>Oto oto twoje znami\u0119 przegl\u0105dasz si\u0119 w obcych l\u0119kach i robisz wszystko by ocali\u0107 t\u0119 resztk\u0119 cesarstwa przedmioty brz\u0119cz\u0105ce monety opieku\u0144cze kontuary w\u0142asne odbicie w spokojnej wodzie pytania coraz cichsze wszystko to odp\u0142ywa na \u0142odzi przewo\u017anik op\u0142acony s\u0142o\u0144ce jeszcze darmo jaki\u015b sen o \u0142ukach tryumfalnych jaki\u015b cie\u0144 z pa\u0144stwa osmozy tr\u00f3jnogi i zapach palonych korzeni onondo kobiety kt\u00f3re wiod\u0142y mnie &#8230;<\/p>\n","protected":false},"author":1,"featured_media":0,"parent":0,"menu_order":0,"comment_status":"closed","ping_status":"closed","template":"","meta":{"footnotes":""},"class_list":["post-315","page","type-page","status-publish","hentry"],"_links":{"self":[{"href":"https:\/\/suryn.pl\/index.php\/wp-json\/wp\/v2\/pages\/315","targetHints":{"allow":["GET"]}}],"collection":[{"href":"https:\/\/suryn.pl\/index.php\/wp-json\/wp\/v2\/pages"}],"about":[{"href":"https:\/\/suryn.pl\/index.php\/wp-json\/wp\/v2\/types\/page"}],"author":[{"embeddable":true,"href":"https:\/\/suryn.pl\/index.php\/wp-json\/wp\/v2\/users\/1"}],"replies":[{"embeddable":true,"href":"https:\/\/suryn.pl\/index.php\/wp-json\/wp\/v2\/comments?post=315"}],"version-history":[{"count":3,"href":"https:\/\/suryn.pl\/index.php\/wp-json\/wp\/v2\/pages\/315\/revisions"}],"predecessor-version":[{"id":746,"href":"https:\/\/suryn.pl\/index.php\/wp-json\/wp\/v2\/pages\/315\/revisions\/746"}],"wp:attachment":[{"href":"https:\/\/suryn.pl\/index.php\/wp-json\/wp\/v2\/media?parent=315"}],"curies":[{"name":"wp","href":"https:\/\/api.w.org\/{rel}","templated":true}]}}