{"id":2259,"date":"2021-10-20T22:07:59","date_gmt":"2021-10-20T20:07:59","guid":{"rendered":"http:\/\/suryn.pl\/?page_id=2259"},"modified":"2021-10-21T19:22:42","modified_gmt":"2021-10-21T17:22:42","slug":"2259-2","status":"publish","type":"page","link":"https:\/\/suryn.pl\/index.php\/2259-2\/","title":{"rendered":""},"content":{"rendered":"\n<p><\/p>\n\n\n\n<p><em>Ani<\/em><\/p>\n\n\n\n<p><\/p>\n\n\n\n<h2 class=\"wp-block-heading\">szare siwe wilcze<\/h2>\n\n\n\n<h2 class=\"wp-block-heading\">polarne szkie\u0142ka<\/h2>\n\n\n\n<h2 class=\"wp-block-heading\">z wiatru i lodu<\/h2>\n\n\n\n<h2 class=\"wp-block-heading\">patrz\u0105 na mnie<\/h2>\n\n\n\n<h2 class=\"wp-block-heading\">z mro\u017an\u0105 mi\u0142o\u015bci\u0105<\/h2>\n\n\n\n<h2 class=\"wp-block-heading\">piasek osypuje si\u0119 ze sk\u00f3ry<\/h2>\n\n\n\n<h2 class=\"wp-block-heading\">taka jeste\u015b pi\u0119kna<\/h2>\n\n\n\n<h2 class=\"wp-block-heading\">i nietykalna<\/h2>\n\n\n\n<h2 class=\"wp-block-heading\">jak fotografia \u015bwiat\u0142a<\/h2>\n\n\n\n<div style=\"height:325px\" aria-hidden=\"true\" class=\"wp-block-spacer\"><\/div>\n\n\n\n<p class=\"has-text-align-right\"><a href=\"http:\/\/suryn.pl\/index.php\/wiersze-wszystkie\/\">Wszystkie wiersze<\/a><\/p>\n","protected":false},"excerpt":{"rendered":"<p>Ani szare siwe wilcze polarne szkie\u0142ka z wiatru i lodu patrz\u0105 na mnie z mro\u017an\u0105 mi\u0142o\u015bci\u0105 piasek osypuje si\u0119 ze sk\u00f3ry taka jeste\u015b pi\u0119kna i nietykalna jak fotografia \u015bwiat\u0142a Wszystkie wiersze<\/p>\n","protected":false},"author":1,"featured_media":0,"parent":0,"menu_order":0,"comment_status":"closed","ping_status":"closed","template":"","meta":{"footnotes":""},"class_list":["post-2259","page","type-page","status-publish","hentry"],"_links":{"self":[{"href":"https:\/\/suryn.pl\/index.php\/wp-json\/wp\/v2\/pages\/2259","targetHints":{"allow":["GET"]}}],"collection":[{"href":"https:\/\/suryn.pl\/index.php\/wp-json\/wp\/v2\/pages"}],"about":[{"href":"https:\/\/suryn.pl\/index.php\/wp-json\/wp\/v2\/types\/page"}],"author":[{"embeddable":true,"href":"https:\/\/suryn.pl\/index.php\/wp-json\/wp\/v2\/users\/1"}],"replies":[{"embeddable":true,"href":"https:\/\/suryn.pl\/index.php\/wp-json\/wp\/v2\/comments?post=2259"}],"version-history":[{"count":3,"href":"https:\/\/suryn.pl\/index.php\/wp-json\/wp\/v2\/pages\/2259\/revisions"}],"predecessor-version":[{"id":2704,"href":"https:\/\/suryn.pl\/index.php\/wp-json\/wp\/v2\/pages\/2259\/revisions\/2704"}],"wp:attachment":[{"href":"https:\/\/suryn.pl\/index.php\/wp-json\/wp\/v2\/media?parent=2259"}],"curies":[{"name":"wp","href":"https:\/\/api.w.org\/{rel}","templated":true}]}}