{"id":22,"date":"2021-05-13T19:15:12","date_gmt":"2021-05-13T17:15:12","guid":{"rendered":"http:\/\/suryn.pl\/?page_id=22"},"modified":"2023-05-15T16:27:52","modified_gmt":"2023-05-15T14:27:52","slug":"o-ksiazce","status":"publish","type":"page","link":"https:\/\/suryn.pl\/index.php\/o-ksiazce\/","title":{"rendered":"O ksi\u0105\u017cce"},"content":{"rendered":"\n<p>Ksi\u0105\u017cka \u201eZnikam, by rosn\u0105\u0107\u201d jest zbiorem wspomnie\u0144 o Andrzeju Sulima- Surynie. Jest pe\u0142na anegdot z nim zwi\u0105zanych i refleksji nad nim. Napisa\u0142am j\u0105 przesz\u0142o dziesi\u0119\u0107 lat temu, ale rezultat tej pracy mnie rozczarowa\u0142. Materia\u0142y le\u017ca\u0142y wci\u0105\u017c na komputerze i nie dawa\u0142y spokoju. W 2018 roku napisa\u0142am wi\u0119c drug\u0105 wersj\u0119 i uzna\u0142am, \u017ce efekt jest do przyj\u0119cia, ale t\u0119 wersj\u0119 r\u00f3wnie\u017c trzyma\u0142am w szufladzie, poniewa\u017c moje w\u0105tpliwo\u015bci budzi\u0142o to, \u017ce wspomnienia pokazywa\u0142y Andrzeja tak\u017ce w niekorzystnej ods\u0142onie, a on dawno nie \u017cyje i nie mo\u017ce si\u0119 wyt\u0142umaczy\u0107. Ostatecznie zdecydowa\u0142am si\u0119 ksi\u0105\u017ck\u0119 pokaza\u0107 w 2021 r., kiedy nabra\u0142am pewno\u015bci, \u017ce w miar\u0119 sp\u00f3jnie pokazuje ona dok\u0105d Andrzej zmierza\u0142, \u017ce zmierza\u0142 do \u015bwiat\u0142a, a czytaj\u0105c nabieramy przekonania, \u017ce cho\u0107 cz\u0119sto wo\u0142a\u0142 w ciemno\u015bciach, to nigdy w tych wo\u0142aniach nie ustawa\u0142, a okno jego serca pozostawa\u0142o zawsze otwarte. <\/p>\n\n\n\n<p>Andrzeja pozna\u0142am w roku 1989, gdy by\u0142am uczennic\u0105 liceum. Teraz mam lat prawie pi\u0119\u0107dziesi\u0105t i wci\u0105\u017c wraca do mnie pytanie: kim by\u0142 ten, z kt\u00f3rym dane by\u0142o mi si\u0119 spotka\u0107? My\u015bl\u0119, \u017ce nie ja jedna zadaj\u0119 sobie to pytanie \u2013 wszyscy, kt\u00f3rzy si\u0119 z Andrzejem zetkn\u0119li, a mo\u017ce te\u017c ci, kt\u00f3rzy nie spotkali go osobi\u015bcie, a mieli okazj\u0119 zbli\u017cy\u0107 si\u0119 do niego dzi\u0119ki poezji, te\u017c zastanawiaj\u0105 si\u0119, kim w\u0142a\u015bciwie by\u0142 ten cz\u0142owiek. Dlaczego tak mocno odcisn\u0105\u0142 si\u0119 w naszej pami\u0119ci?\u00a0<\/p>\n\n\n\n<p>Odpowied\u017a, cho\u0107 trudno j\u0105 bezpo\u015brednio wyartyku\u0142owa\u0107, jest w nas i w surynowych wierszach.&nbsp;Ksi\u0105\u017cka, kt\u00f3ra jest g\u0142\u00f3wnie zbiorem wspomnie\u0144, jest r\u00f3wnie\u017c pr\u00f3b\u0105 odpowiedzi to na pytanie.&nbsp;<\/p>\n\n\n\n<p>Serdecznie dzi\u0119kuj\u0119 wszystkim, kt\u00f3rzy zachcieli opowiedzie\u0107 mi o Surynie.&nbsp;<\/p>\n\n\n\n<p>\u017bycz\u0119 owocnego spotkania z Andrzejem i jego poezj\u0105. <\/p>\n\n\n\n<p>Anna Kuglin<\/p>\n\n\n\n<figure class=\"wp-block-image size-large is-resized\"><img loading=\"lazy\" decoding=\"async\" src=\"http:\/\/suryn.pl\/wp-content\/uploads\/2021\/05\/52-985x1024.jpg\" alt=\"\" class=\"wp-image-1031\" width=\"354\" height=\"368\" srcset=\"https:\/\/suryn.pl\/wp-content\/uploads\/2021\/05\/52-985x1024.jpg 985w, https:\/\/suryn.pl\/wp-content\/uploads\/2021\/05\/52-289x300.jpg 289w, https:\/\/suryn.pl\/wp-content\/uploads\/2021\/05\/52-768x798.jpg 768w, https:\/\/suryn.pl\/wp-content\/uploads\/2021\/05\/52-327x340.jpg 327w, https:\/\/suryn.pl\/wp-content\/uploads\/2021\/05\/52.jpg 1043w\" sizes=\"auto, (max-width: 354px) 100vw, 354px\" \/><\/figure>\n\n\n\n<div style=\"height:42px\" aria-hidden=\"true\" class=\"wp-block-spacer\"><\/div>\n","protected":false},"excerpt":{"rendered":"<p>Ksi\u0105\u017cka \u201eZnikam, by rosn\u0105\u0107\u201d jest zbiorem wspomnie\u0144 o Andrzeju Sulima- Surynie. Jest pe\u0142na anegdot z nim zwi\u0105zanych i refleksji nad nim. Napisa\u0142am j\u0105 przesz\u0142o dziesi\u0119\u0107 lat temu, ale rezultat tej pracy mnie rozczarowa\u0142. Materia\u0142y le\u017ca\u0142y wci\u0105\u017c na komputerze i nie dawa\u0142y spokoju. W 2018 roku napisa\u0142am wi\u0119c drug\u0105 wersj\u0119 i uzna\u0142am, \u017ce efekt jest do przyj\u0119cia, ale t\u0119 wersj\u0119 r\u00f3wnie\u017c &#8230;<\/p>\n","protected":false},"author":1,"featured_media":0,"parent":0,"menu_order":0,"comment_status":"closed","ping_status":"closed","template":"","meta":{"footnotes":""},"class_list":["post-22","page","type-page","status-publish","hentry"],"_links":{"self":[{"href":"https:\/\/suryn.pl\/index.php\/wp-json\/wp\/v2\/pages\/22","targetHints":{"allow":["GET"]}}],"collection":[{"href":"https:\/\/suryn.pl\/index.php\/wp-json\/wp\/v2\/pages"}],"about":[{"href":"https:\/\/suryn.pl\/index.php\/wp-json\/wp\/v2\/types\/page"}],"author":[{"embeddable":true,"href":"https:\/\/suryn.pl\/index.php\/wp-json\/wp\/v2\/users\/1"}],"replies":[{"embeddable":true,"href":"https:\/\/suryn.pl\/index.php\/wp-json\/wp\/v2\/comments?post=22"}],"version-history":[{"count":45,"href":"https:\/\/suryn.pl\/index.php\/wp-json\/wp\/v2\/pages\/22\/revisions"}],"predecessor-version":[{"id":3115,"href":"https:\/\/suryn.pl\/index.php\/wp-json\/wp\/v2\/pages\/22\/revisions\/3115"}],"wp:attachment":[{"href":"https:\/\/suryn.pl\/index.php\/wp-json\/wp\/v2\/media?parent=22"}],"curies":[{"name":"wp","href":"https:\/\/api.w.org\/{rel}","templated":true}]}}