{"id":2096,"date":"2021-10-14T18:00:55","date_gmt":"2021-10-14T16:00:55","guid":{"rendered":"http:\/\/suryn.pl\/?page_id=2096"},"modified":"2021-10-21T18:05:17","modified_gmt":"2021-10-21T16:05:17","slug":"2096-2","status":"publish","type":"page","link":"https:\/\/suryn.pl\/index.php\/2096-2\/","title":{"rendered":""},"content":{"rendered":"\n<p><\/p>\n\n\n\n<p style=\"font-size:24px\"><strong>Obraz ratunkowy<\/strong><\/p>\n\n\n\n<p><\/p>\n\n\n\n<h2 class=\"wp-block-heading\">czyta\u0142em ca\u0142\u0105 noc o psychologii<\/h2>\n\n\n\n<h2 class=\"wp-block-heading\">rano wiedzia\u0142em o sobie<\/h2>\n\n\n\n<h2 class=\"wp-block-heading\">mniej ni\u017c wieczorem<\/h2>\n\n\n\n<h2 class=\"wp-block-heading\">lecz kiedy wyszed\u0142em na \u015bnieg<\/h2>\n\n\n\n<h2 class=\"wp-block-heading\">pozwoli\u0142em by s\u0142o\u0144ce<\/h2>\n\n\n\n<h2 class=\"wp-block-heading\">wyja\u015bni\u0142o wszystko<\/h2>\n\n\n\n<h2 class=\"wp-block-heading\">i oto sta\u0142o si\u0119<\/h2>\n\n\n\n<h2 class=\"wp-block-heading\">oddycha\u0142em zimnym powietrzem<\/h2>\n\n\n\n<h2 class=\"wp-block-heading\">stopy moje cieszy\u0142y si\u0119 \u015bniegiem<\/h2>\n\n\n\n<h2 class=\"wp-block-heading\">i prowadzi\u0142y jedyn\u0105 s\u0142uszn\u0105 drog\u0105<\/h2>\n\n\n\n<h2 class=\"wp-block-heading\">niestety za p\u00f3\u017ano<\/h2>\n\n\n\n<p><\/p>\n\n\n\n<div style=\"height:425px\" aria-hidden=\"true\" class=\"wp-block-spacer\"><\/div>\n\n\n\n<p class=\"has-text-align-right\"><a href=\"http:\/\/suryn.pl\/index.php\/wiersze-wszystkie\/\">Wszystkie wiersze<\/a><\/p>\n","protected":false},"excerpt":{"rendered":"<p>Obraz ratunkowy czyta\u0142em ca\u0142\u0105 noc o psychologii rano wiedzia\u0142em o sobie mniej ni\u017c wieczorem lecz kiedy wyszed\u0142em na \u015bnieg pozwoli\u0142em by s\u0142o\u0144ce wyja\u015bni\u0142o wszystko i oto sta\u0142o si\u0119 oddycha\u0142em zimnym powietrzem stopy moje cieszy\u0142y si\u0119 \u015bniegiem i prowadzi\u0142y jedyn\u0105 s\u0142uszn\u0105 drog\u0105 niestety za p\u00f3\u017ano Wszystkie wiersze<\/p>\n","protected":false},"author":1,"featured_media":0,"parent":0,"menu_order":0,"comment_status":"closed","ping_status":"closed","template":"","meta":{"footnotes":""},"class_list":["post-2096","page","type-page","status-publish","hentry"],"_links":{"self":[{"href":"https:\/\/suryn.pl\/index.php\/wp-json\/wp\/v2\/pages\/2096","targetHints":{"allow":["GET"]}}],"collection":[{"href":"https:\/\/suryn.pl\/index.php\/wp-json\/wp\/v2\/pages"}],"about":[{"href":"https:\/\/suryn.pl\/index.php\/wp-json\/wp\/v2\/types\/page"}],"author":[{"embeddable":true,"href":"https:\/\/suryn.pl\/index.php\/wp-json\/wp\/v2\/users\/1"}],"replies":[{"embeddable":true,"href":"https:\/\/suryn.pl\/index.php\/wp-json\/wp\/v2\/comments?post=2096"}],"version-history":[{"count":2,"href":"https:\/\/suryn.pl\/index.php\/wp-json\/wp\/v2\/pages\/2096\/revisions"}],"predecessor-version":[{"id":2631,"href":"https:\/\/suryn.pl\/index.php\/wp-json\/wp\/v2\/pages\/2096\/revisions\/2631"}],"wp:attachment":[{"href":"https:\/\/suryn.pl\/index.php\/wp-json\/wp\/v2\/media?parent=2096"}],"curies":[{"name":"wp","href":"https:\/\/api.w.org\/{rel}","templated":true}]}}