{"id":2069,"date":"2021-10-14T17:52:49","date_gmt":"2021-10-14T15:52:49","guid":{"rendered":"http:\/\/suryn.pl\/?page_id=2069"},"modified":"2021-10-21T17:26:09","modified_gmt":"2021-10-21T15:26:09","slug":"2069-2","status":"publish","type":"page","link":"https:\/\/suryn.pl\/index.php\/2069-2\/","title":{"rendered":""},"content":{"rendered":"\n<p><\/p>\n\n\n\n<p style=\"font-size:24px\"><strong>Na po\u015bwi\u0119cenie kawa\u0142ka ziemi<\/strong><\/p>\n\n\n\n<p><em>Allanowi Ginsbergowi<\/em><\/p>\n\n\n\n<h2 class=\"wp-block-heading\">Masz racj\u0119 Allan \u2013 wszyscy mamy racj\u0119<\/h2>\n\n\n\n<h2 class=\"wp-block-heading\">\u015bwi\u0119te s\u0142oneczniki Rockland<\/h2>\n\n\n\n<h2 class=\"wp-block-heading\">wszystkie \u015bwi\u0119te s\u0142oneczniki<\/h2>\n\n\n\n<p><\/p>\n\n\n\n<h2 class=\"wp-block-heading\">Pos\u0142uchaj<\/h2>\n\n\n\n<h2 class=\"wp-block-heading\">daruj\u0119 tobie cierpienia stacyjne<\/h2>\n\n\n\n<h2 class=\"wp-block-heading\">moje szkice lunarne<\/h2>\n\n\n\n<h2 class=\"wp-block-heading\">oniryki fatalne<\/h2>\n\n\n\n<h2 class=\"wp-block-heading\">szepty sakralne<\/h2>\n\n\n\n<h2 class=\"wp-block-heading\">strachy manualne<\/h2>\n\n\n\n<p><\/p>\n\n\n\n<h2 class=\"wp-block-heading\">Pos\u0142uchaj<\/h2>\n\n\n\n<h2 class=\"wp-block-heading\">by\u0142a naga i szczera jak kopia Don Kichota<\/h2>\n\n\n\n<h2 class=\"wp-block-heading\">lubi\u0142a karmi\u0107 poet\u00f3w w klatkach<\/h2>\n\n\n\n<h2 class=\"wp-block-heading\">nie wiem czy wiesz \u017ce poeta<\/h2>\n\n\n\n<h2 class=\"wp-block-heading\">to pierwsze stadium owada<\/h2>\n\n\n\n<p><\/p>\n\n\n\n<h2 class=\"wp-block-heading\">Pos\u0142uchaj<\/h2>\n\n\n\n<h2 class=\"wp-block-heading\">\u017cal Colombiny to ca\u0142kiem r\u00f3\u017cowy pomys\u0142<\/h2>\n\n\n\n<h2 class=\"wp-block-heading\">na bia\u0142ej r\u0119ce Boga<\/h2>\n\n\n\n<h2 class=\"wp-block-heading\">gdy si\u0119 o tym dowiedzia\u0142a p\u0119k\u0142o mechaniczne<\/h2>\n\n\n\n<h2 class=\"wp-block-heading\">serce<\/h2>\n\n\n\n<p><\/p>\n\n\n\n<h2 class=\"wp-block-heading\">Pos\u0142uchaj<\/h2>\n\n\n\n<h2 class=\"wp-block-heading\">ty kt\u00f3ry szybujesz nad biologi\u0105<\/h2>\n\n\n\n<h2 class=\"wp-block-heading\">ju\u017c ci chromosomy ukr\u0119ci\u0142y stryczek<\/h2>\n\n\n\n<h2 class=\"wp-block-heading\">ale nie o tym<\/h2>\n\n\n\n<h2 class=\"wp-block-heading\">o twoich zwierz\u0119tach chcia\u0142bym<\/h2>\n\n\n\n<h2 class=\"wp-block-heading\">ale z daleka bo znam ich krwiste nawyki<\/h2>\n\n\n\n<h2 class=\"wp-block-heading\">ot\u00f3\u017c \u2013 daj im wolno\u015b\u0107<\/h2>\n\n\n\n<h2 class=\"wp-block-heading\">niech gnaj\u0105 w mityczne lasy<\/h2>\n\n\n\n<h2 class=\"wp-block-heading\">niech stadem wybuchn\u0105 na sklepieniach jaski\u0144<\/h2>\n\n\n\n<h2 class=\"wp-block-heading\">bo inna to my\u015bl i inne polowanie<\/h2>\n\n\n\n<p><\/p>\n\n\n\n<h2 class=\"wp-block-heading\">Pos\u0142uchaj<\/h2>\n\n\n\n<h2 class=\"wp-block-heading\">szept betonowych m\u00f3zg\u00f3w<\/h2>\n\n\n\n<h2 class=\"wp-block-heading\">wyros\u0142o mi miasto<\/h2>\n\n\n\n<h2 class=\"wp-block-heading\">jak wyrok na b\u0142\u0119kit<\/h2>\n\n\n\n<h2 class=\"wp-block-heading\">w nim odmierzam cztery pory b\u00f3lu<\/h2>\n\n\n\n<h2 class=\"wp-block-heading\">pierwsza jest sin\u0105 hien\u0105 ob\u017cart\u0105 moim snem<\/h2>\n\n\n\n<h2 class=\"wp-block-heading\">druga pospiesznym deptaniem kamienia<\/h2>\n\n\n\n<h2 class=\"wp-block-heading\">trzecia papierow\u0105 corrid\u0105<\/h2>\n\n\n\n<h2 class=\"wp-block-heading\">czwarta gestem nadziei granatowego guru<\/h2>\n\n\n\n<p><\/p>\n\n\n\n<h2 class=\"wp-block-heading\">Pos\u0142uchaj<\/h2>\n\n\n\n<h2 class=\"wp-block-heading\">da\u0142em ci zbo\u017ca i minera\u0142y<\/h2>\n\n\n\n<h2 class=\"wp-block-heading\">licencj\u0119 na szcz\u0119\u015bcie<\/h2>\n\n\n\n<h2 class=\"wp-block-heading\">kim jeste\u015b<\/h2>\n\n\n\n<h2 class=\"wp-block-heading\">jeste\u015b obrazem kobiety<\/h2>\n\n\n\n<h2 class=\"wp-block-heading\">\u017cegluj\u0105cej po martwych morzach<\/h2>\n\n\n\n<h2 class=\"wp-block-heading\">jeste\u015b zapomnianym s\u0142owem<\/h2>\n\n\n\n<h2 class=\"wp-block-heading\">w india\u0144skiej legendzie<\/h2>\n\n\n\n<h2 class=\"wp-block-heading\">dla ciebie ten b\u0142\u0119kitny lunapark<\/h2>\n\n\n\n<h2 class=\"wp-block-heading\">pe\u0142en dzikich liczb<\/h2>\n\n\n\n<h2 class=\"wp-block-heading\">i niecierpliwych tajemnic<\/h2>\n\n\n\n<p><\/p>\n\n\n\n<div style=\"height:159px\" aria-hidden=\"true\" class=\"wp-block-spacer\"><\/div>\n\n\n\n<p class=\"has-text-align-right\"><a href=\"http:\/\/suryn.pl\/index.php\/wiersze-wszystkie\/\">Wszystkie wiersze<\/a><\/p>\n","protected":false},"excerpt":{"rendered":"<p>Na po\u015bwi\u0119cenie kawa\u0142ka ziemi Allanowi Ginsbergowi Masz racj\u0119 Allan \u2013 wszyscy mamy racj\u0119 \u015bwi\u0119te s\u0142oneczniki Rockland wszystkie \u015bwi\u0119te s\u0142oneczniki Pos\u0142uchaj daruj\u0119 tobie cierpienia stacyjne moje szkice lunarne oniryki fatalne szepty sakralne strachy manualne Pos\u0142uchaj by\u0142a naga i szczera jak kopia Don Kichota lubi\u0142a karmi\u0107 poet\u00f3w w klatkach nie wiem czy wiesz \u017ce poeta to pierwsze stadium owada Pos\u0142uchaj \u017cal Colombiny &#8230;<\/p>\n","protected":false},"author":1,"featured_media":0,"parent":0,"menu_order":0,"comment_status":"closed","ping_status":"closed","template":"","meta":{"footnotes":""},"class_list":["post-2069","page","type-page","status-publish","hentry"],"_links":{"self":[{"href":"https:\/\/suryn.pl\/index.php\/wp-json\/wp\/v2\/pages\/2069","targetHints":{"allow":["GET"]}}],"collection":[{"href":"https:\/\/suryn.pl\/index.php\/wp-json\/wp\/v2\/pages"}],"about":[{"href":"https:\/\/suryn.pl\/index.php\/wp-json\/wp\/v2\/types\/page"}],"author":[{"embeddable":true,"href":"https:\/\/suryn.pl\/index.php\/wp-json\/wp\/v2\/users\/1"}],"replies":[{"embeddable":true,"href":"https:\/\/suryn.pl\/index.php\/wp-json\/wp\/v2\/comments?post=2069"}],"version-history":[{"count":7,"href":"https:\/\/suryn.pl\/index.php\/wp-json\/wp\/v2\/pages\/2069\/revisions"}],"predecessor-version":[{"id":2625,"href":"https:\/\/suryn.pl\/index.php\/wp-json\/wp\/v2\/pages\/2069\/revisions\/2625"}],"wp:attachment":[{"href":"https:\/\/suryn.pl\/index.php\/wp-json\/wp\/v2\/media?parent=2069"}],"curies":[{"name":"wp","href":"https:\/\/api.w.org\/{rel}","templated":true}]}}