{"id":1897,"date":"2021-10-13T23:34:08","date_gmt":"2021-10-13T21:34:08","guid":{"rendered":"http:\/\/suryn.pl\/?page_id=1897"},"modified":"2021-10-21T15:22:40","modified_gmt":"2021-10-21T13:22:40","slug":"1897-2","status":"publish","type":"page","link":"https:\/\/suryn.pl\/index.php\/1897-2\/","title":{"rendered":""},"content":{"rendered":"\n<p><\/p>\n\n\n\n<p style=\"font-size:24px\"><strong>Jest i nie ma<\/strong><\/p>\n\n\n\n<p><\/p>\n\n\n\n<h2 class=\"wp-block-heading\">\u015bwiat\u0142o stwarza \u015bwiat<\/h2>\n\n\n\n<h2 class=\"wp-block-heading\">kr\u00f3lik wyj\u0119ty z kapelusza<\/h2>\n\n\n\n<h2 class=\"wp-block-heading\">wraca tam gdy \u015bpisz<\/h2>\n\n\n\n<h2 class=\"wp-block-heading\">a czy kto\u015b widzia\u0142 mnie?<\/h2>\n\n\n\n<h2 class=\"wp-block-heading\">ja nie<\/h2>\n\n\n\n<div style=\"height:240px\" aria-hidden=\"true\" class=\"wp-block-spacer\"><\/div>\n\n\n\n<p class=\"has-text-align-right\"><a href=\"http:\/\/suryn.pl\/index.php\/wiersze-wszystkie\/\">Wszystkie wiersze<\/a><\/p>\n","protected":false},"excerpt":{"rendered":"<p>Jest i nie ma \u015bwiat\u0142o stwarza \u015bwiat kr\u00f3lik wyj\u0119ty z kapelusza wraca tam gdy \u015bpisz a czy kto\u015b widzia\u0142 mnie? ja nie Wszystkie wiersze<\/p>\n","protected":false},"author":1,"featured_media":0,"parent":0,"menu_order":0,"comment_status":"closed","ping_status":"closed","template":"","meta":{"footnotes":""},"class_list":["post-1897","page","type-page","status-publish","hentry"],"_links":{"self":[{"href":"https:\/\/suryn.pl\/index.php\/wp-json\/wp\/v2\/pages\/1897","targetHints":{"allow":["GET"]}}],"collection":[{"href":"https:\/\/suryn.pl\/index.php\/wp-json\/wp\/v2\/pages"}],"about":[{"href":"https:\/\/suryn.pl\/index.php\/wp-json\/wp\/v2\/types\/page"}],"author":[{"embeddable":true,"href":"https:\/\/suryn.pl\/index.php\/wp-json\/wp\/v2\/users\/1"}],"replies":[{"embeddable":true,"href":"https:\/\/suryn.pl\/index.php\/wp-json\/wp\/v2\/comments?post=1897"}],"version-history":[{"count":2,"href":"https:\/\/suryn.pl\/index.php\/wp-json\/wp\/v2\/pages\/1897\/revisions"}],"predecessor-version":[{"id":2568,"href":"https:\/\/suryn.pl\/index.php\/wp-json\/wp\/v2\/pages\/1897\/revisions\/2568"}],"wp:attachment":[{"href":"https:\/\/suryn.pl\/index.php\/wp-json\/wp\/v2\/media?parent=1897"}],"curies":[{"name":"wp","href":"https:\/\/api.w.org\/{rel}","templated":true}]}}