{"id":1846,"date":"2021-10-13T20:43:56","date_gmt":"2021-10-13T18:43:56","guid":{"rendered":"http:\/\/suryn.pl\/?page_id=1846"},"modified":"2021-10-21T14:50:14","modified_gmt":"2021-10-21T12:50:14","slug":"1846-2","status":"publish","type":"page","link":"https:\/\/suryn.pl\/index.php\/1846-2\/","title":{"rendered":""},"content":{"rendered":"\n<p><\/p>\n\n\n\n<p style=\"font-size:24px\"><strong>Haiku tutejsze<\/strong><\/p>\n\n\n\n<p><\/p>\n\n\n\n<h2 class=\"wp-block-heading\">mieli mnie czas<\/h2>\n\n\n\n<h2 class=\"wp-block-heading\">na \u017carnach \u015bwiata<\/h2>\n\n\n\n<h2 class=\"wp-block-heading\">czy z tego ziarna<\/h2>\n\n\n\n<h2 class=\"wp-block-heading\">b\u0119dzie chleb?<\/h2>\n\n\n\n<div style=\"height:248px\" aria-hidden=\"true\" class=\"wp-block-spacer\"><\/div>\n\n\n\n<p class=\"has-text-align-right\"><a href=\"http:\/\/suryn.pl\/index.php\/wiersze-wszystkie\/\">Wszystkie wiersze<\/a><\/p>\n","protected":false},"excerpt":{"rendered":"<p>Haiku tutejsze mieli mnie czas na \u017carnach \u015bwiata czy z tego ziarna b\u0119dzie chleb? Wszystkie wiersze<\/p>\n","protected":false},"author":1,"featured_media":0,"parent":0,"menu_order":0,"comment_status":"closed","ping_status":"closed","template":"","meta":{"footnotes":""},"class_list":["post-1846","page","type-page","status-publish","hentry"],"_links":{"self":[{"href":"https:\/\/suryn.pl\/index.php\/wp-json\/wp\/v2\/pages\/1846","targetHints":{"allow":["GET"]}}],"collection":[{"href":"https:\/\/suryn.pl\/index.php\/wp-json\/wp\/v2\/pages"}],"about":[{"href":"https:\/\/suryn.pl\/index.php\/wp-json\/wp\/v2\/types\/page"}],"author":[{"embeddable":true,"href":"https:\/\/suryn.pl\/index.php\/wp-json\/wp\/v2\/users\/1"}],"replies":[{"embeddable":true,"href":"https:\/\/suryn.pl\/index.php\/wp-json\/wp\/v2\/comments?post=1846"}],"version-history":[{"count":2,"href":"https:\/\/suryn.pl\/index.php\/wp-json\/wp\/v2\/pages\/1846\/revisions"}],"predecessor-version":[{"id":2546,"href":"https:\/\/suryn.pl\/index.php\/wp-json\/wp\/v2\/pages\/1846\/revisions\/2546"}],"wp:attachment":[{"href":"https:\/\/suryn.pl\/index.php\/wp-json\/wp\/v2\/media?parent=1846"}],"curies":[{"name":"wp","href":"https:\/\/api.w.org\/{rel}","templated":true}]}}