{"id":720,"date":"2021-05-19T13:34:31","date_gmt":"2021-05-19T11:34:31","guid":{"rendered":"http:\/\/suryn.pl\/?page_id=720"},"modified":"2021-05-20T19:58:23","modified_gmt":"2021-05-20T17:58:23","slug":"strona-224","status":"publish","type":"page","link":"http:\/\/suryn.pl\/index.php\/strona-224\/","title":{"rendered":"Strona 224"},"content":{"rendered":"\n<pre class=\"wp-block-verse\" style=\"font-size:17px\"><strong>Pistis Sophia<\/strong>\numar\u0142 w \u015bwietle\nurodzi\u0142 si\u0119 w \u015bwietle\nciemno\u015b\u0107 zostawi\u0142 ciemno\u015bci\njego drogi s\u0105 naszymi\njego my\u015bli\njego czyny\njedyny a powt\u00f3rzony\nznikam, by rosn\u0105\u0107\n\nKONIEC\n(przynajmniej po tej stronie)\n\n<\/pre>\n\n\n\n<p class=\"has-text-align-right\"><a href=\"http:\/\/suryn.pl\/index.php\/strona-222-i-223\/\" data-type=\"URL\" data-id=\"http:\/\/suryn.pl\/index.php\/strona-222-i-223\/\">Poprzednia<\/a>&nbsp;<\/p>\n\n\n\n<div style=\"height:500px\" aria-hidden=\"true\" class=\"wp-block-spacer\"><\/div>\n","protected":false},"excerpt":{"rendered":"<p>Pistis Sophia umar\u0142 w \u015bwietle urodzi\u0142 si\u0119 w \u015bwietle ciemno\u015b\u0107 zostawi\u0142 ciemno\u015bci jego drogi s\u0105 naszymi jego my\u015bli jego czyny jedyny a powt\u00f3rzony znikam, by rosn\u0105\u0107 KONIEC (przynajmniej po tej stronie) Poprzednia&nbsp;<\/p>\n","protected":false},"author":1,"featured_media":0,"parent":0,"menu_order":0,"comment_status":"closed","ping_status":"closed","template":"","meta":{"footnotes":""},"class_list":["post-720","page","type-page","status-publish","hentry"],"_links":{"self":[{"href":"http:\/\/suryn.pl\/index.php\/wp-json\/wp\/v2\/pages\/720","targetHints":{"allow":["GET"]}}],"collection":[{"href":"http:\/\/suryn.pl\/index.php\/wp-json\/wp\/v2\/pages"}],"about":[{"href":"http:\/\/suryn.pl\/index.php\/wp-json\/wp\/v2\/types\/page"}],"author":[{"embeddable":true,"href":"http:\/\/suryn.pl\/index.php\/wp-json\/wp\/v2\/users\/1"}],"replies":[{"embeddable":true,"href":"http:\/\/suryn.pl\/index.php\/wp-json\/wp\/v2\/comments?post=720"}],"version-history":[{"count":9,"href":"http:\/\/suryn.pl\/index.php\/wp-json\/wp\/v2\/pages\/720\/revisions"}],"predecessor-version":[{"id":1246,"href":"http:\/\/suryn.pl\/index.php\/wp-json\/wp\/v2\/pages\/720\/revisions\/1246"}],"wp:attachment":[{"href":"http:\/\/suryn.pl\/index.php\/wp-json\/wp\/v2\/media?parent=720"}],"curies":[{"name":"wp","href":"https:\/\/api.w.org\/{rel}","templated":true}]}}