{"id":717,"date":"2021-05-19T13:28:39","date_gmt":"2021-05-19T11:28:39","guid":{"rendered":"http:\/\/suryn.pl\/?page_id=717"},"modified":"2021-05-20T19:57:19","modified_gmt":"2021-05-20T17:57:19","slug":"strona-222-i-223","status":"publish","type":"page","link":"http:\/\/suryn.pl\/index.php\/strona-222-i-223\/","title":{"rendered":"Strona 222 i 223"},"content":{"rendered":"\n<pre class=\"wp-block-verse\" style=\"font-size:17px\"><strong>oto tajemnica wiary<\/strong>\noko w oko z Tob\u0105\nserce w serce\nranek w wiecz\u00f3r\nwiecz\u00f3r w ranek\ncokolwiek robisz\nnie odchodzisz\nnasze my\u015bli \u2013 Anio\u0142y\npos\u0142a\u0144cy drogi\nmi\u0119dzy Tob\u0105 a mn\u0105\nmi\u0142o\u015b\u0107 przebrana za \u017cycie\njawnie i skrycie\nwzajemnie i niezmiennie trwa<\/pre>\n\n\n\n<div style=\"height:100px\" aria-hidden=\"true\" class=\"wp-block-spacer\"><\/div>\n\n\n\n<div style=\"height:180px\" aria-hidden=\"true\" class=\"wp-block-spacer\"><\/div>\n\n\n\n<pre class=\"wp-block-verse\" style=\"font-size:17px\">\n\n<strong>***<\/strong>\nCudowna pora, jestem jak odnaleziony diament, dzi\u0119ki kt\u00f3remu splendor \u015bwiata przejawia\u0107 si\u0119 mo\u017ce. Ja \u2013 Sulima \u2013 Manwe \u2013 w\u0142adaj\u0105cy oddechem Ardy \u2013 p\u0142on\u0119 owini\u0119ty przestrzeni\u0105, Cia\u0142em Boga. Muzyka przeczysta, orszak przezroczysty, ta\u0144cz\u0105 przeze mnie smoki, sylfidy \u2013 lecz kto to widzi?\u00a0\u00a0Dooko\u0142a \u015blepi i g\u0142usi. Czy trzeba ukrzy\u017cowa\u0107 cia\u0142o, by na chwil\u0119 zdj\u0105\u0107 wam mrok z oczu?\nKoniec \u015bwiata jest jego pocz\u0105tkiem, stan \u015bwiadomo\u015bci \u2013 stanem \u017cycia. P\u0142owa \u0142aska jesieni, mg\u0142y jak szale sp\u0142ywaj\u0105 na udr\u0119czone cia\u0142o Ziemi. Dwa or\u0142y nad m\u0105 koron\u0105, miecz i omfalos \u015bwiec\u0105 po\u015brodku jeziora. Lancelot schodzi z g\u00f3r, czas si\u0119 dope\u0142ni\u0142 \u2013 daj \u015bwiadectwo Prawdzie.\u00a0\u00a0\u00a0\n\n\n\u00a0<\/pre>\n\n\n\n<p class=\"has-text-align-right\"><a href=\"http:\/\/suryn.pl\/index.php\/strona-220-i-221\/\" data-type=\"URL\" data-id=\"http:\/\/suryn.pl\/index.php\/strona-220-i-221\/\">Poprzednia<\/a>&nbsp; <a href=\"http:\/\/suryn.pl\/index.php\/strona-224\/\" data-type=\"URL\" data-id=\"http:\/\/suryn.pl\/index.php\/strona-224\/\">Nast\u0119pna<\/a><\/p>\n\n\n\n<div style=\"height:100px\" aria-hidden=\"true\" class=\"wp-block-spacer\"><\/div>\n\n\n\n<div style=\"height:100px\" aria-hidden=\"true\" class=\"wp-block-spacer\"><\/div>\n","protected":false},"excerpt":{"rendered":"<p>oto tajemnica wiary oko w oko z Tob\u0105 serce w serce ranek w wiecz\u00f3r wiecz\u00f3r w ranek cokolwiek robisz nie odchodzisz nasze my\u015bli \u2013 Anio\u0142y pos\u0142a\u0144cy drogi mi\u0119dzy Tob\u0105 a mn\u0105 mi\u0142o\u015b\u0107 przebrana za \u017cycie jawnie i skrycie wzajemnie i niezmiennie trwa *** Cudowna pora, jestem jak odnaleziony diament, dzi\u0119ki kt\u00f3remu splendor \u015bwiata przejawia\u0107 si\u0119 mo\u017ce. Ja \u2013 Sulima \u2013 &#8230;<\/p>\n","protected":false},"author":1,"featured_media":0,"parent":0,"menu_order":0,"comment_status":"closed","ping_status":"closed","template":"","meta":{"footnotes":""},"class_list":["post-717","page","type-page","status-publish","hentry"],"_links":{"self":[{"href":"http:\/\/suryn.pl\/index.php\/wp-json\/wp\/v2\/pages\/717","targetHints":{"allow":["GET"]}}],"collection":[{"href":"http:\/\/suryn.pl\/index.php\/wp-json\/wp\/v2\/pages"}],"about":[{"href":"http:\/\/suryn.pl\/index.php\/wp-json\/wp\/v2\/types\/page"}],"author":[{"embeddable":true,"href":"http:\/\/suryn.pl\/index.php\/wp-json\/wp\/v2\/users\/1"}],"replies":[{"embeddable":true,"href":"http:\/\/suryn.pl\/index.php\/wp-json\/wp\/v2\/comments?post=717"}],"version-history":[{"count":6,"href":"http:\/\/suryn.pl\/index.php\/wp-json\/wp\/v2\/pages\/717\/revisions"}],"predecessor-version":[{"id":1244,"href":"http:\/\/suryn.pl\/index.php\/wp-json\/wp\/v2\/pages\/717\/revisions\/1244"}],"wp:attachment":[{"href":"http:\/\/suryn.pl\/index.php\/wp-json\/wp\/v2\/media?parent=717"}],"curies":[{"name":"wp","href":"https:\/\/api.w.org\/{rel}","templated":true}]}}