{"id":708,"date":"2021-05-19T13:26:40","date_gmt":"2021-05-19T11:26:40","guid":{"rendered":"http:\/\/suryn.pl\/?page_id=708"},"modified":"2021-05-31T14:51:22","modified_gmt":"2021-05-31T12:51:22","slug":"strona-220-i-221","status":"publish","type":"page","link":"http:\/\/suryn.pl\/index.php\/strona-220-i-221\/","title":{"rendered":"Strona 220 i 221"},"content":{"rendered":"\n<pre class=\"wp-block-verse\" style=\"font-size:17px\"><strong>***<\/strong>\no jak\u017ce jestem ci wdzi\u0119czy\noddechu mego mistrzu\nza to \u017ce przemieniasz mnie\ntak \u0142agodnie\nw siebie<\/pre>\n\n\n\n<div style=\"height:100px\" aria-hidden=\"true\" class=\"wp-block-spacer\"><\/div>\n\n\n\n<div style=\"height:100px\" aria-hidden=\"true\" class=\"wp-block-spacer\"><\/div>\n\n\n\n<div style=\"height:126px\" aria-hidden=\"true\" class=\"wp-block-spacer\"><\/div>\n\n\n\n<pre class=\"wp-block-verse\" style=\"font-size:17px\"><strong>nie b\u00f3j si\u0119<\/strong>\ncokolwiek by si\u0119 nie dzia\u0142o\ntancerz i taniec to jedno\n&nbsp;\njest szpara mi\u0119dzy niemo\u017cliwym\na niemo\u017cliwym\nprzez kt\u00f3r\u0105 ku nam sp\u0142ywa\n\u015bwiat\u0142o prawdziwe\n\n<\/pre>\n\n\n\n<p class=\"has-text-align-right\"><a href=\"http:\/\/suryn.pl\/index.php\/strona-218-i-219\/\" data-type=\"URL\" data-id=\"http:\/\/suryn.pl\/index.php\/strona-218-i-219\/\">Poprzednia<\/a>&nbsp; <a href=\"http:\/\/suryn.pl\/index.php\/strona-222-i-223\/\" data-type=\"URL\" data-id=\"http:\/\/suryn.pl\/index.php\/strona-222-i-223\/\">Nast\u0119pna<\/a><\/p>\n\n\n\n<div style=\"height:100px\" aria-hidden=\"true\" class=\"wp-block-spacer\"><\/div>\n\n\n\n<div style=\"height:100px\" aria-hidden=\"true\" class=\"wp-block-spacer\"><\/div>\n","protected":false},"excerpt":{"rendered":"<p>*** o jak\u017ce jestem ci wdzi\u0119czy oddechu mego mistrzu za to \u017ce przemieniasz mnie tak \u0142agodnie w siebie nie b\u00f3j si\u0119 cokolwiek by si\u0119 nie dzia\u0142o tancerz i taniec to jedno &nbsp; jest szpara mi\u0119dzy niemo\u017cliwym a niemo\u017cliwym przez kt\u00f3r\u0105 ku nam sp\u0142ywa \u015bwiat\u0142o prawdziwe Poprzednia&nbsp; Nast\u0119pna<\/p>\n","protected":false},"author":1,"featured_media":0,"parent":0,"menu_order":0,"comment_status":"closed","ping_status":"closed","template":"","meta":{"footnotes":""},"class_list":["post-708","page","type-page","status-publish","hentry"],"_links":{"self":[{"href":"http:\/\/suryn.pl\/index.php\/wp-json\/wp\/v2\/pages\/708","targetHints":{"allow":["GET"]}}],"collection":[{"href":"http:\/\/suryn.pl\/index.php\/wp-json\/wp\/v2\/pages"}],"about":[{"href":"http:\/\/suryn.pl\/index.php\/wp-json\/wp\/v2\/types\/page"}],"author":[{"embeddable":true,"href":"http:\/\/suryn.pl\/index.php\/wp-json\/wp\/v2\/users\/1"}],"replies":[{"embeddable":true,"href":"http:\/\/suryn.pl\/index.php\/wp-json\/wp\/v2\/comments?post=708"}],"version-history":[{"count":11,"href":"http:\/\/suryn.pl\/index.php\/wp-json\/wp\/v2\/pages\/708\/revisions"}],"predecessor-version":[{"id":1593,"href":"http:\/\/suryn.pl\/index.php\/wp-json\/wp\/v2\/pages\/708\/revisions\/1593"}],"wp:attachment":[{"href":"http:\/\/suryn.pl\/index.php\/wp-json\/wp\/v2\/media?parent=708"}],"curies":[{"name":"wp","href":"https:\/\/api.w.org\/{rel}","templated":true}]}}