{"id":698,"date":"2021-05-19T13:21:01","date_gmt":"2021-05-19T11:21:01","guid":{"rendered":"http:\/\/suryn.pl\/?page_id=698"},"modified":"2021-05-19T20:07:51","modified_gmt":"2021-05-19T18:07:51","slug":"strona-216-i-217","status":"publish","type":"page","link":"http:\/\/suryn.pl\/index.php\/strona-216-i-217\/","title":{"rendered":"Strona 216 i 217"},"content":{"rendered":"\n<pre class=\"wp-block-verse\" style=\"font-size:17px\"><strong>\u015awi\u0119ty<\/strong>\n\u017by\u0142 jak czu\u0142y teleskop \u2013 im dalej od ludzi, tym bardziej dla ludzi. Nas\u0142uchiwa\u0142 Boga. Bing-bang \u2013 jego serce nios\u0142o si\u0119 przez wszech\u015bwiat z si\u0142\u0105 i subtelno\u015bci\u0105 mi\u0142o\u015bci. \u0141owi\u0142 je jak derwisz w transie koniuszkami palc\u00f3w. Tropi\u0142 Ducha wsz\u0119dzie \u2013 przyzywa\u0142 go w pu\u0142apki ciszy. Medytowa\u0142, a kiedy przepe\u0142ni\u0142o go \u015awiat\u0142o, kt\u00f3re tryska\u0142o jak fontanna na ca\u0142y \u015bwiat. - Ojcze - szepta\u0142 w zachwycie.\n&nbsp;- Dzi\u0119ki, dzi\u0119ki, dzi\u0119ki! \u0141zy moczy\u0142y dywan, na kt\u00f3ry osuwa\u0142 si\u0119 cudownie zm\u0119czony i zasypia\u0142 jak kamie\u0144.<\/pre>\n\n\n\n<div style=\"height:100px\" aria-hidden=\"true\" class=\"wp-block-spacer\"><\/div>\n\n\n\n<div style=\"height:138px\" aria-hidden=\"true\" class=\"wp-block-spacer\"><\/div>\n\n\n\n<pre class=\"wp-block-verse\" style=\"font-size:17px\"><strong>tako\u015b\u0107<\/strong>\nprzebaczone\nzapomniane\ndarowane\ni nie by\u0142o miejsca na \u015bwiecie\nbez mi\u0142o\u015bci\ncierpka, pal\u0105ca, prawdziwa\nnie spe\u0142nia\u0142a \u017cycze\u0144\nspe\u0142nia\u0142a zamiar Boga\n\n<\/pre>\n\n\n\n<p class=\"has-text-align-right\"><a href=\"http:\/\/suryn.pl\/index.php\/strona-2014-i-215\/\" data-type=\"URL\" data-id=\"http:\/\/suryn.pl\/index.php\/strona-2014-i-215\/\">Poprzednia<\/a>\u00a0 <a href=\"http:\/\/suryn.pl\/index.php\/strona-218-i-219\/\" data-type=\"URL\" data-id=\"http:\/\/suryn.pl\/index.php\/strona-218-i-219\/\">Nast\u0119pna<\/a><\/p>\n\n\n\n<div style=\"height:100px\" aria-hidden=\"true\" class=\"wp-block-spacer\"><\/div>\n\n\n\n<div style=\"height:100px\" aria-hidden=\"true\" class=\"wp-block-spacer\"><\/div>\n","protected":false},"excerpt":{"rendered":"<p>\u015awi\u0119ty \u017by\u0142 jak czu\u0142y teleskop \u2013 im dalej od ludzi, tym bardziej dla ludzi. Nas\u0142uchiwa\u0142 Boga. Bing-bang \u2013 jego serce nios\u0142o si\u0119 przez wszech\u015bwiat z si\u0142\u0105 i subtelno\u015bci\u0105 mi\u0142o\u015bci. \u0141owi\u0142 je jak derwisz w transie koniuszkami palc\u00f3w. Tropi\u0142 Ducha wsz\u0119dzie \u2013 przyzywa\u0142 go w pu\u0142apki ciszy. Medytowa\u0142, a kiedy przepe\u0142ni\u0142o go \u015awiat\u0142o, kt\u00f3re tryska\u0142o jak fontanna na ca\u0142y \u015bwiat. &#8211; &#8230;<\/p>\n","protected":false},"author":1,"featured_media":0,"parent":0,"menu_order":0,"comment_status":"closed","ping_status":"closed","template":"","meta":{"footnotes":""},"class_list":["post-698","page","type-page","status-publish","hentry"],"_links":{"self":[{"href":"http:\/\/suryn.pl\/index.php\/wp-json\/wp\/v2\/pages\/698","targetHints":{"allow":["GET"]}}],"collection":[{"href":"http:\/\/suryn.pl\/index.php\/wp-json\/wp\/v2\/pages"}],"about":[{"href":"http:\/\/suryn.pl\/index.php\/wp-json\/wp\/v2\/types\/page"}],"author":[{"embeddable":true,"href":"http:\/\/suryn.pl\/index.php\/wp-json\/wp\/v2\/users\/1"}],"replies":[{"embeddable":true,"href":"http:\/\/suryn.pl\/index.php\/wp-json\/wp\/v2\/comments?post=698"}],"version-history":[{"count":5,"href":"http:\/\/suryn.pl\/index.php\/wp-json\/wp\/v2\/pages\/698\/revisions"}],"predecessor-version":[{"id":866,"href":"http:\/\/suryn.pl\/index.php\/wp-json\/wp\/v2\/pages\/698\/revisions\/866"}],"wp:attachment":[{"href":"http:\/\/suryn.pl\/index.php\/wp-json\/wp\/v2\/media?parent=698"}],"curies":[{"name":"wp","href":"https:\/\/api.w.org\/{rel}","templated":true}]}}