{"id":693,"date":"2021-05-19T13:16:30","date_gmt":"2021-05-19T11:16:30","guid":{"rendered":"http:\/\/suryn.pl\/?page_id=693"},"modified":"2021-05-19T20:05:22","modified_gmt":"2021-05-19T18:05:22","slug":"strona-2014-i-215","status":"publish","type":"page","link":"http:\/\/suryn.pl\/index.php\/strona-2014-i-215\/","title":{"rendered":"Strona 214 i 215"},"content":{"rendered":"\n<pre class=\"wp-block-verse\" style=\"font-size:17px\"><strong>martwa natura z pretensjami<\/strong>\ntak i tak\ndom ducha bo\u017cego\ni tragarz trupa\ntrudno o lepsze napi\u0119cie\n&nbsp;- a strach?\non jest po drodze\nidzie za tob\u0105 jak pies\nale do swego nieba\nwejdziesz sam\nwszelkie przeciwno\u015bci s\u0105 jak ostrogi\ndla leniwego konia twej natury\n&nbsp;- a b\u00f3l ponad miar\u0119?\na kto zna miar\u0119?\n&nbsp;<\/pre>\n\n\n\n<div style=\"height:100px\" aria-hidden=\"true\" class=\"wp-block-spacer\"><\/div>\n\n\n\n<pre class=\"wp-block-verse\" style=\"font-size:17px\"><strong>laokonia<\/strong>\nwiatr rwa\u0142 go na\nstrz\u0119py\nlecz co\u015b pozosta\u0142o\nto by\u0142o wszystko\n\n<\/pre>\n\n\n\n<p class=\"has-text-align-right\"><a href=\"http:\/\/suryn.pl\/index.php\/strona-2012-i-213\/\" data-type=\"URL\" data-id=\"http:\/\/suryn.pl\/index.php\/strona-2012-i-213\/\">Poprzednia<\/a>\u00a0 <a href=\"http:\/\/suryn.pl\/index.php\/strona-216-i-217\/\" data-type=\"URL\" data-id=\"http:\/\/suryn.pl\/index.php\/strona-216-i-217\/\">Nast\u0119pna<\/a><\/p>\n\n\n\n<div style=\"height:100px\" aria-hidden=\"true\" class=\"wp-block-spacer\"><\/div>\n\n\n\n<div style=\"height:100px\" aria-hidden=\"true\" class=\"wp-block-spacer\"><\/div>\n\n\n\n<div style=\"height:100px\" aria-hidden=\"true\" class=\"wp-block-spacer\"><\/div>\n","protected":false},"excerpt":{"rendered":"<p>martwa natura z pretensjami tak i tak dom ducha bo\u017cego i tragarz trupa trudno o lepsze napi\u0119cie &nbsp;&#8211; a strach? on jest po drodze idzie za tob\u0105 jak pies ale do swego nieba wejdziesz sam wszelkie przeciwno\u015bci s\u0105 jak ostrogi dla leniwego konia twej natury &nbsp;&#8211; a b\u00f3l ponad miar\u0119? a kto zna miar\u0119? &nbsp; laokonia wiatr rwa\u0142 go na &#8230;<\/p>\n","protected":false},"author":1,"featured_media":0,"parent":0,"menu_order":0,"comment_status":"closed","ping_status":"closed","template":"","meta":{"footnotes":""},"class_list":["post-693","page","type-page","status-publish","hentry"],"_links":{"self":[{"href":"http:\/\/suryn.pl\/index.php\/wp-json\/wp\/v2\/pages\/693","targetHints":{"allow":["GET"]}}],"collection":[{"href":"http:\/\/suryn.pl\/index.php\/wp-json\/wp\/v2\/pages"}],"about":[{"href":"http:\/\/suryn.pl\/index.php\/wp-json\/wp\/v2\/types\/page"}],"author":[{"embeddable":true,"href":"http:\/\/suryn.pl\/index.php\/wp-json\/wp\/v2\/users\/1"}],"replies":[{"embeddable":true,"href":"http:\/\/suryn.pl\/index.php\/wp-json\/wp\/v2\/comments?post=693"}],"version-history":[{"count":6,"href":"http:\/\/suryn.pl\/index.php\/wp-json\/wp\/v2\/pages\/693\/revisions"}],"predecessor-version":[{"id":863,"href":"http:\/\/suryn.pl\/index.php\/wp-json\/wp\/v2\/pages\/693\/revisions\/863"}],"wp:attachment":[{"href":"http:\/\/suryn.pl\/index.php\/wp-json\/wp\/v2\/media?parent=693"}],"curies":[{"name":"wp","href":"https:\/\/api.w.org\/{rel}","templated":true}]}}