{"id":691,"date":"2021-05-19T13:14:05","date_gmt":"2021-05-19T11:14:05","guid":{"rendered":"http:\/\/suryn.pl\/?page_id=691"},"modified":"2021-05-20T19:56:02","modified_gmt":"2021-05-20T17:56:02","slug":"strona-2012-i-213","status":"publish","type":"page","link":"http:\/\/suryn.pl\/index.php\/strona-2012-i-213\/","title":{"rendered":"Strona 212 i 213"},"content":{"rendered":"\n<pre class=\"wp-block-verse\" style=\"font-size:17px\"><strong>ile<\/strong>\ntyle ile trzeba\njest mi\u0142o\u015bci w pocisku\nmkn\u0105cym na spotkanie sarny<\/pre>\n\n\n\n<div style=\"height:100px\" aria-hidden=\"true\" class=\"wp-block-spacer\"><\/div>\n\n\n\n<div style=\"height:100px\" aria-hidden=\"true\" class=\"wp-block-spacer\"><\/div>\n\n\n\n<div style=\"height:100px\" aria-hidden=\"true\" class=\"wp-block-spacer\"><\/div>\n\n\n\n<pre class=\"wp-block-verse\" style=\"font-size:17px\"><strong>***<\/strong>\nJe\u015bli si\u0119 nie obudzisz - pr\u00f3\u017cno si\u0119 trudzisz.\n\n<\/pre>\n\n\n\n<p class=\"has-text-align-right\"><a href=\"http:\/\/suryn.pl\/index.php\/strona-210-i-211\/\" data-type=\"URL\" data-id=\"http:\/\/suryn.pl\/index.php\/strona-210-i-211\/\">Poprzednia<\/a>&nbsp; <a href=\"http:\/\/suryn.pl\/index.php\/strona-2014-i-215\/\" data-type=\"URL\" data-id=\"http:\/\/suryn.pl\/index.php\/strona-2014-i-215\/\">Nast\u0119pna<\/a><\/p>\n\n\n\n<div style=\"height:100px\" aria-hidden=\"true\" class=\"wp-block-spacer\"><\/div>\n\n\n\n<div style=\"height:100px\" aria-hidden=\"true\" class=\"wp-block-spacer\"><\/div>\n\n\n\n<div style=\"height:100px\" aria-hidden=\"true\" class=\"wp-block-spacer\"><\/div>\n","protected":false},"excerpt":{"rendered":"<p>ile tyle ile trzeba jest mi\u0142o\u015bci w pocisku mkn\u0105cym na spotkanie sarny *** Je\u015bli si\u0119 nie obudzisz &#8211; pr\u00f3\u017cno si\u0119 trudzisz. Poprzednia&nbsp; Nast\u0119pna<\/p>\n","protected":false},"author":1,"featured_media":0,"parent":0,"menu_order":0,"comment_status":"closed","ping_status":"closed","template":"","meta":{"footnotes":""},"class_list":["post-691","page","type-page","status-publish","hentry"],"_links":{"self":[{"href":"http:\/\/suryn.pl\/index.php\/wp-json\/wp\/v2\/pages\/691","targetHints":{"allow":["GET"]}}],"collection":[{"href":"http:\/\/suryn.pl\/index.php\/wp-json\/wp\/v2\/pages"}],"about":[{"href":"http:\/\/suryn.pl\/index.php\/wp-json\/wp\/v2\/types\/page"}],"author":[{"embeddable":true,"href":"http:\/\/suryn.pl\/index.php\/wp-json\/wp\/v2\/users\/1"}],"replies":[{"embeddable":true,"href":"http:\/\/suryn.pl\/index.php\/wp-json\/wp\/v2\/comments?post=691"}],"version-history":[{"count":8,"href":"http:\/\/suryn.pl\/index.php\/wp-json\/wp\/v2\/pages\/691\/revisions"}],"predecessor-version":[{"id":1240,"href":"http:\/\/suryn.pl\/index.php\/wp-json\/wp\/v2\/pages\/691\/revisions\/1240"}],"wp:attachment":[{"href":"http:\/\/suryn.pl\/index.php\/wp-json\/wp\/v2\/media?parent=691"}],"curies":[{"name":"wp","href":"https:\/\/api.w.org\/{rel}","templated":true}]}}