{"id":686,"date":"2021-05-19T13:12:19","date_gmt":"2021-05-19T11:12:19","guid":{"rendered":"http:\/\/suryn.pl\/?page_id=686"},"modified":"2021-05-20T19:55:31","modified_gmt":"2021-05-20T17:55:31","slug":"strona-210-i-211","status":"publish","type":"page","link":"http:\/\/suryn.pl\/index.php\/strona-210-i-211\/","title":{"rendered":"Strona 210 i 211"},"content":{"rendered":"\n<pre class=\"wp-block-verse\" style=\"font-size:17px\"><strong>alegoria<\/strong>\nle\u017c\u0119 na \u0142asce\nb\u00f3lu\ni widz\u0119 przez okno\njak jastrz\u0105b kr\u0105\u017cy coraz\nwy\u017cej\nwygl\u0105da to na taniec\nrado\u015bci\na jest zapewne wypatrywaniem\nmi\u0119sa<\/pre>\n\n\n\n<div style=\"height:100px\" aria-hidden=\"true\" class=\"wp-block-spacer\"><\/div>\n\n\n\n<div style=\"height:100px\" aria-hidden=\"true\" class=\"wp-block-spacer\"><\/div>\n\n\n\n<pre class=\"wp-block-verse\" style=\"font-size:17px\"><strong>***<\/strong>\nJak\u017ce cierpliwa jest dobra nowina, gdyby\u015b ufa\u0142 jak ziarno cierpienie by ci\u0119 omija\u0142o, a \u015bmier\u0107 by\u0142aby zmartwychwstaniem.\u00a0\u00a0\n\n<\/pre>\n\n\n\n<p class=\"has-text-align-right\"><a href=\"http:\/\/suryn.pl\/index.php\/strona-208-i-209\/\" data-type=\"URL\" data-id=\"http:\/\/suryn.pl\/index.php\/strona-208-i-209\/\">Poprzednia<\/a>&nbsp; <a href=\"http:\/\/suryn.pl\/index.php\/strona-2012-i-213\/\" data-type=\"URL\" data-id=\"http:\/\/suryn.pl\/index.php\/strona-2012-i-213\/\">Nast\u0119pna<\/a><\/p>\n\n\n\n<div style=\"height:100px\" aria-hidden=\"true\" class=\"wp-block-spacer\"><\/div>\n\n\n\n<div style=\"height:100px\" aria-hidden=\"true\" class=\"wp-block-spacer\"><\/div>\n\n\n\n<div style=\"height:100px\" aria-hidden=\"true\" class=\"wp-block-spacer\"><\/div>\n","protected":false},"excerpt":{"rendered":"<p>alegoria le\u017c\u0119 na \u0142asce b\u00f3lu i widz\u0119 przez okno jak jastrz\u0105b kr\u0105\u017cy coraz wy\u017cej wygl\u0105da to na taniec rado\u015bci a jest zapewne wypatrywaniem mi\u0119sa *** Jak\u017ce cierpliwa jest dobra nowina, gdyby\u015b ufa\u0142 jak ziarno cierpienie by ci\u0119 omija\u0142o, a \u015bmier\u0107 by\u0142aby zmartwychwstaniem.\u00a0\u00a0 Poprzednia&nbsp; Nast\u0119pna<\/p>\n","protected":false},"author":1,"featured_media":0,"parent":0,"menu_order":0,"comment_status":"closed","ping_status":"closed","template":"","meta":{"footnotes":""},"class_list":["post-686","page","type-page","status-publish","hentry"],"_links":{"self":[{"href":"http:\/\/suryn.pl\/index.php\/wp-json\/wp\/v2\/pages\/686","targetHints":{"allow":["GET"]}}],"collection":[{"href":"http:\/\/suryn.pl\/index.php\/wp-json\/wp\/v2\/pages"}],"about":[{"href":"http:\/\/suryn.pl\/index.php\/wp-json\/wp\/v2\/types\/page"}],"author":[{"embeddable":true,"href":"http:\/\/suryn.pl\/index.php\/wp-json\/wp\/v2\/users\/1"}],"replies":[{"embeddable":true,"href":"http:\/\/suryn.pl\/index.php\/wp-json\/wp\/v2\/comments?post=686"}],"version-history":[{"count":7,"href":"http:\/\/suryn.pl\/index.php\/wp-json\/wp\/v2\/pages\/686\/revisions"}],"predecessor-version":[{"id":1238,"href":"http:\/\/suryn.pl\/index.php\/wp-json\/wp\/v2\/pages\/686\/revisions\/1238"}],"wp:attachment":[{"href":"http:\/\/suryn.pl\/index.php\/wp-json\/wp\/v2\/media?parent=686"}],"curies":[{"name":"wp","href":"https:\/\/api.w.org\/{rel}","templated":true}]}}