{"id":681,"date":"2021-05-19T13:10:02","date_gmt":"2021-05-19T11:10:02","guid":{"rendered":"http:\/\/suryn.pl\/?page_id=681"},"modified":"2021-05-31T14:54:26","modified_gmt":"2021-05-31T12:54:26","slug":"strona-208-i-209","status":"publish","type":"page","link":"http:\/\/suryn.pl\/index.php\/strona-208-i-209\/","title":{"rendered":"Strona 208 i 209"},"content":{"rendered":"\n<pre class=\"wp-block-verse\" style=\"font-size:17px\"><strong>Warmia<\/strong>\nalbo stara ba\u015b\u0144\nnikt jej ju\u017c dzi\u015b nie pami\u0119ta\nmi\u0142o\u015b\u0107 i melancholia pod niskim niebem\nkraina senna\ni krzyk \u017curawi w r\u00f3\u017cowy poranek\n\na o zachodzie na bure wzg\u00f3rza\ns\u0142o\u0144ce wylewa star\u0105 krew<\/pre>\n\n\n\n<div style=\"height:81px\" aria-hidden=\"true\" class=\"wp-block-spacer\"><\/div>\n\n\n\n<div style=\"height:100px\" aria-hidden=\"true\" class=\"wp-block-spacer\"><\/div>\n\n\n\n<div style=\"height:81px\" aria-hidden=\"true\" class=\"wp-block-spacer\"><\/div>\n\n\n\n<pre class=\"wp-block-verse\" style=\"font-size:17px\"><strong>nadzieja<\/strong>\ndnie polane miodem\ns\u0142o\u0144ce na wielk\u0105 zgod\u0119\nlipca i sierpnia\ndrzewa jak rze\u017aby w po\u0142udnie\nzapatrzenie i zadziwienie\na mi\u0142o\u015b\u0107 \u0142opoce na niebie\nwi\u0119c tanio sprzedaj\u0119 m\u00f3j smutek\ni modl\u0119 si\u0119 o znak\nk\u0142aniam si\u0119 \u015bwi\u0119tej trawie\ni sw\u00f3j sznur do nieba\nplot\u0119 z wiary, nadziei i mi\u0142o\u015bci\n\n<\/pre>\n\n\n\n<p class=\"has-text-align-right\"><a href=\"http:\/\/suryn.pl\/index.php\/strona-206-i-207\/\" data-type=\"URL\" data-id=\"http:\/\/suryn.pl\/index.php\/strona-206-i-207\/\">Poprzednia<\/a>&nbsp; <a href=\"http:\/\/suryn.pl\/index.php\/strona-210-i-211\/\" data-type=\"URL\" data-id=\"http:\/\/suryn.pl\/index.php\/strona-210-i-211\/\">Nast\u0119pna<\/a><\/p>\n\n\n\n<div style=\"height:100px\" aria-hidden=\"true\" class=\"wp-block-spacer\"><\/div>\n","protected":false},"excerpt":{"rendered":"<p>Warmia albo stara ba\u015b\u0144 nikt jej ju\u017c dzi\u015b nie pami\u0119ta mi\u0142o\u015b\u0107 i melancholia pod niskim niebem kraina senna i krzyk \u017curawi w r\u00f3\u017cowy poranek a o zachodzie na bure wzg\u00f3rza s\u0142o\u0144ce wylewa star\u0105 krew nadzieja dnie polane miodem s\u0142o\u0144ce na wielk\u0105 zgod\u0119 lipca i sierpnia drzewa jak rze\u017aby w po\u0142udnie zapatrzenie i zadziwienie a mi\u0142o\u015b\u0107 \u0142opoce na niebie wi\u0119c tanio &#8230;<\/p>\n","protected":false},"author":1,"featured_media":0,"parent":0,"menu_order":0,"comment_status":"closed","ping_status":"closed","template":"","meta":{"footnotes":""},"class_list":["post-681","page","type-page","status-publish","hentry"],"_links":{"self":[{"href":"http:\/\/suryn.pl\/index.php\/wp-json\/wp\/v2\/pages\/681","targetHints":{"allow":["GET"]}}],"collection":[{"href":"http:\/\/suryn.pl\/index.php\/wp-json\/wp\/v2\/pages"}],"about":[{"href":"http:\/\/suryn.pl\/index.php\/wp-json\/wp\/v2\/types\/page"}],"author":[{"embeddable":true,"href":"http:\/\/suryn.pl\/index.php\/wp-json\/wp\/v2\/users\/1"}],"replies":[{"embeddable":true,"href":"http:\/\/suryn.pl\/index.php\/wp-json\/wp\/v2\/comments?post=681"}],"version-history":[{"count":6,"href":"http:\/\/suryn.pl\/index.php\/wp-json\/wp\/v2\/pages\/681\/revisions"}],"predecessor-version":[{"id":1541,"href":"http:\/\/suryn.pl\/index.php\/wp-json\/wp\/v2\/pages\/681\/revisions\/1541"}],"wp:attachment":[{"href":"http:\/\/suryn.pl\/index.php\/wp-json\/wp\/v2\/media?parent=681"}],"curies":[{"name":"wp","href":"https:\/\/api.w.org\/{rel}","templated":true}]}}