{"id":677,"date":"2021-05-19T13:07:32","date_gmt":"2021-05-19T11:07:32","guid":{"rendered":"http:\/\/suryn.pl\/?page_id=677"},"modified":"2021-05-20T19:55:03","modified_gmt":"2021-05-20T17:55:03","slug":"strona-206-i-207","status":"publish","type":"page","link":"http:\/\/suryn.pl\/index.php\/strona-206-i-207\/","title":{"rendered":"Strona 206 i 207"},"content":{"rendered":"\n<pre class=\"wp-block-verse\" style=\"font-size:17px\"><strong>***<\/strong>\nczy\u015b\u0107 sw\u00f3j diament nieustannie\nby\u015b nie zas\u0142ania\u0142\n\u015bwiat\u0142a prawdziwego\n\u00a0<\/pre>\n\n\n\n<div style=\"height:100px\" aria-hidden=\"true\" class=\"wp-block-spacer\"><\/div>\n\n\n\n<div style=\"height:100px\" aria-hidden=\"true\" class=\"wp-block-spacer\"><\/div>\n\n\n\n<div style=\"height:370px\" aria-hidden=\"true\" class=\"wp-block-spacer\"><\/div>\n\n\n\n<pre class=\"wp-block-verse\" style=\"font-size:17px\"><strong>***<\/strong>\nsen m\u00f3j\npasie si\u0119 na\n\u0142\u0105ce\nile tu mi\u0142o\u015bci\nmilczymy rado\u015bnie\nwypalam fajk\u0119\nz ojcem\ni robi si\u0119 zima\nchodzimy boso po \u015bniegu\njak zwierz\u0119ta\n\u015bwierk jak rakieta\nw koralach z gili\no nic nie pytam\nby nie sp\u0142oszy\u0107\nchwili\n\n<\/pre>\n\n\n\n<p class=\"has-text-align-right\"><a href=\"http:\/\/suryn.pl\/index.php\/strona-204-i-205\/\" data-type=\"URL\" data-id=\"http:\/\/suryn.pl\/index.php\/strona-204-i-205\/\">Poprzednia<\/a>&nbsp; <a href=\"http:\/\/suryn.pl\/index.php\/strona-208-i-209\/\" data-type=\"URL\" data-id=\"http:\/\/suryn.pl\/index.php\/strona-208-i-209\/\">Nast\u0119pna<\/a><\/p>\n\n\n\n<div style=\"height:100px\" aria-hidden=\"true\" class=\"wp-block-spacer\"><\/div>\n\n\n\n<div style=\"height:100px\" aria-hidden=\"true\" class=\"wp-block-spacer\"><\/div>\n","protected":false},"excerpt":{"rendered":"<p>*** czy\u015b\u0107 sw\u00f3j diament nieustannie by\u015b nie zas\u0142ania\u0142 \u015bwiat\u0142a prawdziwego \u00a0 *** sen m\u00f3j pasie si\u0119 na \u0142\u0105ce ile tu mi\u0142o\u015bci milczymy rado\u015bnie wypalam fajk\u0119 z ojcem i robi si\u0119 zima chodzimy boso po \u015bniegu jak zwierz\u0119ta \u015bwierk jak rakieta w koralach z gili o nic nie pytam by nie sp\u0142oszy\u0107 chwili Poprzednia&nbsp; Nast\u0119pna<\/p>\n","protected":false},"author":1,"featured_media":0,"parent":0,"menu_order":0,"comment_status":"closed","ping_status":"closed","template":"","meta":{"footnotes":""},"class_list":["post-677","page","type-page","status-publish","hentry"],"_links":{"self":[{"href":"http:\/\/suryn.pl\/index.php\/wp-json\/wp\/v2\/pages\/677","targetHints":{"allow":["GET"]}}],"collection":[{"href":"http:\/\/suryn.pl\/index.php\/wp-json\/wp\/v2\/pages"}],"about":[{"href":"http:\/\/suryn.pl\/index.php\/wp-json\/wp\/v2\/types\/page"}],"author":[{"embeddable":true,"href":"http:\/\/suryn.pl\/index.php\/wp-json\/wp\/v2\/users\/1"}],"replies":[{"embeddable":true,"href":"http:\/\/suryn.pl\/index.php\/wp-json\/wp\/v2\/comments?post=677"}],"version-history":[{"count":5,"href":"http:\/\/suryn.pl\/index.php\/wp-json\/wp\/v2\/pages\/677\/revisions"}],"predecessor-version":[{"id":1237,"href":"http:\/\/suryn.pl\/index.php\/wp-json\/wp\/v2\/pages\/677\/revisions\/1237"}],"wp:attachment":[{"href":"http:\/\/suryn.pl\/index.php\/wp-json\/wp\/v2\/media?parent=677"}],"curies":[{"name":"wp","href":"https:\/\/api.w.org\/{rel}","templated":true}]}}