{"id":660,"date":"2021-05-19T12:58:15","date_gmt":"2021-05-19T10:58:15","guid":{"rendered":"http:\/\/suryn.pl\/?page_id=660"},"modified":"2021-05-21T15:41:21","modified_gmt":"2021-05-21T13:41:21","slug":"strona-198-i-199","status":"publish","type":"page","link":"http:\/\/suryn.pl\/index.php\/strona-198-i-199\/","title":{"rendered":"Strona 198 i 199"},"content":{"rendered":"\n<pre class=\"wp-block-verse\" style=\"font-size:17px\"><strong>***<\/strong>\nsamotny\nna wyspie swego m\u00f3zgu\npatrzy na przyp\u0142ywy\ni odp\u0142ywy nadziei\n&nbsp;\nskarabeusz toczy \u015bwiat\nhistoria nie \u015bpi<\/pre>\n\n\n\n<div style=\"height:69px\" aria-hidden=\"true\" class=\"wp-block-spacer\"><\/div>\n\n\n\n<div style=\"height:100px\" aria-hidden=\"true\" class=\"wp-block-spacer\"><\/div>\n\n\n\n<div style=\"height:133px\" aria-hidden=\"true\" class=\"wp-block-spacer\"><\/div>\n\n\n\n<pre class=\"wp-block-verse\" style=\"font-size:17px\"><strong>modlitwa Alberta<\/strong>\ngodziny bez nadziei\nkiedy raz po raz\nprowadzi\u0142em l\u0119kliwe\nwyrazy\nw ogrody sensu\nwybaczcie je\u015blim zw\u0105tpi\u0142\ni burz\u0119 sam dygocz\u0105c\nw jaskini przeczeka\u0142\nbowiem pocz\u0105tku swego nie znam\na i koniec zakryty\n<\/pre>\n\n\n\n<p class=\"has-text-align-right\"><a href=\"http:\/\/suryn.pl\/index.php\/strona-196-i-197\/\" data-type=\"URL\" data-id=\"http:\/\/suryn.pl\/index.php\/strona-196-i-197\/\">Poprzednia<\/a>&nbsp; <a href=\"http:\/\/suryn.pl\/index.php\/strona-200-i-201\/\" data-type=\"URL\" data-id=\"http:\/\/suryn.pl\/index.php\/strona-200-i-201\/\">Nast\u0119pna<\/a><\/p>\n\n\n\n<div style=\"height:100px\" aria-hidden=\"true\" class=\"wp-block-spacer\"><\/div>\n\n\n\n<div style=\"height:100px\" aria-hidden=\"true\" class=\"wp-block-spacer\"><\/div>\n","protected":false},"excerpt":{"rendered":"<p>*** samotny na wyspie swego m\u00f3zgu patrzy na przyp\u0142ywy i odp\u0142ywy nadziei &nbsp; skarabeusz toczy \u015bwiat historia nie \u015bpi modlitwa Alberta godziny bez nadziei kiedy raz po raz prowadzi\u0142em l\u0119kliwe wyrazy w ogrody sensu wybaczcie je\u015blim zw\u0105tpi\u0142 i burz\u0119 sam dygocz\u0105c w jaskini przeczeka\u0142 bowiem pocz\u0105tku swego nie znam a i koniec zakryty Poprzednia&nbsp; Nast\u0119pna<\/p>\n","protected":false},"author":1,"featured_media":0,"parent":0,"menu_order":0,"comment_status":"closed","ping_status":"closed","template":"","meta":{"footnotes":""},"class_list":["post-660","page","type-page","status-publish","hentry"],"_links":{"self":[{"href":"http:\/\/suryn.pl\/index.php\/wp-json\/wp\/v2\/pages\/660","targetHints":{"allow":["GET"]}}],"collection":[{"href":"http:\/\/suryn.pl\/index.php\/wp-json\/wp\/v2\/pages"}],"about":[{"href":"http:\/\/suryn.pl\/index.php\/wp-json\/wp\/v2\/types\/page"}],"author":[{"embeddable":true,"href":"http:\/\/suryn.pl\/index.php\/wp-json\/wp\/v2\/users\/1"}],"replies":[{"embeddable":true,"href":"http:\/\/suryn.pl\/index.php\/wp-json\/wp\/v2\/comments?post=660"}],"version-history":[{"count":5,"href":"http:\/\/suryn.pl\/index.php\/wp-json\/wp\/v2\/pages\/660\/revisions"}],"predecessor-version":[{"id":1537,"href":"http:\/\/suryn.pl\/index.php\/wp-json\/wp\/v2\/pages\/660\/revisions\/1537"}],"wp:attachment":[{"href":"http:\/\/suryn.pl\/index.php\/wp-json\/wp\/v2\/media?parent=660"}],"curies":[{"name":"wp","href":"https:\/\/api.w.org\/{rel}","templated":true}]}}