{"id":656,"date":"2021-05-19T12:55:53","date_gmt":"2021-05-19T10:55:53","guid":{"rendered":"http:\/\/suryn.pl\/?page_id=656"},"modified":"2021-05-20T19:53:05","modified_gmt":"2021-05-20T17:53:05","slug":"strona-196-i-197","status":"publish","type":"page","link":"http:\/\/suryn.pl\/index.php\/strona-196-i-197\/","title":{"rendered":"Strona 196 i 197"},"content":{"rendered":"\n<pre class=\"wp-block-verse\" style=\"font-size:17px\"><strong>***<\/strong>\nby\u0142em nie do\u015b\u0107 cichy\nnie do\u015b\u0107 uwa\u017cny\nwiatr porusza\u0142 trzciny\nnie wiem co to \u017cycie\nmistrz si\u0119 jeszcze nie urodzi\u0142\na ucze\u0144 odchodzi\nto co przeczuwa\u0142em znik\u0142o<\/pre>\n\n\n\n<div style=\"height:100px\" aria-hidden=\"true\" class=\"wp-block-spacer\"><\/div>\n\n\n\n<div style=\"height:100px\" aria-hidden=\"true\" class=\"wp-block-spacer\"><\/div>\n\n\n\n<div style=\"height:37px\" aria-hidden=\"true\" class=\"wp-block-spacer\"><\/div>\n\n\n\n<pre class=\"wp-block-verse\" style=\"font-size:17px\"><strong>***<\/strong>\nCzy\u017cby ca\u0142e moje \u017cycie by\u0142o przebranym lenistwem i ucieczk\u0105 tylko?\n\u00a0\n<\/pre>\n\n\n\n<p class=\"has-text-align-right\"><a href=\"http:\/\/suryn.pl\/index.php\/strona-194-i-195\/\" data-type=\"URL\" data-id=\"http:\/\/suryn.pl\/index.php\/strona-194-i-195\/\">Poprzednia<\/a>&nbsp; <a href=\"http:\/\/suryn.pl\/index.php\/strona-198-i-199\/\" data-type=\"URL\" data-id=\"http:\/\/suryn.pl\/index.php\/strona-198-i-199\/\">Nast\u0119pna<\/a><\/p>\n\n\n\n<div style=\"height:100px\" aria-hidden=\"true\" class=\"wp-block-spacer\"><\/div>\n\n\n\n<div style=\"height:100px\" aria-hidden=\"true\" class=\"wp-block-spacer\"><\/div>\n\n\n\n<div style=\"height:100px\" aria-hidden=\"true\" class=\"wp-block-spacer\"><\/div>\n","protected":false},"excerpt":{"rendered":"<p>*** by\u0142em nie do\u015b\u0107 cichy nie do\u015b\u0107 uwa\u017cny wiatr porusza\u0142 trzciny nie wiem co to \u017cycie mistrz si\u0119 jeszcze nie urodzi\u0142 a ucze\u0144 odchodzi to co przeczuwa\u0142em znik\u0142o *** Czy\u017cby ca\u0142e moje \u017cycie by\u0142o przebranym lenistwem i ucieczk\u0105 tylko? \u00a0 Poprzednia&nbsp; Nast\u0119pna<\/p>\n","protected":false},"author":1,"featured_media":0,"parent":0,"menu_order":0,"comment_status":"closed","ping_status":"closed","template":"","meta":{"footnotes":""},"class_list":["post-656","page","type-page","status-publish","hentry"],"_links":{"self":[{"href":"http:\/\/suryn.pl\/index.php\/wp-json\/wp\/v2\/pages\/656","targetHints":{"allow":["GET"]}}],"collection":[{"href":"http:\/\/suryn.pl\/index.php\/wp-json\/wp\/v2\/pages"}],"about":[{"href":"http:\/\/suryn.pl\/index.php\/wp-json\/wp\/v2\/types\/page"}],"author":[{"embeddable":true,"href":"http:\/\/suryn.pl\/index.php\/wp-json\/wp\/v2\/users\/1"}],"replies":[{"embeddable":true,"href":"http:\/\/suryn.pl\/index.php\/wp-json\/wp\/v2\/comments?post=656"}],"version-history":[{"count":5,"href":"http:\/\/suryn.pl\/index.php\/wp-json\/wp\/v2\/pages\/656\/revisions"}],"predecessor-version":[{"id":1230,"href":"http:\/\/suryn.pl\/index.php\/wp-json\/wp\/v2\/pages\/656\/revisions\/1230"}],"wp:attachment":[{"href":"http:\/\/suryn.pl\/index.php\/wp-json\/wp\/v2\/media?parent=656"}],"curies":[{"name":"wp","href":"https:\/\/api.w.org\/{rel}","templated":true}]}}