{"id":646,"date":"2021-05-19T12:48:03","date_gmt":"2021-05-19T10:48:03","guid":{"rendered":"http:\/\/suryn.pl\/?page_id=646"},"modified":"2021-06-02T06:09:59","modified_gmt":"2021-06-02T04:09:59","slug":"strona-192-i-193","status":"publish","type":"page","link":"http:\/\/suryn.pl\/index.php\/strona-192-i-193\/","title":{"rendered":"Strona 192 i 193"},"content":{"rendered":"\n<pre class=\"wp-block-verse\" style=\"font-size:17px\"><strong>piek\u0142o i raj zale\u017c\u0105 od ciebie<\/strong>\nkiedy id\u0119 ulic\u0105 patrz\u0119 na\nmoje buty, wiosenna burza w lutym\n\u017curawie przylecia\u0142y tu po swoj\u0105 \u015bmier\u0107\ndwa miesi\u0105ce za wcze\u015bnie\nSuwa\u0142ki, Sejny, Krasnopol \u2013 widz\u0105\ntkanin\u0119 \u015bwiata, p\u0142owobury sen, \nw tych chatkach czas i nasze my\u015bli \nwi\u0105\u017c\u0105 pocz\u0105tek z ko\u0144cem\njeziora topniej\u0105 w po\u0142udnie\nby noc\u0105 zamarzn\u0105\u0107\nkiedy m\u00f3wi\u0119 o mi\u0142o\u015bci\nwidz\u0119 pop\u0142och w twoich oczach\nto co m\u00f3wisz parzy<\/pre>\n\n\n\n<div style=\"height:110px\" aria-hidden=\"true\" class=\"wp-block-spacer\"><\/div>\n\n\n\n<div style=\"height:65px\" aria-hidden=\"true\" class=\"wp-block-spacer\"><\/div>\n\n\n\n<pre class=\"wp-block-verse\" style=\"font-size:17px\"><strong>***<\/strong>\npatrz\u0119 dalej ni\u017c\nwida\u0107 \u2013 nic nie wida\u0107,\nlecz sk\u0105d ta nadzieja?\n\n<\/pre>\n\n\n\n<p class=\"has-text-align-right\"><a href=\"http:\/\/suryn.pl\/index.php\/strona-190-i-191\/\" data-type=\"URL\" data-id=\"http:\/\/suryn.pl\/index.php\/strona-190-i-191\/\">Poprzednia<\/a>&nbsp; <a href=\"http:\/\/suryn.pl\/index.php\/strona-194-i-195\/\" data-type=\"URL\" data-id=\"http:\/\/suryn.pl\/index.php\/strona-194-i-195\/\">Nast\u0119pna<\/a><\/p>\n\n\n\n<div style=\"height:100px\" aria-hidden=\"true\" class=\"wp-block-spacer\"><\/div>\n\n\n\n<div style=\"height:100px\" aria-hidden=\"true\" class=\"wp-block-spacer\"><\/div>\n\n\n\n<div style=\"height:100px\" aria-hidden=\"true\" class=\"wp-block-spacer\"><\/div>\n\n\n\n<div style=\"height:100px\" aria-hidden=\"true\" class=\"wp-block-spacer\"><\/div>\n","protected":false},"excerpt":{"rendered":"<p>piek\u0142o i raj zale\u017c\u0105 od ciebie kiedy id\u0119 ulic\u0105 patrz\u0119 na moje buty, wiosenna burza w lutym \u017curawie przylecia\u0142y tu po swoj\u0105 \u015bmier\u0107 dwa miesi\u0105ce za wcze\u015bnie Suwa\u0142ki, Sejny, Krasnopol \u2013 widz\u0105 tkanin\u0119 \u015bwiata, p\u0142owobury sen, w tych chatkach czas i nasze my\u015bli wi\u0105\u017c\u0105 pocz\u0105tek z ko\u0144cem jeziora topniej\u0105 w po\u0142udnie by noc\u0105 zamarzn\u0105\u0107 kiedy m\u00f3wi\u0119 o mi\u0142o\u015bci widz\u0119 pop\u0142och &#8230;<\/p>\n","protected":false},"author":1,"featured_media":0,"parent":0,"menu_order":0,"comment_status":"closed","ping_status":"closed","template":"","meta":{"footnotes":""},"class_list":["post-646","page","type-page","status-publish","hentry"],"_links":{"self":[{"href":"http:\/\/suryn.pl\/index.php\/wp-json\/wp\/v2\/pages\/646","targetHints":{"allow":["GET"]}}],"collection":[{"href":"http:\/\/suryn.pl\/index.php\/wp-json\/wp\/v2\/pages"}],"about":[{"href":"http:\/\/suryn.pl\/index.php\/wp-json\/wp\/v2\/types\/page"}],"author":[{"embeddable":true,"href":"http:\/\/suryn.pl\/index.php\/wp-json\/wp\/v2\/users\/1"}],"replies":[{"embeddable":true,"href":"http:\/\/suryn.pl\/index.php\/wp-json\/wp\/v2\/comments?post=646"}],"version-history":[{"count":12,"href":"http:\/\/suryn.pl\/index.php\/wp-json\/wp\/v2\/pages\/646\/revisions"}],"predecessor-version":[{"id":1600,"href":"http:\/\/suryn.pl\/index.php\/wp-json\/wp\/v2\/pages\/646\/revisions\/1600"}],"wp:attachment":[{"href":"http:\/\/suryn.pl\/index.php\/wp-json\/wp\/v2\/media?parent=646"}],"curies":[{"name":"wp","href":"https:\/\/api.w.org\/{rel}","templated":true}]}}