{"id":640,"date":"2021-05-19T12:45:04","date_gmt":"2021-05-19T10:45:04","guid":{"rendered":"http:\/\/suryn.pl\/?page_id=640"},"modified":"2021-05-31T18:52:23","modified_gmt":"2021-05-31T16:52:23","slug":"strona-190-i-191","status":"publish","type":"page","link":"http:\/\/suryn.pl\/index.php\/strona-190-i-191\/","title":{"rendered":"Strona 190 i 191"},"content":{"rendered":"\n<pre class=\"wp-block-verse\" style=\"font-size:17px\"><strong>***<\/strong>\nWiedza m\u00f3wi a k\u0142amie, bo jest z tego \u015bwiata. \nUmys\u0142 co\u015b wie, ale jest leniwy. \nSerce milczy prawdziwie i prosi o mi\u0142o\u015b\u0107.<\/pre>\n\n\n\n<div style=\"height:100px\" aria-hidden=\"true\" class=\"wp-block-spacer\"><\/div>\n\n\n\n<div style=\"height:100px\" aria-hidden=\"true\" class=\"wp-block-spacer\"><\/div>\n\n\n\n<div style=\"height:160px\" aria-hidden=\"true\" class=\"wp-block-spacer\"><\/div>\n\n\n\n<pre class=\"wp-block-verse\" style=\"font-size:17px\">\n\n<strong>***<\/strong>\nChmury \u015bmiej\u0105 si\u0119 z czasu, witaj\u0105 i \u017cegnaj\u0105 si\u0119 tak lekko, \na ty p\u0142aczesz? Zn\u00f3w na pr\u00f3\u017cno.\nM\u0105dry jeste\u015b - zn\u00f3w za p\u00f3\u017ano. \nA szanse jak motyle.\n\n<\/pre>\n\n\n\n<p class=\"has-text-align-right\"><a href=\"http:\/\/suryn.pl\/index.php\/strona-188-i-189\/\" data-type=\"URL\" data-id=\"http:\/\/suryn.pl\/index.php\/strona-188-i-189\/\">Poprzednia<\/a>&nbsp; <a href=\"http:\/\/suryn.pl\/index.php\/strona-192-i-193\/\" data-type=\"URL\" data-id=\"http:\/\/suryn.pl\/index.php\/strona-192-i-193\/\">Nast\u0119pna<\/a><\/p>\n\n\n\n<div style=\"height:100px\" aria-hidden=\"true\" class=\"wp-block-spacer\"><\/div>\n\n\n\n<div style=\"height:100px\" aria-hidden=\"true\" class=\"wp-block-spacer\"><\/div>\n\n\n\n<div style=\"height:100px\" aria-hidden=\"true\" class=\"wp-block-spacer\"><\/div>\n","protected":false},"excerpt":{"rendered":"<p>*** Wiedza m\u00f3wi a k\u0142amie, bo jest z tego \u015bwiata. Umys\u0142 co\u015b wie, ale jest leniwy. Serce milczy prawdziwie i prosi o mi\u0142o\u015b\u0107. *** Chmury \u015bmiej\u0105 si\u0119 z czasu, witaj\u0105 i \u017cegnaj\u0105 si\u0119 tak lekko, a ty p\u0142aczesz? Zn\u00f3w na pr\u00f3\u017cno. M\u0105dry jeste\u015b &#8211; zn\u00f3w za p\u00f3\u017ano. A szanse jak motyle. Poprzednia&nbsp; Nast\u0119pna<\/p>\n","protected":false},"author":1,"featured_media":0,"parent":0,"menu_order":0,"comment_status":"closed","ping_status":"closed","template":"","meta":{"footnotes":""},"class_list":["post-640","page","type-page","status-publish","hentry"],"_links":{"self":[{"href":"http:\/\/suryn.pl\/index.php\/wp-json\/wp\/v2\/pages\/640","targetHints":{"allow":["GET"]}}],"collection":[{"href":"http:\/\/suryn.pl\/index.php\/wp-json\/wp\/v2\/pages"}],"about":[{"href":"http:\/\/suryn.pl\/index.php\/wp-json\/wp\/v2\/types\/page"}],"author":[{"embeddable":true,"href":"http:\/\/suryn.pl\/index.php\/wp-json\/wp\/v2\/users\/1"}],"replies":[{"embeddable":true,"href":"http:\/\/suryn.pl\/index.php\/wp-json\/wp\/v2\/comments?post=640"}],"version-history":[{"count":10,"href":"http:\/\/suryn.pl\/index.php\/wp-json\/wp\/v2\/pages\/640\/revisions"}],"predecessor-version":[{"id":1597,"href":"http:\/\/suryn.pl\/index.php\/wp-json\/wp\/v2\/pages\/640\/revisions\/1597"}],"wp:attachment":[{"href":"http:\/\/suryn.pl\/index.php\/wp-json\/wp\/v2\/media?parent=640"}],"curies":[{"name":"wp","href":"https:\/\/api.w.org\/{rel}","templated":true}]}}