{"id":634,"date":"2021-05-19T12:42:28","date_gmt":"2021-05-19T10:42:28","guid":{"rendered":"http:\/\/suryn.pl\/?page_id=634"},"modified":"2021-05-31T18:54:25","modified_gmt":"2021-05-31T16:54:25","slug":"strona-188-i-189","status":"publish","type":"page","link":"http:\/\/suryn.pl\/index.php\/strona-188-i-189\/","title":{"rendered":"Strona 188 i 189"},"content":{"rendered":"\n<pre class=\"wp-block-verse\" style=\"font-size:17px\"><strong>***<\/strong>\nczy ka\u017cda mi\u0142o\u015b\u0107\ncieniem Twojej?\nczy obraz \u015bwiata\nmarn\u0105 kopi\u0105 Twego?\nchcia\u0142bym to wiedzie\u0107\nnim zjawi si\u0119 tu\npani oddechu ostatniego<\/pre>\n\n\n\n<div style=\"height:100px\" aria-hidden=\"true\" class=\"wp-block-spacer\"><\/div>\n\n\n\n<div style=\"height:100px\" aria-hidden=\"true\" class=\"wp-block-spacer\"><\/div>\n\n\n\n<pre class=\"wp-block-verse\" style=\"font-size:17px\">\n\n\n<strong>***<\/strong>\nzgubi\u0142em \u2013 zapomnia\u0142em\npozwoli\u0142em zniszczy\u0107\ncisz\u0119 \ni teraz na \u0142asce \u015bwiata \nlatam \njak zerwany latawiec\n\n<\/pre>\n\n\n\n<p class=\"has-text-align-right\"><a href=\"http:\/\/suryn.pl\/index.php\/strona-186-i-187\/\" data-type=\"URL\" data-id=\"http:\/\/suryn.pl\/index.php\/strona-186-i-187\/\">Poprzednia<\/a>&nbsp; <a href=\"http:\/\/suryn.pl\/index.php\/strona-190-i-191\/\" data-type=\"URL\" data-id=\"http:\/\/suryn.pl\/index.php\/strona-190-i-191\/\">Nast\u0119pna<\/a><\/p>\n\n\n\n<div style=\"height:100px\" aria-hidden=\"true\" class=\"wp-block-spacer\"><\/div>\n\n\n\n<div style=\"height:100px\" aria-hidden=\"true\" class=\"wp-block-spacer\"><\/div>\n","protected":false},"excerpt":{"rendered":"<p>*** czy ka\u017cda mi\u0142o\u015b\u0107 cieniem Twojej? czy obraz \u015bwiata marn\u0105 kopi\u0105 Twego? chcia\u0142bym to wiedzie\u0107 nim zjawi si\u0119 tu pani oddechu ostatniego *** zgubi\u0142em \u2013 zapomnia\u0142em pozwoli\u0142em zniszczy\u0107 cisz\u0119 i teraz na \u0142asce \u015bwiata latam jak zerwany latawiec Poprzednia&nbsp; Nast\u0119pna<\/p>\n","protected":false},"author":1,"featured_media":0,"parent":0,"menu_order":0,"comment_status":"closed","ping_status":"closed","template":"","meta":{"footnotes":""},"class_list":["post-634","page","type-page","status-publish","hentry"],"_links":{"self":[{"href":"http:\/\/suryn.pl\/index.php\/wp-json\/wp\/v2\/pages\/634","targetHints":{"allow":["GET"]}}],"collection":[{"href":"http:\/\/suryn.pl\/index.php\/wp-json\/wp\/v2\/pages"}],"about":[{"href":"http:\/\/suryn.pl\/index.php\/wp-json\/wp\/v2\/types\/page"}],"author":[{"embeddable":true,"href":"http:\/\/suryn.pl\/index.php\/wp-json\/wp\/v2\/users\/1"}],"replies":[{"embeddable":true,"href":"http:\/\/suryn.pl\/index.php\/wp-json\/wp\/v2\/comments?post=634"}],"version-history":[{"count":8,"href":"http:\/\/suryn.pl\/index.php\/wp-json\/wp\/v2\/pages\/634\/revisions"}],"predecessor-version":[{"id":1599,"href":"http:\/\/suryn.pl\/index.php\/wp-json\/wp\/v2\/pages\/634\/revisions\/1599"}],"wp:attachment":[{"href":"http:\/\/suryn.pl\/index.php\/wp-json\/wp\/v2\/media?parent=634"}],"curies":[{"name":"wp","href":"https:\/\/api.w.org\/{rel}","templated":true}]}}