{"id":623,"date":"2021-05-19T12:36:55","date_gmt":"2021-05-19T10:36:55","guid":{"rendered":"http:\/\/suryn.pl\/?page_id=623"},"modified":"2021-05-20T19:50:35","modified_gmt":"2021-05-20T17:50:35","slug":"strona-184-i-185","status":"publish","type":"page","link":"http:\/\/suryn.pl\/index.php\/strona-184-i-185\/","title":{"rendered":"Strona 184 i 185"},"content":{"rendered":"\n<pre class=\"wp-block-verse\" style=\"font-size:17px\"><strong>Samotno\u015b\u0107<\/strong>\nStraszliwy ci\u0119\u017car pod podwodnym niebem, chmury z o\u0142owiu i od tygodnia ani blasku. By\u0142em tam i \u015blady po ludziach \u015bwiadczy\u0142y o naszej znikomo\u015bci. Ogromn\u0105 moc\u0105 woli usi\u0142owa\u0142em utrzyma\u0107 my\u015bli i atomy cia\u0142a, by nie eksplodowa\u0107 jak wypalona gwiazda. Ob\u0142\u0119d cz\u0142owieka, samotno\u015b\u0107 zmierzchu, mokry popi\u00f3\u0142 jak fotografia umar\u0142ego \u015bwiat\u0142a, porwana folia klaska\u0142a na wietrze, szara Drawa nios\u0142a czarne li\u015bcie i stary sweter Robinsona. Teraz cz\u0119\u015bciej tu zachodz\u0105 dziki ni\u017c ludzie. Ze skarpy oderwa\u0142 si\u0119 kawa\u0142 bzu i zwisa nad wod\u0105 jak sztandar z fioletowym pytaniem. Wypatruj\u0105ca lata jab\u0142o\u0144 zesz\u0142a pod ziemi\u0119 i \u015bni owoc odkupienia. Oto lekcja samotno\u015bci i mi\u0142o\u015bci wi\u0119ksza od wszelkiego stworzenia. Sta\u0142em tam czekaj\u0105c na s\u0142o\u0144ce lub chocia\u017c na u\u015bmiech Anio\u0142a \u2013 cisza i szara wilgo\u0107. Kl\u0119cza\u0142em z odwrotnej strony Raju z ob\u0142\u0119dem szepcz\u0105c Twoje imi\u0119 z nadziej\u0105 na \u015bwi\u0119ty blaski, kt\u00f3ry by mnie przemieni\u0142 w Ciebie.\n<\/pre>\n\n\n\n<div style=\"height:100px\" aria-hidden=\"true\" class=\"wp-block-spacer\"><\/div>\n\n\n\n<div style=\"height:100px\" aria-hidden=\"true\" class=\"wp-block-spacer\"><\/div>\n\n\n\n<pre class=\"wp-block-verse\" style=\"font-size:17px\"><strong>Wiersz ratunkowy<\/strong>\nz samego \u015brodka szale\u0144stwa\nz oka ob\u0142\u0119du\nz imperium interes\u00f3w bez ko\u0144ca\nrykn\u0105\u0142 pot\u0119\u017cnie powsta\u0142 i obudzi\u0142 mnie\nbym przejrza\u0142 i zobaczy\u0142\nszata\u0144skie pu\u0142apki tak g\u0119ste\njak niegdysiejsze lasy\nekrany mno\u017cy\u0142y jego zwyci\u0119stwo\noczy powiela\u0142y niebyt i cierpienie\nwybieg\u0142em z miasta\nbieg\u0142em i szed\u0142em tak d\u0142ugo\na\u017c trafi\u0142em na czysty strumie\u0144\nw cieniu olch, wierzb i jesion\u00f3w\ni tu zacz\u0105\u0142em budowa\u0107\npa\u0144stwo cz\u0142owieka\n<\/pre>\n\n\n\n<p class=\"has-text-align-right\"><a href=\"http:\/\/suryn.pl\/index.php\/strona-182-i-183\/\" data-type=\"URL\" data-id=\"http:\/\/suryn.pl\/index.php\/strona-182-i-183\/\">Poprzednia<\/a>&nbsp; <a href=\"http:\/\/suryn.pl\/index.php\/strona-186-i-187\/\" data-type=\"URL\" data-id=\"http:\/\/suryn.pl\/index.php\/strona-186-i-187\/\">Nast\u0119pna<\/a><\/p>\n\n\n\n<div style=\"height:100px\" aria-hidden=\"true\" class=\"wp-block-spacer\"><\/div>\n\n\n\n<div style=\"height:100px\" aria-hidden=\"true\" class=\"wp-block-spacer\"><\/div>\n","protected":false},"excerpt":{"rendered":"<p>Samotno\u015b\u0107 Straszliwy ci\u0119\u017car pod podwodnym niebem, chmury z o\u0142owiu i od tygodnia ani blasku. By\u0142em tam i \u015blady po ludziach \u015bwiadczy\u0142y o naszej znikomo\u015bci. Ogromn\u0105 moc\u0105 woli usi\u0142owa\u0142em utrzyma\u0107 my\u015bli i atomy cia\u0142a, by nie eksplodowa\u0107 jak wypalona gwiazda. Ob\u0142\u0119d cz\u0142owieka, samotno\u015b\u0107 zmierzchu, mokry popi\u00f3\u0142 jak fotografia umar\u0142ego \u015bwiat\u0142a, porwana folia klaska\u0142a na wietrze, szara Drawa nios\u0142a czarne li\u015bcie i &#8230;<\/p>\n","protected":false},"author":1,"featured_media":0,"parent":0,"menu_order":0,"comment_status":"closed","ping_status":"closed","template":"","meta":{"footnotes":""},"class_list":["post-623","page","type-page","status-publish","hentry"],"_links":{"self":[{"href":"http:\/\/suryn.pl\/index.php\/wp-json\/wp\/v2\/pages\/623","targetHints":{"allow":["GET"]}}],"collection":[{"href":"http:\/\/suryn.pl\/index.php\/wp-json\/wp\/v2\/pages"}],"about":[{"href":"http:\/\/suryn.pl\/index.php\/wp-json\/wp\/v2\/types\/page"}],"author":[{"embeddable":true,"href":"http:\/\/suryn.pl\/index.php\/wp-json\/wp\/v2\/users\/1"}],"replies":[{"embeddable":true,"href":"http:\/\/suryn.pl\/index.php\/wp-json\/wp\/v2\/comments?post=623"}],"version-history":[{"count":7,"href":"http:\/\/suryn.pl\/index.php\/wp-json\/wp\/v2\/pages\/623\/revisions"}],"predecessor-version":[{"id":1223,"href":"http:\/\/suryn.pl\/index.php\/wp-json\/wp\/v2\/pages\/623\/revisions\/1223"}],"wp:attachment":[{"href":"http:\/\/suryn.pl\/index.php\/wp-json\/wp\/v2\/media?parent=623"}],"curies":[{"name":"wp","href":"https:\/\/api.w.org\/{rel}","templated":true}]}}