{"id":614,"date":"2021-05-19T12:22:17","date_gmt":"2021-05-19T10:22:17","guid":{"rendered":"http:\/\/suryn.pl\/?page_id=614"},"modified":"2021-05-20T19:45:10","modified_gmt":"2021-05-20T17:45:10","slug":"strona-178-i-179","status":"publish","type":"page","link":"http:\/\/suryn.pl\/index.php\/strona-178-i-179\/","title":{"rendered":"Strona 178 i 179"},"content":{"rendered":"\n<pre class=\"wp-block-verse\" style=\"font-size:17px\"><strong>pejza\u017c ba\u0142tycki<\/strong>\ntyle b\u0142\u0119kitu i spokoju\nsosny\njak palmy\ni tych dwoje co znika\nz obrazu\nchcia\u0142bym tam by\u0107 o takiej porze\nkiedy morze \u015bpi\na bestia syta\nsypa\u0142bym piasek\nz r\u0119ki do r\u0119ki\nwchodzi\u0142bym w b\u0142\u0119kit\ni te\u017c znika\u0142<\/pre>\n\n\n\n<div style=\"height:100px\" aria-hidden=\"true\" class=\"wp-block-spacer\"><\/div>\n\n\n\n<pre class=\"wp-block-verse\" style=\"font-size:17px\">\n\n<strong>***<\/strong>\ndrzewa patrz\u0105\nna szczyt\nza nimi my\n\u015bwiat\u0142o otula g\u00f3ry\nchmury \u017cegluj\u0105 nad\ndolin\u0105\nanio\u0142y dzi\u015b przezroczyste\n\u00a0\n<\/pre>\n\n\n\n<p class=\"has-text-align-right\"><a href=\"http:\/\/suryn.pl\/index.php\/strona-176-i-177\/\" data-type=\"URL\" data-id=\"http:\/\/suryn.pl\/index.php\/strona-176-i-177\/\">Poprzednia<\/a>&nbsp; <a href=\"http:\/\/suryn.pl\/index.php\/strona-180-i-181\/\" data-type=\"URL\" data-id=\"http:\/\/suryn.pl\/index.php\/strona-180-i-181\/\">Nast\u0119pna<\/a><\/p>\n\n\n\n<div style=\"height:100px\" aria-hidden=\"true\" class=\"wp-block-spacer\"><\/div>\n\n\n\n<div style=\"height:100px\" aria-hidden=\"true\" class=\"wp-block-spacer\"><\/div>\n","protected":false},"excerpt":{"rendered":"<p>pejza\u017c ba\u0142tycki tyle b\u0142\u0119kitu i spokoju sosny jak palmy i tych dwoje co znika z obrazu chcia\u0142bym tam by\u0107 o takiej porze kiedy morze \u015bpi a bestia syta sypa\u0142bym piasek z r\u0119ki do r\u0119ki wchodzi\u0142bym w b\u0142\u0119kit i te\u017c znika\u0142 *** drzewa patrz\u0105 na szczyt za nimi my \u015bwiat\u0142o otula g\u00f3ry chmury \u017cegluj\u0105 nad dolin\u0105 anio\u0142y dzi\u015b przezroczyste \u00a0 Poprzednia&nbsp; &#8230;<\/p>\n","protected":false},"author":1,"featured_media":0,"parent":0,"menu_order":0,"comment_status":"closed","ping_status":"closed","template":"","meta":{"footnotes":""},"class_list":["post-614","page","type-page","status-publish","hentry"],"_links":{"self":[{"href":"http:\/\/suryn.pl\/index.php\/wp-json\/wp\/v2\/pages\/614","targetHints":{"allow":["GET"]}}],"collection":[{"href":"http:\/\/suryn.pl\/index.php\/wp-json\/wp\/v2\/pages"}],"about":[{"href":"http:\/\/suryn.pl\/index.php\/wp-json\/wp\/v2\/types\/page"}],"author":[{"embeddable":true,"href":"http:\/\/suryn.pl\/index.php\/wp-json\/wp\/v2\/users\/1"}],"replies":[{"embeddable":true,"href":"http:\/\/suryn.pl\/index.php\/wp-json\/wp\/v2\/comments?post=614"}],"version-history":[{"count":6,"href":"http:\/\/suryn.pl\/index.php\/wp-json\/wp\/v2\/pages\/614\/revisions"}],"predecessor-version":[{"id":1220,"href":"http:\/\/suryn.pl\/index.php\/wp-json\/wp\/v2\/pages\/614\/revisions\/1220"}],"wp:attachment":[{"href":"http:\/\/suryn.pl\/index.php\/wp-json\/wp\/v2\/media?parent=614"}],"curies":[{"name":"wp","href":"https:\/\/api.w.org\/{rel}","templated":true}]}}