{"id":602,"date":"2021-05-19T12:15:56","date_gmt":"2021-05-19T10:15:56","guid":{"rendered":"http:\/\/suryn.pl\/?page_id=602"},"modified":"2021-05-20T19:44:01","modified_gmt":"2021-05-20T17:44:01","slug":"strona-174-i-175","status":"publish","type":"page","link":"http:\/\/suryn.pl\/index.php\/strona-174-i-175\/","title":{"rendered":"Strona 174 i 175"},"content":{"rendered":"\n<pre class=\"wp-block-verse\" style=\"font-size:17px\"><strong>moje urodziny<\/strong>\nbia\u0142e pawie\ni czerwone \u0142ab\u0119dzie\nje\u015bli chcesz\na mo\u017ce siebie?\ntw\u00f3j \u015bpi\u0105cy wr\u00f3g\ni utajony przyjaciel\n\u017cyczy ci wszystkiego\nnajlepszego \u2013 cia\u0142a jak ska\u0142a\nduszy jak ogie\u0144 i Ducha \u015awi\u0119tego\ni niech ego odejdzie syte i na\nzawsze<\/pre>\n\n\n\n<div style=\"height:298px\" aria-hidden=\"true\" class=\"wp-block-spacer\"><\/div>\n\n\n\n<pre class=\"wp-block-verse\" style=\"font-size:17px\"><strong>***<\/strong>\nNie chwytaj formy, a id\u017a za \u015awiat\u0142em - tam skarb, gdzie serce twoje, wi\u0119c nie go\u0144 ma\u0142e, kiedy mo\u017cesz mie\u0107 wi\u0119cej. Tonie okr\u0119t \u015bwiata, a Duch ulata k\u0119dy chce. Jeste\u015b drogocenny, wyt\u0119skniony i odkupiony i je\u015bli tylko pozwolisz, to ca\u0142a przezroczysto\u015b\u0107 stanie si\u0119 jak oczywisto\u015b\u0107 w samo po\u0142udnie.\n\n<\/pre>\n\n\n\n<p class=\"has-text-align-right\"><a href=\"http:\/\/suryn.pl\/index.php\/strona-172-i-173\/\" data-type=\"URL\" data-id=\"http:\/\/suryn.pl\/index.php\/strona-172-i-173\/\">Poprzednia<\/a>&nbsp; <a href=\"http:\/\/suryn.pl\/index.php\/strona-176-i-177\/\" data-type=\"URL\" data-id=\"http:\/\/suryn.pl\/index.php\/strona-176-i-177\/\">Nast\u0119pna<\/a><\/p>\n\n\n\n<div style=\"height:395px\" aria-hidden=\"true\" class=\"wp-block-spacer\"><\/div>\n","protected":false},"excerpt":{"rendered":"<p>moje urodziny bia\u0142e pawie i czerwone \u0142ab\u0119dzie je\u015bli chcesz a mo\u017ce siebie? tw\u00f3j \u015bpi\u0105cy wr\u00f3g i utajony przyjaciel \u017cyczy ci wszystkiego najlepszego \u2013 cia\u0142a jak ska\u0142a duszy jak ogie\u0144 i Ducha \u015awi\u0119tego i niech ego odejdzie syte i na zawsze *** Nie chwytaj formy, a id\u017a za \u015awiat\u0142em &#8211; tam skarb, gdzie serce twoje, wi\u0119c nie go\u0144 ma\u0142e, kiedy mo\u017cesz &#8230;<\/p>\n","protected":false},"author":1,"featured_media":0,"parent":0,"menu_order":0,"comment_status":"closed","ping_status":"closed","template":"","meta":{"footnotes":""},"class_list":["post-602","page","type-page","status-publish","hentry"],"_links":{"self":[{"href":"http:\/\/suryn.pl\/index.php\/wp-json\/wp\/v2\/pages\/602","targetHints":{"allow":["GET"]}}],"collection":[{"href":"http:\/\/suryn.pl\/index.php\/wp-json\/wp\/v2\/pages"}],"about":[{"href":"http:\/\/suryn.pl\/index.php\/wp-json\/wp\/v2\/types\/page"}],"author":[{"embeddable":true,"href":"http:\/\/suryn.pl\/index.php\/wp-json\/wp\/v2\/users\/1"}],"replies":[{"embeddable":true,"href":"http:\/\/suryn.pl\/index.php\/wp-json\/wp\/v2\/comments?post=602"}],"version-history":[{"count":9,"href":"http:\/\/suryn.pl\/index.php\/wp-json\/wp\/v2\/pages\/602\/revisions"}],"predecessor-version":[{"id":1216,"href":"http:\/\/suryn.pl\/index.php\/wp-json\/wp\/v2\/pages\/602\/revisions\/1216"}],"wp:attachment":[{"href":"http:\/\/suryn.pl\/index.php\/wp-json\/wp\/v2\/media?parent=602"}],"curies":[{"name":"wp","href":"https:\/\/api.w.org\/{rel}","templated":true}]}}