{"id":599,"date":"2021-05-19T12:12:39","date_gmt":"2021-05-19T10:12:39","guid":{"rendered":"http:\/\/suryn.pl\/?page_id=599"},"modified":"2021-05-20T19:43:42","modified_gmt":"2021-05-20T17:43:42","slug":"strona-172-i-173","status":"publish","type":"page","link":"http:\/\/suryn.pl\/index.php\/strona-172-i-173\/","title":{"rendered":"Strona 172 i 173"},"content":{"rendered":"\n<pre class=\"wp-block-verse\" style=\"font-size:17px\"><strong>***<\/strong>\nnade mn\u0105 B\u00f3g \u2013 pode mn\u0105\nob\u0142ok niewiedzy \u0142askawie\noddzielaj\u0105cy mnie od \u015bwiata<\/pre>\n\n\n\n<div style=\"height:100px\" aria-hidden=\"true\" class=\"wp-block-spacer\"><\/div>\n\n\n\n<div style=\"height:100px\" aria-hidden=\"true\" class=\"wp-block-spacer\"><\/div>\n\n\n\n<div style=\"height:100px\" aria-hidden=\"true\" class=\"wp-block-spacer\"><\/div>\n\n\n\n<pre class=\"wp-block-verse\" style=\"font-size:17px\"><strong>Co mo\u017ce Kuba Bogu?<\/strong>\nNiech ci\u0119 nie usprawiedliwi demon dwoisto\u015bci - z takiej walki wraca si\u0119 z niczym. Tote\u017c powinno si\u0119 zobligowa\u0107 na warto\u015b\u0107 trzeci\u0105: wprost odrzutowa rezygnacja prawie ze wszystkiego. Patrz: DUR - Dyskretny Urok Rezygnacji.\n\n<\/pre>\n\n\n\n<p class=\"has-text-align-right\"><a href=\"http:\/\/suryn.pl\/index.php\/strona-170-i-171\/\" data-type=\"URL\" data-id=\"http:\/\/suryn.pl\/index.php\/strona-170-i-171\/\">Poprzednia<\/a>&nbsp; <a href=\"http:\/\/suryn.pl\/index.php\/strona-174-i-175\/\" data-type=\"URL\" data-id=\"http:\/\/suryn.pl\/index.php\/strona-174-i-175\/\">Nast\u0119pna<\/a><\/p>\n\n\n\n<div style=\"height:100px\" aria-hidden=\"true\" class=\"wp-block-spacer\"><\/div>\n\n\n\n<div style=\"height:100px\" aria-hidden=\"true\" class=\"wp-block-spacer\"><\/div>\n","protected":false},"excerpt":{"rendered":"<p>*** nade mn\u0105 B\u00f3g \u2013 pode mn\u0105 ob\u0142ok niewiedzy \u0142askawie oddzielaj\u0105cy mnie od \u015bwiata Co mo\u017ce Kuba Bogu? Niech ci\u0119 nie usprawiedliwi demon dwoisto\u015bci &#8211; z takiej walki wraca si\u0119 z niczym. Tote\u017c powinno si\u0119 zobligowa\u0107 na warto\u015b\u0107 trzeci\u0105: wprost odrzutowa rezygnacja prawie ze wszystkiego. Patrz: DUR &#8211; Dyskretny Urok Rezygnacji. Poprzednia&nbsp; Nast\u0119pna<\/p>\n","protected":false},"author":1,"featured_media":0,"parent":0,"menu_order":0,"comment_status":"closed","ping_status":"closed","template":"","meta":{"footnotes":""},"class_list":["post-599","page","type-page","status-publish","hentry"],"_links":{"self":[{"href":"http:\/\/suryn.pl\/index.php\/wp-json\/wp\/v2\/pages\/599","targetHints":{"allow":["GET"]}}],"collection":[{"href":"http:\/\/suryn.pl\/index.php\/wp-json\/wp\/v2\/pages"}],"about":[{"href":"http:\/\/suryn.pl\/index.php\/wp-json\/wp\/v2\/types\/page"}],"author":[{"embeddable":true,"href":"http:\/\/suryn.pl\/index.php\/wp-json\/wp\/v2\/users\/1"}],"replies":[{"embeddable":true,"href":"http:\/\/suryn.pl\/index.php\/wp-json\/wp\/v2\/comments?post=599"}],"version-history":[{"count":4,"href":"http:\/\/suryn.pl\/index.php\/wp-json\/wp\/v2\/pages\/599\/revisions"}],"predecessor-version":[{"id":1215,"href":"http:\/\/suryn.pl\/index.php\/wp-json\/wp\/v2\/pages\/599\/revisions\/1215"}],"wp:attachment":[{"href":"http:\/\/suryn.pl\/index.php\/wp-json\/wp\/v2\/media?parent=599"}],"curies":[{"name":"wp","href":"https:\/\/api.w.org\/{rel}","templated":true}]}}