{"id":581,"date":"2021-05-19T11:51:42","date_gmt":"2021-05-19T09:51:42","guid":{"rendered":"http:\/\/suryn.pl\/?page_id=581"},"modified":"2021-05-20T19:42:22","modified_gmt":"2021-05-20T17:42:22","slug":"strona-164-i-165","status":"publish","type":"page","link":"http:\/\/suryn.pl\/index.php\/strona-164-i-165\/","title":{"rendered":"Strona 164 i 165"},"content":{"rendered":"\n<pre class=\"wp-block-verse\" style=\"font-size:17px\"><strong>***<\/strong>\nkwartet Mozarta jak warkocz\n\u017cywio\u0142\u00f3w i d\u017awi\u0119k\u00f3w p\u0142ynie\nswobodnie przez czas i cia\u0142o\na dusza jak latawiec na\nsznurku moich d\u0142ug\u00f3w pl\u0105sa\nnad chor\u0105 ziemi\u0105\nje\u015bli nie p\u00f3jdziesz za prawd\u0105 \u2013 to gdzie?<\/pre>\n\n\n\n<div style=\"height:100px\" aria-hidden=\"true\" class=\"wp-block-spacer\"><\/div>\n\n\n\n<div style=\"height:245px\" aria-hidden=\"true\" class=\"wp-block-spacer\"><\/div>\n\n\n\n<pre class=\"wp-block-verse\" style=\"font-size:17px\"><strong>***<\/strong>\nMusi by\u015b jaki\u015b kluczyk otwieraj\u0105cy potencj\u0119 i szcz\u0119\u015bcie, lecz czy jest on jeszcze w tym ciele? Nie mog\u0119 sobie poradzi\u0107 z chrystusowym rozdwojeniem, nie pami\u0119tam grzechu, kt\u00f3ry wrzuci\u0142 mnie w \u015bwiat, a droga, kt\u00f3r\u0105 ofiaruje Syn Bo\u017cy jest ogromnie trudna \u2013 w\u0105ska \u015bcie\u017cka. \u017by\u0107 w tym czym\u015b, czego si\u0119 nienawidzi (\u015bwiat), a jednocze\u015bnie kocha\u0107 wszystko \u2013 czy\u017c to nie schizofrenia? Moje modlitwy o niew\u0105tpliwo\u015b\u0107 \u2013 dochodz\u0105 do ciebie Panie? Moje pro\u015bby o zdmuchni\u0119cie rozdwojenia \u2013 s\u0142yszysz? Jestem pewien, \u017ce gdybym posiad\u0142 \u00f3w impuls, przeszed\u0142bym wszystkie Himalaje wszelkich \u015bwiat\u00f3w nie bacz\u0105c na nic. Ale jest tak, \u017ce p\u00f3ki co miotam si\u0119 od pozoru do pozoru, od litery do litery na kraw\u0119dzi szale\u0144stwa, wo\u0142am Ci\u0119 \u2013 pom\u00f3\u017c mi!\u00a0\u00a0\n\u00a0<\/pre>\n\n\n\n<p class=\"has-text-align-right\"><a href=\"http:\/\/suryn.pl\/index.php\/strona-162-i-163\/\" data-type=\"URL\" data-id=\"http:\/\/suryn.pl\/index.php\/strona-162-i-163\/\">Poprzednia<\/a>&nbsp; <a href=\"http:\/\/suryn.pl\/index.php\/stroma-166-i-167\/\" data-type=\"URL\" data-id=\"http:\/\/suryn.pl\/index.php\/stroma-166-i-167\/\">Nast\u0119pna<\/a><\/p>\n\n\n\n<div style=\"height:100px\" aria-hidden=\"true\" class=\"wp-block-spacer\"><\/div>\n","protected":false},"excerpt":{"rendered":"<p>*** kwartet Mozarta jak warkocz \u017cywio\u0142\u00f3w i d\u017awi\u0119k\u00f3w p\u0142ynie swobodnie przez czas i cia\u0142o a dusza jak latawiec na sznurku moich d\u0142ug\u00f3w pl\u0105sa nad chor\u0105 ziemi\u0105 je\u015bli nie p\u00f3jdziesz za prawd\u0105 \u2013 to gdzie? *** Musi by\u015b jaki\u015b kluczyk otwieraj\u0105cy potencj\u0119 i szcz\u0119\u015bcie, lecz czy jest on jeszcze w tym ciele? Nie mog\u0119 sobie poradzi\u0107 z chrystusowym rozdwojeniem, nie pami\u0119tam &#8230;<\/p>\n","protected":false},"author":1,"featured_media":0,"parent":0,"menu_order":0,"comment_status":"closed","ping_status":"closed","template":"","meta":{"footnotes":""},"class_list":["post-581","page","type-page","status-publish","hentry"],"_links":{"self":[{"href":"http:\/\/suryn.pl\/index.php\/wp-json\/wp\/v2\/pages\/581","targetHints":{"allow":["GET"]}}],"collection":[{"href":"http:\/\/suryn.pl\/index.php\/wp-json\/wp\/v2\/pages"}],"about":[{"href":"http:\/\/suryn.pl\/index.php\/wp-json\/wp\/v2\/types\/page"}],"author":[{"embeddable":true,"href":"http:\/\/suryn.pl\/index.php\/wp-json\/wp\/v2\/users\/1"}],"replies":[{"embeddable":true,"href":"http:\/\/suryn.pl\/index.php\/wp-json\/wp\/v2\/comments?post=581"}],"version-history":[{"count":8,"href":"http:\/\/suryn.pl\/index.php\/wp-json\/wp\/v2\/pages\/581\/revisions"}],"predecessor-version":[{"id":1211,"href":"http:\/\/suryn.pl\/index.php\/wp-json\/wp\/v2\/pages\/581\/revisions\/1211"}],"wp:attachment":[{"href":"http:\/\/suryn.pl\/index.php\/wp-json\/wp\/v2\/media?parent=581"}],"curies":[{"name":"wp","href":"https:\/\/api.w.org\/{rel}","templated":true}]}}