{"id":572,"date":"2021-05-19T11:44:36","date_gmt":"2021-05-19T09:44:36","guid":{"rendered":"http:\/\/suryn.pl\/?page_id=572"},"modified":"2021-05-20T19:41:45","modified_gmt":"2021-05-20T17:41:45","slug":"strona-160-i-161","status":"publish","type":"page","link":"http:\/\/suryn.pl\/index.php\/strona-160-i-161\/","title":{"rendered":"Strona 160 i 161"},"content":{"rendered":"\n<pre class=\"wp-block-verse\" style=\"font-size:17px\"><strong>***<\/strong>\nczy to ja\nna powrozach kropl\u00f3wki\nczy znudzony fantom\nle\u017cy na ofiar\u0119?\n\u015bwiat przez dziurk\u0119\nod klucza\u00a0\npoucza mnie\njak zwia\u0107<\/pre>\n\n\n\n<div style=\"height:148px\" aria-hidden=\"true\" class=\"wp-block-spacer\"><\/div>\n\n\n\n<div style=\"height:100px\" aria-hidden=\"true\" class=\"wp-block-spacer\"><\/div>\n\n\n\n<pre class=\"wp-block-verse\" style=\"font-size:17px\"><strong>***<\/strong>\nukrzy\u017cowany na \u015bwiecie\nbe\u0142kocz\u0119 jak on\nobracam si\u0119\njak on\ni gdybym ca\u0142y by\u0142 z tego \u015bwiata\nnie by\u0142oby pytania, b\u00f3lu\ni tego wiersza\nO! Duchu \u015awi\u0119ty\nmodl\u0119 si\u0119 jak co dzie\u0144\no jasno\u015b\u0107\nuczy\u0144 mnie sob\u0105\ni niech nie w\u0105tpi\u0119!<\/pre>\n\n\n\n<p class=\"has-text-align-right\"><a href=\"http:\/\/suryn.pl\/index.php\/strona-158-i-159\/\" data-type=\"URL\" data-id=\"http:\/\/suryn.pl\/index.php\/strona-158-i-159\/\">Poprzednia<\/a>&nbsp; <a href=\"http:\/\/suryn.pl\/index.php\/strona-162-i-163\/\" data-type=\"URL\" data-id=\"http:\/\/suryn.pl\/index.php\/strona-162-i-163\/\">Nast\u0119pna<\/a><\/p>\n\n\n\n<div style=\"height:100px\" aria-hidden=\"true\" class=\"wp-block-spacer\"><\/div>\n","protected":false},"excerpt":{"rendered":"<p>*** czy to ja na powrozach kropl\u00f3wki czy znudzony fantom le\u017cy na ofiar\u0119? \u015bwiat przez dziurk\u0119 od klucza\u00a0 poucza mnie jak zwia\u0107 *** ukrzy\u017cowany na \u015bwiecie be\u0142kocz\u0119 jak on obracam si\u0119 jak on i gdybym ca\u0142y by\u0142 z tego \u015bwiata nie by\u0142oby pytania, b\u00f3lu i tego wiersza O! Duchu \u015awi\u0119ty modl\u0119 si\u0119 jak co dzie\u0144 o jasno\u015b\u0107 uczy\u0144 mnie sob\u0105 &#8230;<\/p>\n","protected":false},"author":1,"featured_media":0,"parent":0,"menu_order":0,"comment_status":"closed","ping_status":"closed","template":"","meta":{"footnotes":""},"class_list":["post-572","page","type-page","status-publish","hentry"],"_links":{"self":[{"href":"http:\/\/suryn.pl\/index.php\/wp-json\/wp\/v2\/pages\/572","targetHints":{"allow":["GET"]}}],"collection":[{"href":"http:\/\/suryn.pl\/index.php\/wp-json\/wp\/v2\/pages"}],"about":[{"href":"http:\/\/suryn.pl\/index.php\/wp-json\/wp\/v2\/types\/page"}],"author":[{"embeddable":true,"href":"http:\/\/suryn.pl\/index.php\/wp-json\/wp\/v2\/users\/1"}],"replies":[{"embeddable":true,"href":"http:\/\/suryn.pl\/index.php\/wp-json\/wp\/v2\/comments?post=572"}],"version-history":[{"count":5,"href":"http:\/\/suryn.pl\/index.php\/wp-json\/wp\/v2\/pages\/572\/revisions"}],"predecessor-version":[{"id":1209,"href":"http:\/\/suryn.pl\/index.php\/wp-json\/wp\/v2\/pages\/572\/revisions\/1209"}],"wp:attachment":[{"href":"http:\/\/suryn.pl\/index.php\/wp-json\/wp\/v2\/media?parent=572"}],"curies":[{"name":"wp","href":"https:\/\/api.w.org\/{rel}","templated":true}]}}