{"id":560,"date":"2021-05-19T11:34:50","date_gmt":"2021-05-19T09:34:50","guid":{"rendered":"http:\/\/suryn.pl\/?page_id=560"},"modified":"2021-05-21T15:38:27","modified_gmt":"2021-05-21T13:38:27","slug":"strona-154-i-155","status":"publish","type":"page","link":"http:\/\/suryn.pl\/index.php\/strona-154-i-155\/","title":{"rendered":"Strona 154 i 155"},"content":{"rendered":"\n<pre class=\"wp-block-verse\" style=\"font-size:17px\"><strong>dead stars stink<\/strong>\n&nbsp;&nbsp;&nbsp;&nbsp;&nbsp;&nbsp;&nbsp;&nbsp;&nbsp;&nbsp;&nbsp;&nbsp;<em>E.E. Cummings<\/em>\no \u015bmierci nigdy dosy\u0107\ntako\u017c o \u017cyciu\nbo jedno ci\u0119 zaskoczy\na drugie ominie\nserdecznych wi\u0119c pos\u0142a\u0144c\u00f3w\nposy\u0142aj\nnie czekaj\u0105c\n\u017ce wr\u00f3c\u0105\n&nbsp;<\/pre>\n\n\n\n<div style=\"height:50px\" aria-hidden=\"true\" class=\"wp-block-spacer\"><\/div>\n\n\n\n<pre class=\"wp-block-verse\" style=\"font-size:17px\"><strong>smok<\/strong>\njest wielki i po\u0142yka\ndaj\u0119 mu na po\u017carcie\nnienapisane historie\nmi\u0142o\u015bci dooko\u0142a \u015bwiata\ni po tysi\u0105c razy usch\u0142e kwiaty\nzagadki\numar\u0142e z nieodgadni\u0119cia<\/pre>\n\n\n\n<p class=\"has-text-align-right\"><a href=\"http:\/\/suryn.pl\/index.php\/strona-152-i-153\/\" data-type=\"URL\" data-id=\"http:\/\/suryn.pl\/index.php\/strona-152-i-153\/\">Poprzednia<\/a>&nbsp; <a href=\"http:\/\/suryn.pl\/index.php\/strona-156-i-157\/\" data-type=\"URL\" data-id=\"http:\/\/suryn.pl\/index.php\/strona-156-i-157\/\">Nast\u0119pna<\/a><\/p>\n\n\n\n<div style=\"height:100px\" aria-hidden=\"true\" class=\"wp-block-spacer\"><\/div>\n","protected":false},"excerpt":{"rendered":"<p>dead stars stink &nbsp;&nbsp;&nbsp;&nbsp;&nbsp;&nbsp;&nbsp;&nbsp;&nbsp;&nbsp;&nbsp;&nbsp;E.E. Cummings o \u015bmierci nigdy dosy\u0107 tako\u017c o \u017cyciu bo jedno ci\u0119 zaskoczy a drugie ominie serdecznych wi\u0119c pos\u0142a\u0144c\u00f3w posy\u0142aj nie czekaj\u0105c \u017ce wr\u00f3c\u0105 &nbsp; smok jest wielki i po\u0142yka daj\u0119 mu na po\u017carcie nienapisane historie mi\u0142o\u015bci dooko\u0142a \u015bwiata i po tysi\u0105c razy usch\u0142e kwiaty zagadki umar\u0142e z nieodgadni\u0119cia Poprzednia&nbsp; Nast\u0119pna<\/p>\n","protected":false},"author":1,"featured_media":0,"parent":0,"menu_order":0,"comment_status":"closed","ping_status":"closed","template":"","meta":{"footnotes":""},"class_list":["post-560","page","type-page","status-publish","hentry"],"_links":{"self":[{"href":"http:\/\/suryn.pl\/index.php\/wp-json\/wp\/v2\/pages\/560","targetHints":{"allow":["GET"]}}],"collection":[{"href":"http:\/\/suryn.pl\/index.php\/wp-json\/wp\/v2\/pages"}],"about":[{"href":"http:\/\/suryn.pl\/index.php\/wp-json\/wp\/v2\/types\/page"}],"author":[{"embeddable":true,"href":"http:\/\/suryn.pl\/index.php\/wp-json\/wp\/v2\/users\/1"}],"replies":[{"embeddable":true,"href":"http:\/\/suryn.pl\/index.php\/wp-json\/wp\/v2\/comments?post=560"}],"version-history":[{"count":4,"href":"http:\/\/suryn.pl\/index.php\/wp-json\/wp\/v2\/pages\/560\/revisions"}],"predecessor-version":[{"id":1529,"href":"http:\/\/suryn.pl\/index.php\/wp-json\/wp\/v2\/pages\/560\/revisions\/1529"}],"wp:attachment":[{"href":"http:\/\/suryn.pl\/index.php\/wp-json\/wp\/v2\/media?parent=560"}],"curies":[{"name":"wp","href":"https:\/\/api.w.org\/{rel}","templated":true}]}}