{"id":558,"date":"2021-05-19T11:32:57","date_gmt":"2021-05-19T09:32:57","guid":{"rendered":"http:\/\/suryn.pl\/?page_id=558"},"modified":"2021-05-20T19:40:32","modified_gmt":"2021-05-20T17:40:32","slug":"strona-152-i-153","status":"publish","type":"page","link":"http:\/\/suryn.pl\/index.php\/strona-152-i-153\/","title":{"rendered":"Strona 152 i 153"},"content":{"rendered":"\n<pre class=\"wp-block-verse\" style=\"font-size:17px\"><strong>***<\/strong>\nciche i ciemne\nzaj\u0119cia nocy\nwi\u0119zie\u0144 cia\u0142a\ni stra\u017cnik oddechu\nach! wybuchn\u0105\u0107 i rozda\u0107\n\u015bwiatu co na chwil\u0119 przebra\u0142o si\u0119\nza mnie\nja \u2013 supernowa i bia\u0142y karze\u0142\nzagl\u0105daj\u0105cy za kraw\u0119d\u017a czarnej\ndziury \u2013 ufam, \u017ce je\u015bli nie\nb\u0119d\u0119 przeszkadza\u0142, sprawy u\u0142o\u017c\u0105 si\u0119\nsame<\/pre>\n\n\n\n<pre class=\"wp-block-verse\" style=\"font-size:17px\"><strong>moje cia\u0142o<\/strong>\nterra incognita\nmorze bolesne\nz wysp\u0105 czuwania\nmg\u0142awice oboj\u0119tne\ngroty alchemiczne\nkrew \u015bwi\u0119ta i \u015bmiertelna\nobie pomylone ameryki\ni przyl\u0105dek dobrej nadziei&nbsp;&nbsp;\n&nbsp;<\/pre>\n\n\n\n<p class=\"has-text-align-right\"><a href=\"http:\/\/suryn.pl\/index.php\/strona-150-i-151\/\" data-type=\"URL\" data-id=\"http:\/\/suryn.pl\/index.php\/strona-150-i-151\/\">Poprzednia<\/a>&nbsp; <a href=\"http:\/\/suryn.pl\/index.php\/strona-154-i-155\/\" data-type=\"URL\" data-id=\"http:\/\/suryn.pl\/index.php\/strona-154-i-155\/\">Nast\u0119pna<\/a><\/p>\n","protected":false},"excerpt":{"rendered":"<p>*** ciche i ciemne zaj\u0119cia nocy wi\u0119zie\u0144 cia\u0142a i stra\u017cnik oddechu ach! wybuchn\u0105\u0107 i rozda\u0107 \u015bwiatu co na chwil\u0119 przebra\u0142o si\u0119 za mnie ja \u2013 supernowa i bia\u0142y karze\u0142 zagl\u0105daj\u0105cy za kraw\u0119d\u017a czarnej dziury \u2013 ufam, \u017ce je\u015bli nie b\u0119d\u0119 przeszkadza\u0142, sprawy u\u0142o\u017c\u0105 si\u0119 same moje cia\u0142o terra incognita morze bolesne z wysp\u0105 czuwania mg\u0142awice oboj\u0119tne groty alchemiczne krew \u015bwi\u0119ta &#8230;<\/p>\n","protected":false},"author":1,"featured_media":0,"parent":0,"menu_order":0,"comment_status":"closed","ping_status":"closed","template":"","meta":{"footnotes":""},"class_list":["post-558","page","type-page","status-publish","hentry"],"_links":{"self":[{"href":"http:\/\/suryn.pl\/index.php\/wp-json\/wp\/v2\/pages\/558","targetHints":{"allow":["GET"]}}],"collection":[{"href":"http:\/\/suryn.pl\/index.php\/wp-json\/wp\/v2\/pages"}],"about":[{"href":"http:\/\/suryn.pl\/index.php\/wp-json\/wp\/v2\/types\/page"}],"author":[{"embeddable":true,"href":"http:\/\/suryn.pl\/index.php\/wp-json\/wp\/v2\/users\/1"}],"replies":[{"embeddable":true,"href":"http:\/\/suryn.pl\/index.php\/wp-json\/wp\/v2\/comments?post=558"}],"version-history":[{"count":3,"href":"http:\/\/suryn.pl\/index.php\/wp-json\/wp\/v2\/pages\/558\/revisions"}],"predecessor-version":[{"id":1206,"href":"http:\/\/suryn.pl\/index.php\/wp-json\/wp\/v2\/pages\/558\/revisions\/1206"}],"wp:attachment":[{"href":"http:\/\/suryn.pl\/index.php\/wp-json\/wp\/v2\/media?parent=558"}],"curies":[{"name":"wp","href":"https:\/\/api.w.org\/{rel}","templated":true}]}}