{"id":553,"date":"2021-05-19T11:31:06","date_gmt":"2021-05-19T09:31:06","guid":{"rendered":"http:\/\/suryn.pl\/?page_id=553"},"modified":"2021-05-20T19:40:05","modified_gmt":"2021-05-20T17:40:05","slug":"strona-150-i-151","status":"publish","type":"page","link":"http:\/\/suryn.pl\/index.php\/strona-150-i-151\/","title":{"rendered":"Strona 150 i 151"},"content":{"rendered":"\n<pre class=\"wp-block-verse\" style=\"font-size:17px\"><strong>***<\/strong>\nRenesans poranka. \u017badnych zmian w przyrodzie, jeno s\u0142onecznik troch\u0119 opad\u0142. Ja starszy o dziewi\u0119\u0107 godzin mkn\u0119 ku \u015bmierci z tak\u0105 szybko\u015bci\u0105, \u017ce przebij\u0119 j\u0105 jak \u015bcian\u0119 z papieru i znajd\u0119 si\u0119 z drugiej strony -\u00a0\u00a0a tam, ho-ho! palce liza\u0107 - rachat\u0142ukum w duchu i inne takie.\n\u00a0<\/pre>\n\n\n\n<div style=\"height:500px\" aria-hidden=\"true\" class=\"wp-block-spacer\"><\/div>\n\n\n\n<pre class=\"wp-block-verse\" style=\"font-size:17px\"><strong>\u015bwiecisz, a nie wierzysz albo powitanie jesieni<\/strong>\nmonstrancja zgrzebna\n&nbsp;&nbsp;&nbsp;&nbsp;&nbsp;&nbsp;&nbsp;&nbsp;&nbsp;&nbsp;&nbsp;&nbsp;li\u015bci pe\u0142na\nflakon katar melancholia\n&nbsp;&nbsp;&nbsp;&nbsp;&nbsp;&nbsp;&nbsp;&nbsp;&nbsp;&nbsp;&nbsp;&nbsp;tysi\u0105c ci\u0119 odmieniam\n&nbsp;&nbsp;&nbsp;&nbsp;&nbsp;&nbsp;&nbsp;&nbsp;&nbsp;&nbsp;&nbsp;&nbsp;&nbsp;&nbsp;&nbsp;&nbsp;&nbsp;&nbsp;&nbsp;&nbsp;&nbsp;&nbsp;&nbsp;&nbsp;pani spi\u017carniana\nw t\u0119 cerkiewn\u0105 por\u0119\n&nbsp;&nbsp;&nbsp;&nbsp;&nbsp;&nbsp;&nbsp;&nbsp;&nbsp;&nbsp;&nbsp;&nbsp;wyj\u015b\u0107 i mie\u0107 odwag\u0119\n&nbsp;&nbsp;&nbsp;&nbsp;&nbsp;&nbsp;&nbsp;&nbsp;&nbsp;&nbsp;&nbsp;&nbsp;&nbsp;&nbsp;&nbsp;&nbsp;&nbsp;&nbsp;&nbsp;&nbsp;&nbsp;&nbsp;&nbsp;&nbsp;palcem horyzont wspiera\u0107\nb\u0105d\u017a pozdrowiona\n&nbsp;&nbsp;&nbsp;&nbsp;&nbsp;&nbsp;&nbsp;&nbsp;&nbsp;&nbsp;&nbsp;&nbsp;i legiony twoje\n&nbsp;&nbsp;&nbsp;&nbsp;&nbsp;&nbsp;&nbsp;&nbsp;&nbsp;&nbsp;&nbsp;&nbsp;i lemingi t\u0142uste\n&nbsp;&nbsp;&nbsp;&nbsp;&nbsp;&nbsp;&nbsp;&nbsp;&nbsp;&nbsp;&nbsp;&nbsp;i deszcze z marszu\n&nbsp;&nbsp;&nbsp;&nbsp;&nbsp;&nbsp;&nbsp;&nbsp;&nbsp;&nbsp;&nbsp;&nbsp;bior\u0105ce\n&nbsp;&nbsp;&nbsp;&nbsp;&nbsp;&nbsp;&nbsp;&nbsp;&nbsp;&nbsp;&nbsp;&nbsp;ostatnie letnie bastiony\n&nbsp;&nbsp;&nbsp;&nbsp;&nbsp;&nbsp;&nbsp;&nbsp;&nbsp;&nbsp;&nbsp;&nbsp;&nbsp;&nbsp;&nbsp;&nbsp;&nbsp;&nbsp;&nbsp;&nbsp;&nbsp;&nbsp;&nbsp;&nbsp;naftalin doliny\n&nbsp;&nbsp;&nbsp;&nbsp;&nbsp;&nbsp;&nbsp;&nbsp;&nbsp;&nbsp;&nbsp;&nbsp;syte perszerony\n&nbsp;&nbsp;&nbsp;&nbsp;&nbsp;&nbsp;&nbsp;&nbsp;&nbsp;&nbsp;&nbsp;&nbsp;a na wozach ziemniaki\n&nbsp;&nbsp;&nbsp;&nbsp;&nbsp;&nbsp;&nbsp;&nbsp;&nbsp;&nbsp;&nbsp;&nbsp;a w ziemniakach Rousseau\npstro dajesz ptakom w g\u0142owy\n&nbsp;&nbsp;&nbsp;&nbsp;&nbsp;&nbsp;&nbsp;&nbsp;&nbsp;&nbsp;&nbsp;&nbsp;i mnie prz\u0119dziesz lirycznie<\/pre>\n\n\n\n<p class=\"has-text-align-right\"><a href=\"http:\/\/suryn.pl\/index.php\/strona-148-i-149\/\" data-type=\"URL\" data-id=\"http:\/\/suryn.pl\/index.php\/strona-148-i-149\/\">Poprzednia&nbsp;<\/a> <a href=\"http:\/\/suryn.pl\/index.php\/strona-152-i-153\/\" data-type=\"URL\" data-id=\"http:\/\/suryn.pl\/index.php\/strona-152-i-153\/\">Nast\u0119pna<\/a><\/p>\n\n\n\n<div style=\"height:76px\" aria-hidden=\"true\" class=\"wp-block-spacer\"><\/div>\n","protected":false},"excerpt":{"rendered":"<p>*** Renesans poranka. \u017badnych zmian w przyrodzie, jeno s\u0142onecznik troch\u0119 opad\u0142. Ja starszy o dziewi\u0119\u0107 godzin mkn\u0119 ku \u015bmierci z tak\u0105 szybko\u015bci\u0105, \u017ce przebij\u0119 j\u0105 jak \u015bcian\u0119 z papieru i znajd\u0119 si\u0119 z drugiej strony &#8211;\u00a0\u00a0a tam, ho-ho! palce liza\u0107 &#8211; rachat\u0142ukum w duchu i inne takie. \u00a0 \u015bwiecisz, a nie wierzysz albo powitanie jesieni monstrancja zgrzebna &nbsp;&nbsp;&nbsp;&nbsp;&nbsp;&nbsp;&nbsp;&nbsp;&nbsp;&nbsp;&nbsp;&nbsp;li\u015bci pe\u0142na flakon &#8230;<\/p>\n","protected":false},"author":1,"featured_media":0,"parent":0,"menu_order":0,"comment_status":"closed","ping_status":"closed","template":"","meta":{"footnotes":""},"class_list":["post-553","page","type-page","status-publish","hentry"],"_links":{"self":[{"href":"http:\/\/suryn.pl\/index.php\/wp-json\/wp\/v2\/pages\/553","targetHints":{"allow":["GET"]}}],"collection":[{"href":"http:\/\/suryn.pl\/index.php\/wp-json\/wp\/v2\/pages"}],"about":[{"href":"http:\/\/suryn.pl\/index.php\/wp-json\/wp\/v2\/types\/page"}],"author":[{"embeddable":true,"href":"http:\/\/suryn.pl\/index.php\/wp-json\/wp\/v2\/users\/1"}],"replies":[{"embeddable":true,"href":"http:\/\/suryn.pl\/index.php\/wp-json\/wp\/v2\/comments?post=553"}],"version-history":[{"count":6,"href":"http:\/\/suryn.pl\/index.php\/wp-json\/wp\/v2\/pages\/553\/revisions"}],"predecessor-version":[{"id":1205,"href":"http:\/\/suryn.pl\/index.php\/wp-json\/wp\/v2\/pages\/553\/revisions\/1205"}],"wp:attachment":[{"href":"http:\/\/suryn.pl\/index.php\/wp-json\/wp\/v2\/media?parent=553"}],"curies":[{"name":"wp","href":"https:\/\/api.w.org\/{rel}","templated":true}]}}