{"id":549,"date":"2021-05-19T11:24:11","date_gmt":"2021-05-19T09:24:11","guid":{"rendered":"http:\/\/suryn.pl\/?page_id=549"},"modified":"2021-05-20T19:39:45","modified_gmt":"2021-05-20T17:39:45","slug":"strona-148-i-149","status":"publish","type":"page","link":"http:\/\/suryn.pl\/index.php\/strona-148-i-149\/","title":{"rendered":"Strona 148 i 149"},"content":{"rendered":"\n<pre class=\"wp-block-verse\" style=\"font-size:17px\"><strong>***<\/strong>\nMiles Davis. Ta muzyka pie\u015bci planety. Jest jak fotografia wiecznej chwili i miejsca istotnego. Goethe, Mozart, Mann \u2013 wszech\u015bwiadomo\u015b\u0107 nie ma ko\u0144ca, je\u015bli czysto i \u017carliwie podasz siebie w g\u00f3r\u0119, odczujesz to. Tutaj i teraz \u015bwiadomo\u015b\u0107 twoja p\u0142ynie jak rzeka mi\u0119dzy brzegami cia\u0142a.\n\u00a0<\/pre>\n\n\n\n<div style=\"height:330px\" aria-hidden=\"true\" class=\"wp-block-spacer\"><\/div>\n\n\n\n<pre class=\"wp-block-verse\" style=\"font-size:17px\"><strong>***<\/strong>\nMama maluje okno, ja pal\u0119 fajk\u0119. Niczego teraz nie pragn\u0119. Uciek\u0142 od uciech. Pachnie mi\u0119t\u0105, tytoniem, ziemi\u0105. Pi\u0119\u0107 much, Pascal, wrzos pracuje nad fioletem, gdzie\u015b tam hucz\u0105 interesy, m\u00f3j kot godny \u2013 ca\u0142a jego kotowo\u015b\u0107 na \u015bwiat szaromruczy i wie.\nRaptem wielki znak na niebie, jak milion, ale w ciszy zgo\u0142a podwodnej. Unios\u0142em palec i wszystko znik\u0142o. No, no. Niby, \u017ce co?\u00a0\u00a0Ale jak? Ja tu z muchami, ksi\u0105\u017ckami, a tam niby taka gloria? Zda\u0142o mi si\u0119. Chyba zda\u0142o mi si\u0119. Fajka grzeje, much pi\u0119\u0107, biurko jak ska\u0142a. Je\u017celi tak p\u00f3jdzie, z czasem oka\u017ce si\u0119, \u017ce B\u00f3g ma tw\u00f3j charakter. Kaw\u0119, prosz\u0119.\n\u00a0<\/pre>\n\n\n\n<p class=\"has-text-align-right\"><a href=\"http:\/\/suryn.pl\/index.php\/strona-146-i-147\/\" data-type=\"URL\" data-id=\"http:\/\/suryn.pl\/index.php\/strona-146-i-147\/\">Poprzednia<\/a>&nbsp; <a href=\"http:\/\/suryn.pl\/index.php\/strona-150-i-151\/\" data-type=\"URL\" data-id=\"http:\/\/suryn.pl\/index.php\/strona-150-i-151\/\">Nast\u0119pna<\/a><\/p>\n\n\n\n<div style=\"height:100px\" aria-hidden=\"true\" class=\"wp-block-spacer\"><\/div>\n","protected":false},"excerpt":{"rendered":"<p>*** Miles Davis. Ta muzyka pie\u015bci planety. Jest jak fotografia wiecznej chwili i miejsca istotnego. Goethe, Mozart, Mann \u2013 wszech\u015bwiadomo\u015b\u0107 nie ma ko\u0144ca, je\u015bli czysto i \u017carliwie podasz siebie w g\u00f3r\u0119, odczujesz to. Tutaj i teraz \u015bwiadomo\u015b\u0107 twoja p\u0142ynie jak rzeka mi\u0119dzy brzegami cia\u0142a. \u00a0 *** Mama maluje okno, ja pal\u0119 fajk\u0119. Niczego teraz nie pragn\u0119. Uciek\u0142 od uciech. Pachnie &#8230;<\/p>\n","protected":false},"author":1,"featured_media":0,"parent":0,"menu_order":0,"comment_status":"closed","ping_status":"closed","template":"","meta":{"footnotes":""},"class_list":["post-549","page","type-page","status-publish","hentry"],"_links":{"self":[{"href":"http:\/\/suryn.pl\/index.php\/wp-json\/wp\/v2\/pages\/549","targetHints":{"allow":["GET"]}}],"collection":[{"href":"http:\/\/suryn.pl\/index.php\/wp-json\/wp\/v2\/pages"}],"about":[{"href":"http:\/\/suryn.pl\/index.php\/wp-json\/wp\/v2\/types\/page"}],"author":[{"embeddable":true,"href":"http:\/\/suryn.pl\/index.php\/wp-json\/wp\/v2\/users\/1"}],"replies":[{"embeddable":true,"href":"http:\/\/suryn.pl\/index.php\/wp-json\/wp\/v2\/comments?post=549"}],"version-history":[{"count":5,"href":"http:\/\/suryn.pl\/index.php\/wp-json\/wp\/v2\/pages\/549\/revisions"}],"predecessor-version":[{"id":1204,"href":"http:\/\/suryn.pl\/index.php\/wp-json\/wp\/v2\/pages\/549\/revisions\/1204"}],"wp:attachment":[{"href":"http:\/\/suryn.pl\/index.php\/wp-json\/wp\/v2\/media?parent=549"}],"curies":[{"name":"wp","href":"https:\/\/api.w.org\/{rel}","templated":true}]}}