{"id":533,"date":"2021-05-19T11:16:50","date_gmt":"2021-05-19T09:16:50","guid":{"rendered":"http:\/\/suryn.pl\/?page_id=533"},"modified":"2021-05-20T19:35:29","modified_gmt":"2021-05-20T17:35:29","slug":"strona-142-i-143","status":"publish","type":"page","link":"http:\/\/suryn.pl\/index.php\/strona-142-i-143\/","title":{"rendered":"Strona 142 i 143"},"content":{"rendered":"\n<pre class=\"wp-block-verse\" style=\"font-size:17px\"><strong>***<\/strong>\nB\u0142\u0119dy, \u015bnieg, cnota parzy. W 365 herbat dooko\u0142a sto\u0142u. Ciernisty sierpie\u0144 na czole jego wyczytany do cna. Noc nie \u015bpi, warzy ksi\u0119\u017cyc w garze.\u00a0Rudraksh\u00a0i obry i kadobry.\nNa nitkach nadziei w t\u0119 i w t\u0119... w t\u0119 i w t\u0119...<\/pre>\n\n\n\n<div style=\"height:246px\" aria-hidden=\"true\" class=\"wp-block-spacer\"><\/div>\n\n\n\n<pre class=\"wp-block-verse\" style=\"font-size:17px\"><strong>***<\/strong>\nmotyl zm\u0119czony\nnad wodami lata\nziemi szuka prawdziwej\nalbo ko\u0144ca \u015bwiata<\/pre>\n\n\n\n<p class=\"has-text-align-right\"><a href=\"http:\/\/suryn.pl\/index.php\/strona-140-i-141\/\" data-type=\"URL\" data-id=\"http:\/\/suryn.pl\/index.php\/strona-140-i-141\/\">Poprzednia<\/a>&nbsp; <a href=\"http:\/\/suryn.pl\/index.php\/strona-144-i-145\/\" data-type=\"URL\" data-id=\"http:\/\/suryn.pl\/index.php\/strona-144-i-145\/\">Nast\u0119pna<\/a><\/p>\n\n\n\n<div style=\"height:207px\" aria-hidden=\"true\" class=\"wp-block-spacer\"><\/div>\n","protected":false},"excerpt":{"rendered":"<p>*** B\u0142\u0119dy, \u015bnieg, cnota parzy. W 365 herbat dooko\u0142a sto\u0142u. Ciernisty sierpie\u0144 na czole jego wyczytany do cna. Noc nie \u015bpi, warzy ksi\u0119\u017cyc w garze.\u00a0Rudraksh\u00a0i obry i kadobry. Na nitkach nadziei w t\u0119 i w t\u0119&#8230; w t\u0119 i w t\u0119&#8230; *** motyl zm\u0119czony nad wodami lata ziemi szuka prawdziwej albo ko\u0144ca \u015bwiata Poprzednia&nbsp; Nast\u0119pna<\/p>\n","protected":false},"author":1,"featured_media":0,"parent":0,"menu_order":0,"comment_status":"closed","ping_status":"closed","template":"","meta":{"footnotes":""},"class_list":["post-533","page","type-page","status-publish","hentry"],"_links":{"self":[{"href":"http:\/\/suryn.pl\/index.php\/wp-json\/wp\/v2\/pages\/533","targetHints":{"allow":["GET"]}}],"collection":[{"href":"http:\/\/suryn.pl\/index.php\/wp-json\/wp\/v2\/pages"}],"about":[{"href":"http:\/\/suryn.pl\/index.php\/wp-json\/wp\/v2\/types\/page"}],"author":[{"embeddable":true,"href":"http:\/\/suryn.pl\/index.php\/wp-json\/wp\/v2\/users\/1"}],"replies":[{"embeddable":true,"href":"http:\/\/suryn.pl\/index.php\/wp-json\/wp\/v2\/comments?post=533"}],"version-history":[{"count":9,"href":"http:\/\/suryn.pl\/index.php\/wp-json\/wp\/v2\/pages\/533\/revisions"}],"predecessor-version":[{"id":1201,"href":"http:\/\/suryn.pl\/index.php\/wp-json\/wp\/v2\/pages\/533\/revisions\/1201"}],"wp:attachment":[{"href":"http:\/\/suryn.pl\/index.php\/wp-json\/wp\/v2\/media?parent=533"}],"curies":[{"name":"wp","href":"https:\/\/api.w.org\/{rel}","templated":true}]}}