{"id":531,"date":"2021-05-19T11:13:53","date_gmt":"2021-05-19T09:13:53","guid":{"rendered":"http:\/\/suryn.pl\/?page_id=531"},"modified":"2021-05-21T15:37:07","modified_gmt":"2021-05-21T13:37:07","slug":"strona-140-i-141","status":"publish","type":"page","link":"http:\/\/suryn.pl\/index.php\/strona-140-i-141\/","title":{"rendered":"Strona 140 i 141"},"content":{"rendered":"\n<pre class=\"wp-block-verse\" style=\"font-size:17px\"><strong>***<\/strong>\nczerwiec 1885\nto chyba ranek\njest pla\u017ca w zatoce\n\u0142\u00f3d\u017a\ni ich troje\n&nbsp;\nch\u0142odny \u015bwit\nrosa skrzy podobnie jak w roku 1312\npies ca\u0142y mokry\nbuszuje w chaszczach\nja umiarkowany stoj\u0119 w \u015brodku cudu\ni nic<\/pre>\n\n\n\n<div style=\"height:38px\" aria-hidden=\"true\" class=\"wp-block-spacer\"><\/div>\n\n\n\n<pre class=\"wp-block-verse\" style=\"font-size:17px\"><strong>morbidezza<\/strong>\np\u0142yn\u0105\u0142em w twojej sk\u00f3rze\n\u017cy\u0142em\nna podobie\u0144stwo bia\u0142ych larw\nw cudzych ciep\u0142ach\ni czego\u015b\nco widz\u0119 jak bezpieczny obraz\n<\/pre>\n\n\n\n<p class=\"has-text-align-right\"><a href=\"http:\/\/suryn.pl\/index.php\/strona-138-i-139\/\" data-type=\"URL\" data-id=\"http:\/\/suryn.pl\/index.php\/strona-138-i-139\/\">Poprzednia<\/a>&nbsp; <a href=\"http:\/\/suryn.pl\/index.php\/strona-142-i-143\/\" data-type=\"URL\" data-id=\"http:\/\/suryn.pl\/index.php\/strona-142-i-143\/\">Nast\u0119pna<\/a><\/p>\n\n\n\n<div style=\"height:163px\" aria-hidden=\"true\" class=\"wp-block-spacer\"><\/div>\n","protected":false},"excerpt":{"rendered":"<p>*** czerwiec 1885 to chyba ranek jest pla\u017ca w zatoce \u0142\u00f3d\u017a i ich troje &nbsp; ch\u0142odny \u015bwit rosa skrzy podobnie jak w roku 1312 pies ca\u0142y mokry buszuje w chaszczach ja umiarkowany stoj\u0119 w \u015brodku cudu i nic morbidezza p\u0142yn\u0105\u0142em w twojej sk\u00f3rze \u017cy\u0142em na podobie\u0144stwo bia\u0142ych larw w cudzych ciep\u0142ach i czego\u015b co widz\u0119 jak bezpieczny obraz Poprzednia&nbsp; Nast\u0119pna<\/p>\n","protected":false},"author":1,"featured_media":0,"parent":0,"menu_order":0,"comment_status":"closed","ping_status":"closed","template":"","meta":{"footnotes":""},"class_list":["post-531","page","type-page","status-publish","hentry"],"_links":{"self":[{"href":"http:\/\/suryn.pl\/index.php\/wp-json\/wp\/v2\/pages\/531","targetHints":{"allow":["GET"]}}],"collection":[{"href":"http:\/\/suryn.pl\/index.php\/wp-json\/wp\/v2\/pages"}],"about":[{"href":"http:\/\/suryn.pl\/index.php\/wp-json\/wp\/v2\/types\/page"}],"author":[{"embeddable":true,"href":"http:\/\/suryn.pl\/index.php\/wp-json\/wp\/v2\/users\/1"}],"replies":[{"embeddable":true,"href":"http:\/\/suryn.pl\/index.php\/wp-json\/wp\/v2\/comments?post=531"}],"version-history":[{"count":4,"href":"http:\/\/suryn.pl\/index.php\/wp-json\/wp\/v2\/pages\/531\/revisions"}],"predecessor-version":[{"id":1525,"href":"http:\/\/suryn.pl\/index.php\/wp-json\/wp\/v2\/pages\/531\/revisions\/1525"}],"wp:attachment":[{"href":"http:\/\/suryn.pl\/index.php\/wp-json\/wp\/v2\/media?parent=531"}],"curies":[{"name":"wp","href":"https:\/\/api.w.org\/{rel}","templated":true}]}}