{"id":517,"date":"2021-05-19T10:37:38","date_gmt":"2021-05-19T08:37:38","guid":{"rendered":"http:\/\/suryn.pl\/?page_id=517"},"modified":"2021-05-21T15:35:51","modified_gmt":"2021-05-21T13:35:51","slug":"strona-134-i-135","status":"publish","type":"page","link":"http:\/\/suryn.pl\/index.php\/strona-134-i-135\/","title":{"rendered":"Strona 134 i 135"},"content":{"rendered":"\n<pre class=\"wp-block-verse\" style=\"font-size:17px\"><strong>W miejscu<\/strong>\nRozpiska do kabaretu katolickiego dedykowana Gombrowiczowi.\nOsoby: Czarna Ciotka Dooko\u0142a Ko\u015bcio\u0142a, Wuj Dmuchany, Ch\u0142opcy Malowani, Orze\u0142 i Papuga, Ciemna Wolno\u015b\u0107 i Magister Aspirant \u2013 wszystko to polane sosem pretensji, podawa\u0107 przy ka\u017cdej okazji, a\u017c do eutanazji.\n&nbsp;<\/pre>\n\n\n\n<div style=\"height:44px\" aria-hidden=\"true\" class=\"wp-block-spacer\"><\/div>\n\n\n\n<pre class=\"wp-block-verse\" style=\"font-size:17px\"><strong>***<\/strong>\nGombro jak zwykle pokrzepia mnie i potwierdza, przy tak powszechnej erozji ducha, gest arystokratyczny. Jest jak herbatka przed gilotyn\u0105.\n\n<\/pre>\n\n\n\n<p class=\"has-text-align-right\"><a href=\"http:\/\/suryn.pl\/index.php\/strona-132-i-133\/\" data-type=\"URL\" data-id=\"http:\/\/suryn.pl\/index.php\/strona-132-i-133\/\">Poprzednia<\/a>&nbsp; <a href=\"http:\/\/suryn.pl\/index.php\/strona-136-i-137\/\" data-type=\"URL\" data-id=\"http:\/\/suryn.pl\/index.php\/strona-136-i-137\/\">Nast\u0119pna<\/a><\/p>\n\n\n\n<div style=\"height:100px\" aria-hidden=\"true\" class=\"wp-block-spacer\"><\/div>\n","protected":false},"excerpt":{"rendered":"<p>W miejscu Rozpiska do kabaretu katolickiego dedykowana Gombrowiczowi. Osoby: Czarna Ciotka Dooko\u0142a Ko\u015bcio\u0142a, Wuj Dmuchany, Ch\u0142opcy Malowani, Orze\u0142 i Papuga, Ciemna Wolno\u015b\u0107 i Magister Aspirant \u2013 wszystko to polane sosem pretensji, podawa\u0107 przy ka\u017cdej okazji, a\u017c do eutanazji. &nbsp; *** Gombro jak zwykle pokrzepia mnie i potwierdza, przy tak powszechnej erozji ducha, gest arystokratyczny. Jest jak herbatka przed gilotyn\u0105. Poprzednia&nbsp; &#8230;<\/p>\n","protected":false},"author":1,"featured_media":0,"parent":0,"menu_order":0,"comment_status":"closed","ping_status":"closed","template":"","meta":{"footnotes":""},"class_list":["post-517","page","type-page","status-publish","hentry"],"_links":{"self":[{"href":"http:\/\/suryn.pl\/index.php\/wp-json\/wp\/v2\/pages\/517","targetHints":{"allow":["GET"]}}],"collection":[{"href":"http:\/\/suryn.pl\/index.php\/wp-json\/wp\/v2\/pages"}],"about":[{"href":"http:\/\/suryn.pl\/index.php\/wp-json\/wp\/v2\/types\/page"}],"author":[{"embeddable":true,"href":"http:\/\/suryn.pl\/index.php\/wp-json\/wp\/v2\/users\/1"}],"replies":[{"embeddable":true,"href":"http:\/\/suryn.pl\/index.php\/wp-json\/wp\/v2\/comments?post=517"}],"version-history":[{"count":5,"href":"http:\/\/suryn.pl\/index.php\/wp-json\/wp\/v2\/pages\/517\/revisions"}],"predecessor-version":[{"id":1520,"href":"http:\/\/suryn.pl\/index.php\/wp-json\/wp\/v2\/pages\/517\/revisions\/1520"}],"wp:attachment":[{"href":"http:\/\/suryn.pl\/index.php\/wp-json\/wp\/v2\/media?parent=517"}],"curies":[{"name":"wp","href":"https:\/\/api.w.org\/{rel}","templated":true}]}}