{"id":515,"date":"2021-05-19T10:34:50","date_gmt":"2021-05-19T08:34:50","guid":{"rendered":"http:\/\/suryn.pl\/?page_id=515"},"modified":"2021-05-20T19:33:22","modified_gmt":"2021-05-20T17:33:22","slug":"strona-132-i-133","status":"publish","type":"page","link":"http:\/\/suryn.pl\/index.php\/strona-132-i-133\/","title":{"rendered":"Strona 132 i 133"},"content":{"rendered":"\n<pre class=\"wp-block-verse\" style=\"font-size:17px\"><strong>Wrzesie\u0144 84<\/strong>\nZapali\u0142 fajk\u0119, \u0142ypn\u0105\u0142 na ksi\u0105\u017cki, na \u015bwietne tytu\u0142y, obiecanki-cacanki. Zapragn\u0105\u0142 w tej chwili by\u0107 wtajemniczonym po uszy w labirynty algebry, w figury geometrii. Ale c\u00f3\u017c, cwany tygrys \u015bwiadomo\u015bci przeskoczy\u0142 to dawno zgrabnie jednym susem. I sta\u0142 tam na polanie, w pomara\u0144czowej plamie, bij\u0105c ogonem po pasiastych bokach. Dalej\u017ce, dalej\u017ce - zbywaj, rezygnuj, szczuj, nie \u017ca\u0142uj!<\/pre>\n\n\n\n<div style=\"height:100px\" aria-hidden=\"true\" class=\"wp-block-spacer\"><\/div>\n\n\n\n<pre class=\"wp-block-verse\" style=\"font-size:17px\"><strong>Zm\u0119czenie<\/strong>\n11.10.88: Miasta - czarne dziury. Rezygnacja, ale te\u017c napi\u0119cie\n12.10: Nic ponadto\n13.10: Jak wy\u017cej\n14.10: Jeszcze wy\u017cej\n15.10: Odchodz\u0119 od zmys\u0142\u00f3w\n16.10: Nie jestem pewien\n17.10: Bardzo nie jestem pewien\n18.10: Pupa-fenomen!\n&nbsp;\n<\/pre>\n\n\n\n<p class=\"has-text-align-right\"><a href=\"http:\/\/suryn.pl\/index.php\/strona-130-i-131\/\" data-type=\"URL\" data-id=\"http:\/\/suryn.pl\/index.php\/strona-130-i-131\/\">Poprzednia&nbsp;<\/a> <a href=\"http:\/\/suryn.pl\/index.php\/strona-134-i-135\/\" data-type=\"URL\" data-id=\"http:\/\/suryn.pl\/index.php\/strona-134-i-135\/\">Nast\u0119pna<\/a><\/p>\n","protected":false},"excerpt":{"rendered":"<p>Wrzesie\u0144 84 Zapali\u0142 fajk\u0119, \u0142ypn\u0105\u0142 na ksi\u0105\u017cki, na \u015bwietne tytu\u0142y, obiecanki-cacanki. Zapragn\u0105\u0142 w tej chwili by\u0107 wtajemniczonym po uszy w labirynty algebry, w figury geometrii. Ale c\u00f3\u017c, cwany tygrys \u015bwiadomo\u015bci przeskoczy\u0142 to dawno zgrabnie jednym susem. I sta\u0142 tam na polanie, w pomara\u0144czowej plamie, bij\u0105c ogonem po pasiastych bokach. Dalej\u017ce, dalej\u017ce &#8211; zbywaj, rezygnuj, szczuj, nie \u017ca\u0142uj! Zm\u0119czenie 11.10.88: Miasta &#8230;<\/p>\n","protected":false},"author":1,"featured_media":0,"parent":0,"menu_order":0,"comment_status":"closed","ping_status":"closed","template":"","meta":{"footnotes":""},"class_list":["post-515","page","type-page","status-publish","hentry"],"_links":{"self":[{"href":"http:\/\/suryn.pl\/index.php\/wp-json\/wp\/v2\/pages\/515","targetHints":{"allow":["GET"]}}],"collection":[{"href":"http:\/\/suryn.pl\/index.php\/wp-json\/wp\/v2\/pages"}],"about":[{"href":"http:\/\/suryn.pl\/index.php\/wp-json\/wp\/v2\/types\/page"}],"author":[{"embeddable":true,"href":"http:\/\/suryn.pl\/index.php\/wp-json\/wp\/v2\/users\/1"}],"replies":[{"embeddable":true,"href":"http:\/\/suryn.pl\/index.php\/wp-json\/wp\/v2\/comments?post=515"}],"version-history":[{"count":4,"href":"http:\/\/suryn.pl\/index.php\/wp-json\/wp\/v2\/pages\/515\/revisions"}],"predecessor-version":[{"id":1197,"href":"http:\/\/suryn.pl\/index.php\/wp-json\/wp\/v2\/pages\/515\/revisions\/1197"}],"wp:attachment":[{"href":"http:\/\/suryn.pl\/index.php\/wp-json\/wp\/v2\/media?parent=515"}],"curies":[{"name":"wp","href":"https:\/\/api.w.org\/{rel}","templated":true}]}}