{"id":511,"date":"2021-05-19T10:33:22","date_gmt":"2021-05-19T08:33:22","guid":{"rendered":"http:\/\/suryn.pl\/?page_id=511"},"modified":"2021-05-21T15:35:12","modified_gmt":"2021-05-21T13:35:12","slug":"strona-130-i-131","status":"publish","type":"page","link":"http:\/\/suryn.pl\/index.php\/strona-130-i-131\/","title":{"rendered":"Strona 130 i 131"},"content":{"rendered":"\n<pre class=\"wp-block-verse\" style=\"font-size:17px\"><strong>alegorie<\/strong>\nmimo \u017ce niemo\u017cliwe\n\u0142\u0105cz\u0105 ziemi\u0119 z niebem\nwi\u0119c b\u0105d\u017a spokojny\ni pami\u0119taj, \u017ce ka\u017cda sytuacja\npie\u015bci swoj\u0105 przeciwno\u015b\u0107\n\n<\/pre>\n\n\n\n<div style=\"height:364px\" aria-hidden=\"true\" class=\"wp-block-spacer\"><\/div>\n\n\n\n<pre class=\"wp-block-verse\" style=\"font-size:17px\"><strong>***<\/strong>\none s\u0105 tam gdzie dzie\u0144 si\u0119 ko\u0144czy\nmi\u0119dzy lud\u017ami, traw\u0105 a zwierz\u0119tami\nlekkie maj\u0105 ubranka\noczy jak pasikonik\ni g\u0142osik \u0142askotliwy\nzwo\u0142uj\u0105 si\u0119 w porze\npierwszych kropel rosy\nprzemykaj\u0105 bystro mi\u0119dzy szczawiem, tymiank\u0105 a p\u0142otami\nmy\u015bl\u0119, \u017ce strzeg\u0105 tej sytej chwili\nk\u0105pieli s\u0142o\u0144ca\ni spuszczania zas\u0142on wieczoru\njest ich niewiele\ni jakby ostatnio smutniejsze\nten je zobaczy\nkto ma du\u017co czasu\nby boso na \u0142\u0105ce\nsiebie zapomnie\u0107\n\n<\/pre>\n\n\n\n<p class=\"has-text-align-right\"><a href=\"http:\/\/suryn.pl\/index.php\/strona-128-i-129\/\" data-type=\"URL\" data-id=\"http:\/\/suryn.pl\/index.php\/strona-128-i-129\/\">Poprzednia<\/a>&nbsp; <a href=\"http:\/\/suryn.pl\/index.php\/strona-132-i-133\/\" data-type=\"URL\" data-id=\"http:\/\/suryn.pl\/index.php\/strona-132-i-133\/\">Nast\u0119pna<\/a><\/p>\n","protected":false},"excerpt":{"rendered":"<p>alegorie mimo \u017ce niemo\u017cliwe \u0142\u0105cz\u0105 ziemi\u0119 z niebem wi\u0119c b\u0105d\u017a spokojny i pami\u0119taj, \u017ce ka\u017cda sytuacja pie\u015bci swoj\u0105 przeciwno\u015b\u0107 *** one s\u0105 tam gdzie dzie\u0144 si\u0119 ko\u0144czy mi\u0119dzy lud\u017ami, traw\u0105 a zwierz\u0119tami lekkie maj\u0105 ubranka oczy jak pasikonik i g\u0142osik \u0142askotliwy zwo\u0142uj\u0105 si\u0119 w porze pierwszych kropel rosy przemykaj\u0105 bystro mi\u0119dzy szczawiem, tymiank\u0105 a p\u0142otami my\u015bl\u0119, \u017ce strzeg\u0105 tej sytej &#8230;<\/p>\n","protected":false},"author":1,"featured_media":0,"parent":0,"menu_order":0,"comment_status":"closed","ping_status":"closed","template":"","meta":{"footnotes":""},"class_list":["post-511","page","type-page","status-publish","hentry"],"_links":{"self":[{"href":"http:\/\/suryn.pl\/index.php\/wp-json\/wp\/v2\/pages\/511","targetHints":{"allow":["GET"]}}],"collection":[{"href":"http:\/\/suryn.pl\/index.php\/wp-json\/wp\/v2\/pages"}],"about":[{"href":"http:\/\/suryn.pl\/index.php\/wp-json\/wp\/v2\/types\/page"}],"author":[{"embeddable":true,"href":"http:\/\/suryn.pl\/index.php\/wp-json\/wp\/v2\/users\/1"}],"replies":[{"embeddable":true,"href":"http:\/\/suryn.pl\/index.php\/wp-json\/wp\/v2\/comments?post=511"}],"version-history":[{"count":11,"href":"http:\/\/suryn.pl\/index.php\/wp-json\/wp\/v2\/pages\/511\/revisions"}],"predecessor-version":[{"id":1518,"href":"http:\/\/suryn.pl\/index.php\/wp-json\/wp\/v2\/pages\/511\/revisions\/1518"}],"wp:attachment":[{"href":"http:\/\/suryn.pl\/index.php\/wp-json\/wp\/v2\/media?parent=511"}],"curies":[{"name":"wp","href":"https:\/\/api.w.org\/{rel}","templated":true}]}}