{"id":502,"date":"2021-05-19T10:29:13","date_gmt":"2021-05-19T08:29:13","guid":{"rendered":"http:\/\/suryn.pl\/?page_id=502"},"modified":"2021-05-20T19:27:01","modified_gmt":"2021-05-20T17:27:01","slug":"strona-126-i-127","status":"publish","type":"page","link":"http:\/\/suryn.pl\/index.php\/strona-126-i-127\/","title":{"rendered":"Strona 126 i 127"},"content":{"rendered":"\n<pre class=\"wp-block-verse\" style=\"font-size:17px\"><strong>by w ornamentach pytania zagubi\u0107<\/strong>\ntwoje lekko duszne pomys\u0142y milordzie\nprzywracaj\u0105 mi nadziej\u0119\npos\u0142uchaj Mircea\ni wy, kt\u00f3rzy mi\u0119dzy palcami\nin flagranti \u015bwiat \u0142apiecie\npom\u00f3\u017ccie, by moje czuwanie\nkszta\u0142tem si\u0119 sta\u0142o\na ka\u017cdy ruch chwa\u0142\u0105 Najwy\u017cszego<\/pre>\n\n\n\n<div style=\"height:138px\" aria-hidden=\"true\" class=\"wp-block-spacer\"><\/div>\n\n\n\n<pre class=\"wp-block-verse\" style=\"font-size:17px\"><strong>***<\/strong>\npoci\u0105g przejecha\u0142\nwiatr w ogrodzie\nmotyle maj\u0105 swoje sprawy\nwszystko to skutki, efekty\ninaczej wygl\u0105da ta sama banalna chwila\ngdy zostanie o\u015bwietlona Bogiem\n\u017cycie nabiera mocy\na moc zaczyna mie\u0107 kierunek<\/pre>\n\n\n\n<p><\/p>\n\n\n\n<p class=\"has-text-align-right\"><a href=\"http:\/\/suryn.pl\/index.php\/strona-124-i-125\/\" data-type=\"URL\" data-id=\"http:\/\/suryn.pl\/index.php\/strona-124-i-125\/\">Poprzednia<\/a>&nbsp; <a href=\"http:\/\/suryn.pl\/index.php\/strona-128-i-129\/\" data-type=\"URL\" data-id=\"http:\/\/suryn.pl\/index.php\/strona-128-i-129\/\">Nast\u0119pna<\/a><\/p>\n\n\n\n<div style=\"height:100px\" aria-hidden=\"true\" class=\"wp-block-spacer\"><\/div>\n","protected":false},"excerpt":{"rendered":"<p>by w ornamentach pytania zagubi\u0107 twoje lekko duszne pomys\u0142y milordzie przywracaj\u0105 mi nadziej\u0119 pos\u0142uchaj Mircea i wy, kt\u00f3rzy mi\u0119dzy palcami in flagranti \u015bwiat \u0142apiecie pom\u00f3\u017ccie, by moje czuwanie kszta\u0142tem si\u0119 sta\u0142o a ka\u017cdy ruch chwa\u0142\u0105 Najwy\u017cszego *** poci\u0105g przejecha\u0142 wiatr w ogrodzie motyle maj\u0105 swoje sprawy wszystko to skutki, efekty inaczej wygl\u0105da ta sama banalna chwila gdy zostanie o\u015bwietlona Bogiem &#8230;<\/p>\n","protected":false},"author":1,"featured_media":0,"parent":0,"menu_order":0,"comment_status":"closed","ping_status":"closed","template":"","meta":{"footnotes":""},"class_list":["post-502","page","type-page","status-publish","hentry"],"_links":{"self":[{"href":"http:\/\/suryn.pl\/index.php\/wp-json\/wp\/v2\/pages\/502","targetHints":{"allow":["GET"]}}],"collection":[{"href":"http:\/\/suryn.pl\/index.php\/wp-json\/wp\/v2\/pages"}],"about":[{"href":"http:\/\/suryn.pl\/index.php\/wp-json\/wp\/v2\/types\/page"}],"author":[{"embeddable":true,"href":"http:\/\/suryn.pl\/index.php\/wp-json\/wp\/v2\/users\/1"}],"replies":[{"embeddable":true,"href":"http:\/\/suryn.pl\/index.php\/wp-json\/wp\/v2\/comments?post=502"}],"version-history":[{"count":5,"href":"http:\/\/suryn.pl\/index.php\/wp-json\/wp\/v2\/pages\/502\/revisions"}],"predecessor-version":[{"id":1189,"href":"http:\/\/suryn.pl\/index.php\/wp-json\/wp\/v2\/pages\/502\/revisions\/1189"}],"wp:attachment":[{"href":"http:\/\/suryn.pl\/index.php\/wp-json\/wp\/v2\/media?parent=502"}],"curies":[{"name":"wp","href":"https:\/\/api.w.org\/{rel}","templated":true}]}}