{"id":500,"date":"2021-05-19T10:26:34","date_gmt":"2021-05-19T08:26:34","guid":{"rendered":"http:\/\/suryn.pl\/?page_id=500"},"modified":"2021-05-21T15:34:07","modified_gmt":"2021-05-21T13:34:07","slug":"strona-124-i-125","status":"publish","type":"page","link":"http:\/\/suryn.pl\/index.php\/strona-124-i-125\/","title":{"rendered":"Strona 124 i 125"},"content":{"rendered":"\n<pre class=\"wp-block-verse\" style=\"font-size:17px\"><strong>***<\/strong>\ns\u0142uga i pan \u015bpi\u0105\nwi\u0119c kim jest ten\nkt\u00f3ry czuwa?<\/pre>\n\n\n\n<p><\/p>\n\n\n\n<div style=\"height:51px\" aria-hidden=\"true\" class=\"wp-block-spacer\"><\/div>\n\n\n\n<pre class=\"wp-block-verse\" style=\"font-size:17px\"><strong>mistrz nigdy nie \u015bpi<\/strong>\nmijaj\u0105 sezony\nzmieniaj\u0105 si\u0119 formy\nmi\u0119dzy mn\u0105 a mn\u0105\nszyba \u015bwiata coraz cie\u0144\u017csza<\/pre>\n\n\n\n<p class=\"has-text-align-right\"><a href=\"http:\/\/suryn.pl\/index.php\/strona-122-i-123\/\" data-type=\"URL\" data-id=\"http:\/\/suryn.pl\/index.php\/strona-122-i-123\/\">Poprzednia<\/a>&nbsp; <a href=\"http:\/\/suryn.pl\/index.php\/strona-126-i-127\/\" data-type=\"URL\" data-id=\"http:\/\/suryn.pl\/index.php\/strona-126-i-127\/\">Nast\u0119pna<\/a><\/p>\n","protected":false},"excerpt":{"rendered":"<p>*** s\u0142uga i pan \u015bpi\u0105 wi\u0119c kim jest ten kt\u00f3ry czuwa? mistrz nigdy nie \u015bpi mijaj\u0105 sezony zmieniaj\u0105 si\u0119 formy mi\u0119dzy mn\u0105 a mn\u0105 szyba \u015bwiata coraz cie\u0144\u017csza Poprzednia&nbsp; Nast\u0119pna<\/p>\n","protected":false},"author":1,"featured_media":0,"parent":0,"menu_order":0,"comment_status":"closed","ping_status":"closed","template":"","meta":{"footnotes":""},"class_list":["post-500","page","type-page","status-publish","hentry"],"_links":{"self":[{"href":"http:\/\/suryn.pl\/index.php\/wp-json\/wp\/v2\/pages\/500","targetHints":{"allow":["GET"]}}],"collection":[{"href":"http:\/\/suryn.pl\/index.php\/wp-json\/wp\/v2\/pages"}],"about":[{"href":"http:\/\/suryn.pl\/index.php\/wp-json\/wp\/v2\/types\/page"}],"author":[{"embeddable":true,"href":"http:\/\/suryn.pl\/index.php\/wp-json\/wp\/v2\/users\/1"}],"replies":[{"embeddable":true,"href":"http:\/\/suryn.pl\/index.php\/wp-json\/wp\/v2\/comments?post=500"}],"version-history":[{"count":4,"href":"http:\/\/suryn.pl\/index.php\/wp-json\/wp\/v2\/pages\/500\/revisions"}],"predecessor-version":[{"id":1513,"href":"http:\/\/suryn.pl\/index.php\/wp-json\/wp\/v2\/pages\/500\/revisions\/1513"}],"wp:attachment":[{"href":"http:\/\/suryn.pl\/index.php\/wp-json\/wp\/v2\/media?parent=500"}],"curies":[{"name":"wp","href":"https:\/\/api.w.org\/{rel}","templated":true}]}}