{"id":498,"date":"2021-05-19T10:25:10","date_gmt":"2021-05-19T08:25:10","guid":{"rendered":"http:\/\/suryn.pl\/?page_id=498"},"modified":"2021-05-21T15:33:42","modified_gmt":"2021-05-21T13:33:42","slug":"strona-122-i-123","status":"publish","type":"page","link":"http:\/\/suryn.pl\/index.php\/strona-122-i-123\/","title":{"rendered":"Strona 122 i 123"},"content":{"rendered":"\n<pre class=\"wp-block-verse\" style=\"font-size:17px\"><strong>***<\/strong>\nobudzi\u0142em si\u0119 w \u015brodku nocy\nz papug\u0105 w sercu\nordynarne zwierz\u0119\nw tym \u015bwi\u0119tym miejscu\ni ten l\u0119k o reszt\u0119 my\u015bli\ni ten b\u00f3l o reszt\u0119 cia\u0142a\ngdzie powiniene\u015b by\u0107 cz\u0142owieku\nmo\u017ce w Syberiach\nlub w biurach astralnych\na mo\u017ce w innym niepokoju\nnieprzyjemnie jest budzi\u0107 si\u0119\nz papug\u0105 w sercu<\/pre>\n\n\n\n<div style=\"height:80px\" aria-hidden=\"true\" class=\"wp-block-spacer\"><\/div>\n\n\n\n<pre class=\"wp-block-verse\" style=\"font-size:17px\"><strong>Niechaj duch poprzedza cia\u0142o<\/strong>\n&nbsp;&nbsp;&nbsp;&nbsp;&nbsp;&nbsp;&nbsp;&nbsp;&nbsp;&nbsp;&nbsp;&nbsp;<em>pa\u017adziernik 84<\/em>\nStr\u00f3\u017c prawdy jedynej - on to pilnuje ciebie i nie pozwala by\u015b wlaz\u0142 w co\u015b, co nie jest twoje. To \u017ce tak si\u0119 odbijasz od tego \u015bwiata, to dobrze o tobie \u015bwiadczy. Karma twoja czu\u0142a, tw\u00f3j zamiar wysoki, a okoliczno\u015bci plugawe. O \u015bwiadomo\u015bci krysztale przeczysty, wszystko co najlepsze i niedosi\u0119\u017cne - cho\u0107by\u015b \u015bwiat zagubi\u0142, to\u015b b\u0142ogos\u0142awiony. Niech ci\u0119 nie zwodz\u0105 pozory ani spok\u00f3j, bo Szatan podsuwa nam ca\u0142kiem przyjemne, ba - charyzmatyczne uczucia, wyrafinowane, godne epoki. Tote\u017c przestrzegam: zg\u0142\u0119biaj przyczyny, a skutki oka\u017c\u0105 czy\u015b si\u0119 nie myli\u0142. Czuwaj i oddychaj!\n&nbsp;\n<\/pre>\n\n\n\n<p class=\"has-text-align-right\"><a href=\"http:\/\/suryn.pl\/index.php\/strona-120-i-121\/\" data-type=\"URL\" data-id=\"http:\/\/suryn.pl\/index.php\/strona-120-i-121\/\">Poprzednia<\/a>&nbsp; <a href=\"http:\/\/suryn.pl\/index.php\/strona-124-i-125\/\" data-type=\"URL\" data-id=\"http:\/\/suryn.pl\/index.php\/strona-124-i-125\/\">Nast\u0119pna<\/a><\/p>\n","protected":false},"excerpt":{"rendered":"<p>*** obudzi\u0142em si\u0119 w \u015brodku nocy z papug\u0105 w sercu ordynarne zwierz\u0119 w tym \u015bwi\u0119tym miejscu i ten l\u0119k o reszt\u0119 my\u015bli i ten b\u00f3l o reszt\u0119 cia\u0142a gdzie powiniene\u015b by\u0107 cz\u0142owieku mo\u017ce w Syberiach lub w biurach astralnych a mo\u017ce w innym niepokoju nieprzyjemnie jest budzi\u0107 si\u0119 z papug\u0105 w sercu Niechaj duch poprzedza cia\u0142o &nbsp;&nbsp;&nbsp;&nbsp;&nbsp;&nbsp;&nbsp;&nbsp;&nbsp;&nbsp;&nbsp;&nbsp;pa\u017adziernik 84 Str\u00f3\u017c prawdy &#8230;<\/p>\n","protected":false},"author":1,"featured_media":0,"parent":0,"menu_order":0,"comment_status":"closed","ping_status":"closed","template":"","meta":{"footnotes":""},"class_list":["post-498","page","type-page","status-publish","hentry"],"_links":{"self":[{"href":"http:\/\/suryn.pl\/index.php\/wp-json\/wp\/v2\/pages\/498","targetHints":{"allow":["GET"]}}],"collection":[{"href":"http:\/\/suryn.pl\/index.php\/wp-json\/wp\/v2\/pages"}],"about":[{"href":"http:\/\/suryn.pl\/index.php\/wp-json\/wp\/v2\/types\/page"}],"author":[{"embeddable":true,"href":"http:\/\/suryn.pl\/index.php\/wp-json\/wp\/v2\/users\/1"}],"replies":[{"embeddable":true,"href":"http:\/\/suryn.pl\/index.php\/wp-json\/wp\/v2\/comments?post=498"}],"version-history":[{"count":4,"href":"http:\/\/suryn.pl\/index.php\/wp-json\/wp\/v2\/pages\/498\/revisions"}],"predecessor-version":[{"id":1511,"href":"http:\/\/suryn.pl\/index.php\/wp-json\/wp\/v2\/pages\/498\/revisions\/1511"}],"wp:attachment":[{"href":"http:\/\/suryn.pl\/index.php\/wp-json\/wp\/v2\/media?parent=498"}],"curies":[{"name":"wp","href":"https:\/\/api.w.org\/{rel}","templated":true}]}}