{"id":495,"date":"2021-05-19T10:23:49","date_gmt":"2021-05-19T08:23:49","guid":{"rendered":"http:\/\/suryn.pl\/?page_id=495"},"modified":"2021-05-21T15:33:17","modified_gmt":"2021-05-21T13:33:17","slug":"strona-120-i-121","status":"publish","type":"page","link":"http:\/\/suryn.pl\/index.php\/strona-120-i-121\/","title":{"rendered":"Strona 120 i 121"},"content":{"rendered":"\n<pre class=\"wp-block-verse\" style=\"font-size:17px\"><strong>***<\/strong>\nznasz ten czas\nciemnej planety\nsn\u00f3w straszliwie zm\u0119czonych\nptak\u00f3w okaleczonych\nprzegrane ostatnie fortece\nosobno jeste\u015bcie\n&nbsp;&nbsp;&nbsp;&nbsp;&nbsp;&nbsp;&nbsp;&nbsp;&nbsp;&nbsp;&nbsp;&nbsp;a\u017c serce ciasne\n&nbsp;&nbsp;&nbsp;&nbsp;&nbsp;&nbsp;&nbsp;&nbsp;&nbsp;&nbsp;&nbsp;&nbsp;ty\u0142em\n&nbsp;&nbsp;&nbsp;&nbsp;&nbsp;&nbsp;&nbsp;&nbsp;&nbsp;&nbsp;&nbsp;&nbsp;w doliny strachu\n&nbsp;&nbsp;&nbsp;&nbsp;&nbsp;&nbsp;&nbsp;&nbsp;&nbsp;&nbsp;&nbsp;&nbsp;zbieganie\nty za\u015b po dekalogach\nz portretem kt\u00f3rej\u015b matki\nboskiej\nna\njasn\u0105 polan\u0119<\/pre>\n\n\n\n<pre class=\"wp-block-verse\" style=\"font-size:17px\">\n\n<strong>***<\/strong>\nczysty umys\u0142? - nie wiem\nwiele si\u0119 zdarzy\u0142o w roku Smoka\na jeszcze wi\u0119cej si\u0119 przydarzy\nsianokosy uda\u0142y si\u0119 wybornie\npoci\u0105gi sp\u00f3\u017aniaj\u0105 si\u0119 w miar\u0119\nmoja niewiedza jest uczciwa\nm\u00f3j oddech coraz spokojniejszy\na m\u00f3j umys\u0142?\nm\u00f3j umys\u0142?\nkto pyta?<\/pre>\n\n\n\n<p class=\"has-text-align-right\"><a href=\"http:\/\/suryn.pl\/index.php\/strona-118-i-119\/\" data-type=\"URL\" data-id=\"http:\/\/suryn.pl\/index.php\/strona-118-i-119\/\">Poprzednia<\/a>&nbsp; <a href=\"http:\/\/suryn.pl\/index.php\/strona-122-i-123\/\" data-type=\"URL\" data-id=\"http:\/\/suryn.pl\/index.php\/strona-122-i-123\/\">Nast\u0119pna<\/a><\/p>\n\n\n\n<div style=\"height:100px\" aria-hidden=\"true\" class=\"wp-block-spacer\"><\/div>\n","protected":false},"excerpt":{"rendered":"<p>*** znasz ten czas ciemnej planety sn\u00f3w straszliwie zm\u0119czonych ptak\u00f3w okaleczonych przegrane ostatnie fortece osobno jeste\u015bcie &nbsp;&nbsp;&nbsp;&nbsp;&nbsp;&nbsp;&nbsp;&nbsp;&nbsp;&nbsp;&nbsp;&nbsp;a\u017c serce ciasne &nbsp;&nbsp;&nbsp;&nbsp;&nbsp;&nbsp;&nbsp;&nbsp;&nbsp;&nbsp;&nbsp;&nbsp;ty\u0142em &nbsp;&nbsp;&nbsp;&nbsp;&nbsp;&nbsp;&nbsp;&nbsp;&nbsp;&nbsp;&nbsp;&nbsp;w doliny strachu &nbsp;&nbsp;&nbsp;&nbsp;&nbsp;&nbsp;&nbsp;&nbsp;&nbsp;&nbsp;&nbsp;&nbsp;zbieganie ty za\u015b po dekalogach z portretem kt\u00f3rej\u015b matki boskiej na jasn\u0105 polan\u0119 *** czysty umys\u0142? &#8211; nie wiem wiele si\u0119 zdarzy\u0142o w roku Smoka a jeszcze wi\u0119cej si\u0119 przydarzy sianokosy uda\u0142y si\u0119 wybornie poci\u0105gi sp\u00f3\u017aniaj\u0105 si\u0119 &#8230;<\/p>\n","protected":false},"author":1,"featured_media":0,"parent":0,"menu_order":0,"comment_status":"closed","ping_status":"closed","template":"","meta":{"footnotes":""},"class_list":["post-495","page","type-page","status-publish","hentry"],"_links":{"self":[{"href":"http:\/\/suryn.pl\/index.php\/wp-json\/wp\/v2\/pages\/495","targetHints":{"allow":["GET"]}}],"collection":[{"href":"http:\/\/suryn.pl\/index.php\/wp-json\/wp\/v2\/pages"}],"about":[{"href":"http:\/\/suryn.pl\/index.php\/wp-json\/wp\/v2\/types\/page"}],"author":[{"embeddable":true,"href":"http:\/\/suryn.pl\/index.php\/wp-json\/wp\/v2\/users\/1"}],"replies":[{"embeddable":true,"href":"http:\/\/suryn.pl\/index.php\/wp-json\/wp\/v2\/comments?post=495"}],"version-history":[{"count":5,"href":"http:\/\/suryn.pl\/index.php\/wp-json\/wp\/v2\/pages\/495\/revisions"}],"predecessor-version":[{"id":1509,"href":"http:\/\/suryn.pl\/index.php\/wp-json\/wp\/v2\/pages\/495\/revisions\/1509"}],"wp:attachment":[{"href":"http:\/\/suryn.pl\/index.php\/wp-json\/wp\/v2\/media?parent=495"}],"curies":[{"name":"wp","href":"https:\/\/api.w.org\/{rel}","templated":true}]}}