{"id":479,"date":"2021-05-19T10:18:24","date_gmt":"2021-05-19T08:18:24","guid":{"rendered":"http:\/\/suryn.pl\/?page_id=479"},"modified":"2021-05-21T15:32:27","modified_gmt":"2021-05-21T13:32:27","slug":"strona-116-i-117","status":"publish","type":"page","link":"http:\/\/suryn.pl\/index.php\/strona-116-i-117\/","title":{"rendered":"Strona 116 i 117"},"content":{"rendered":"\n<pre class=\"wp-block-verse\" style=\"font-size:17px\"><strong>***<\/strong>\njest mo\u017ce trzech ludzi\ndzi\u0119ki kt\u00f3rym \u015bwiat istnieje\n\u015bwiat\u0142o, wr\u00f3bel i my\u015bl poranna\nm\u00f3wi\u0105: idzie po drodze\na ja frun\u0119 na oklep\nsypi\u0119 dzieciom gorzkie cukierki\nnoc\u0105 przepisuj\u0119 sny w ogrodzie\ni nie ma mnie w \u017cadnym mie\u015bcie<\/pre>\n\n\n\n<div style=\"height:67px\" aria-hidden=\"true\" class=\"wp-block-spacer\"><\/div>\n\n\n\n<pre class=\"wp-block-verse\" style=\"font-size:17px\"><strong>dzikie koty i dzikie ogrody<\/strong>\nach! ogrody maj\u0105 sen tysi\u0105cletni\ni sprawy kt\u00f3re rozwi\u0105zuje ziemia\nkiedy s\u0142o\u0144ce pryska na bluszcz\ni akacje\nprzychodz\u0105 tak\u017ce dzikie koty<\/pre>\n\n\n\n<p class=\"has-text-align-right\"><a href=\"http:\/\/suryn.pl\/index.php\/strona-114-i-115\/\" data-type=\"URL\" data-id=\"http:\/\/suryn.pl\/index.php\/strona-114-i-115\/\">Poprzednia<\/a>\u00a0 <a href=\"http:\/\/suryn.pl\/index.php\/strona-118-i-119\/\" data-type=\"URL\" data-id=\"http:\/\/suryn.pl\/index.php\/strona-118-i-119\/\">Nast\u0119pna<\/a><\/p>\n\n\n\n<div style=\"height:122px\" aria-hidden=\"true\" class=\"wp-block-spacer\"><\/div>\n","protected":false},"excerpt":{"rendered":"<p>*** jest mo\u017ce trzech ludzi dzi\u0119ki kt\u00f3rym \u015bwiat istnieje \u015bwiat\u0142o, wr\u00f3bel i my\u015bl poranna m\u00f3wi\u0105: idzie po drodze a ja frun\u0119 na oklep sypi\u0119 dzieciom gorzkie cukierki noc\u0105 przepisuj\u0119 sny w ogrodzie i nie ma mnie w \u017cadnym mie\u015bcie dzikie koty i dzikie ogrody ach! ogrody maj\u0105 sen tysi\u0105cletni i sprawy kt\u00f3re rozwi\u0105zuje ziemia kiedy s\u0142o\u0144ce pryska na bluszcz i &#8230;<\/p>\n","protected":false},"author":1,"featured_media":0,"parent":0,"menu_order":0,"comment_status":"closed","ping_status":"closed","template":"","meta":{"footnotes":""},"class_list":["post-479","page","type-page","status-publish","hentry"],"_links":{"self":[{"href":"http:\/\/suryn.pl\/index.php\/wp-json\/wp\/v2\/pages\/479","targetHints":{"allow":["GET"]}}],"collection":[{"href":"http:\/\/suryn.pl\/index.php\/wp-json\/wp\/v2\/pages"}],"about":[{"href":"http:\/\/suryn.pl\/index.php\/wp-json\/wp\/v2\/types\/page"}],"author":[{"embeddable":true,"href":"http:\/\/suryn.pl\/index.php\/wp-json\/wp\/v2\/users\/1"}],"replies":[{"embeddable":true,"href":"http:\/\/suryn.pl\/index.php\/wp-json\/wp\/v2\/comments?post=479"}],"version-history":[{"count":5,"href":"http:\/\/suryn.pl\/index.php\/wp-json\/wp\/v2\/pages\/479\/revisions"}],"predecessor-version":[{"id":1507,"href":"http:\/\/suryn.pl\/index.php\/wp-json\/wp\/v2\/pages\/479\/revisions\/1507"}],"wp:attachment":[{"href":"http:\/\/suryn.pl\/index.php\/wp-json\/wp\/v2\/media?parent=479"}],"curies":[{"name":"wp","href":"https:\/\/api.w.org\/{rel}","templated":true}]}}